{"id":358,"date":"2021-02-18T20:00:05","date_gmt":"2021-02-18T20:00:05","guid":{"rendered":"\/?post_type=product&#038;p=358"},"modified":"2024-09-24T11:08:37","modified_gmt":"2024-09-24T10:08:37","slug":"silber-kerzenstaender-5-armig-mieten","status":"publish","type":"product","link":"https:\/\/alicedesign4you.de\/shop\/product\/silber-kerzenstaender-5-armig-mieten\/","title":{"rendered":"Silber Kerzenst\u00e4nder 5-armig 40 cm"},"content":{"rendered":"<h2><strong>Silber Kerzenst\u00e4nder zum Mieten<\/strong><\/h2>\n<p>Kerzenst\u00e4nder silber mieten<\/p>\n<p>H\u00f6he mit Glasaufsatz: 48 cm,<br \/>\nH\u00f6he ohne Glasaufsatz: 40 cm,<br \/>\nBreite: 30 cm<\/p>\n<p>Kerzenst\u00e4nder, Glasaufsatz, Krystallkette und Teelichter inklusive<\/p>\n<p>Blumenschmuck und weitere abgebildeten Dekoartikel sind NICHT im Mietpreis enthalten.<\/p>\n<ul>\n<li>Artikel muss im \u00fcbergebenen Zustand zur\u00fcck gegeben werden.<\/li>\n<li>Dieser Mietartikel darf NICHT ohne Windgl\u00e4ser und nur mit Teelichtkerzen, verwendet werden!<\/li>\n<li>Bei \u00fcberm\u00e4\u00dfigen Wachsflecken am Kerzenst\u00e4nder sind wir berechtigt ab 3,99 \u20ac f\u00fcr die Sonderreinigung in Rechnung zu stellen.<\/li>\n<li>Bei Besch\u00e4digung oder Verlust, ist ein Preis von 50 Euro zu erstatten.<\/li>\n<li>Die Mietdauer betr\u00e4gt 4 Tage.<\/li>\n<\/ul>\n<h2>R\u00fcckgabebedingungen<\/h2>\r\n<ul>\r\n \t<li>Der Artikel ist in dem Zustand wie zur Waren\u00fcbergabe nach der Mietdauer zur\u00fcck zu geben.<\/li>\r\n \t<li>Bitte \u00fcberpr\u00fcfen Sie unsere Ware umgehend. Alle Reklamationen, die sp\u00e4ter als 24 Stunden nach Erhalt\u00a0eintreffen, werden nicht akzeptiert.<\/li>\r\n \t<li>Bei Brandl\u00f6cher, Risse, Kerzenwachs und anderen Besch\u00e4digungen behalten wir uns das Recht vor dieses in Rechnung zu stellen bzw. den Widerbeschaffungspreis zu berechnen.<\/li>\r\n<\/ul>\r\n<h2>Versandinformationen<\/h2>\r\n<ul>\r\n \t<li>Abholung in M\u00fchldorf am Inn 84453<\/li>\r\n \t<li>Lieferung nach Absprache m\u00f6glich (Anfrage per WhatsApp 015120649803)<\/li>\r\n<\/ul>\n<p>&nbsp;<\/p>\n<p>Dekoration des G\u00e4stetisches stimmt mit der Hauptthema der Feier \u00fcberein, sodass seine Elemente das ganze Bild erg\u00e4nzen. Die Kleinigkeiten spielen dabei eine gro\u00dfe Rolle, deswegen ist es wichtig solche Sachen wie Servietten, Geschirr, Bedienung, Farbschema, Dekorationselemente und nat\u00fcrlich die Einladungen genauer unter die Lupe zu nehmen.<\/p>\n<h4>Eine sch\u00f6ne Tischdeko geh\u00f6rt zu einer Hochzeit nat\u00fcrlich dazu.\u00a0<img decoding=\"async\" class=\"emoji\" role=\"img\" draggable=\"false\" src=\"https:\/\/s.w.org\/images\/core\/emoji\/13.0.1\/svg\/1f942.svg\" alt=\"\" \/><img decoding=\"async\" class=\"emoji\" role=\"img\" draggable=\"false\" src=\"https:\/\/s.w.org\/images\/core\/emoji\/13.0.1\/svg\/1f37d.svg\" alt=\"\" \/><img decoding=\"async\" class=\"emoji\" role=\"img\" draggable=\"false\" src=\"https:\/\/s.w.org\/images\/core\/emoji\/13.0.1\/svg\/1f942.svg\" alt=\"\" \/><\/h4>\n<p>\u2800<br \/>\n<img decoding=\"async\" class=\"emoji\" role=\"img\" draggable=\"false\" src=\"https:\/\/s.w.org\/images\/core\/emoji\/13.0.1\/svg\/1f64b-200d-2640-fe0f.svg\" alt=\"\u200d\u2640\ufe0f\" \/>Jeder w\u00fcnscht sich festlich gedeckte Tische, die zur Hochzeit passen. Dabei sollte man jedoch darauf achten, dass die Tische niemals zu \u00fcberladen wirken. Weniger ist daher meist mehr. Die G\u00e4ste sind dankbar, wenn sie zwar einen sch\u00f6nen Tisch haben und dennoch genug Platz zum Essen haben.<img decoding=\"async\" class=\"emoji\" role=\"img\" draggable=\"false\" src=\"https:\/\/s.w.org\/images\/core\/emoji\/13.0.1\/svg\/1f37d.svg\" alt=\"\" \/><img decoding=\"async\" class=\"emoji\" role=\"img\" draggable=\"false\" src=\"https:\/\/s.w.org\/images\/core\/emoji\/13.0.1\/svg\/1f942.svg\" alt=\"\" \/><img decoding=\"async\" class=\"emoji\" role=\"img\" draggable=\"false\" src=\"https:\/\/s.w.org\/images\/core\/emoji\/13.0.1\/svg\/1f44d.svg\" alt=\"\" \/><br \/>\n\u2800<br \/>\nWas auf jeden Fall dabei sein soll:<br \/>\n<img decoding=\"async\" class=\"emoji\" role=\"img\" draggable=\"false\" src=\"https:\/\/s.w.org\/images\/core\/emoji\/13.0.1\/svg\/2733.svg\" alt=\"\u2733\ufe0f\" \/>Tischdecken<br \/>\n<img decoding=\"async\" class=\"emoji\" role=\"img\" draggable=\"false\" src=\"https:\/\/s.w.org\/images\/core\/emoji\/13.0.1\/svg\/2733.svg\" alt=\"\u2733\ufe0f\" \/>Servietten (im besten Fall aus Stoff)<br \/>\n<img decoding=\"async\" class=\"emoji\" role=\"img\" draggable=\"false\" src=\"https:\/\/s.w.org\/images\/core\/emoji\/13.0.1\/svg\/2733.svg\" alt=\"\u2733\ufe0f\" \/>Kerzen<br \/>\n<img decoding=\"async\" class=\"emoji\" role=\"img\" draggable=\"false\" src=\"https:\/\/s.w.org\/images\/core\/emoji\/13.0.1\/svg\/2733.svg\" alt=\"\u2733\ufe0f\" \/>Kerzenst\u00e4nder<br \/>\n<img decoding=\"async\" class=\"emoji\" role=\"img\" draggable=\"false\" src=\"https:\/\/s.w.org\/images\/core\/emoji\/13.0.1\/svg\/2733.svg\" alt=\"\u2733\ufe0f\" \/>Blumen<br \/>\n<img decoding=\"async\" class=\"emoji\" role=\"img\" draggable=\"false\" src=\"https:\/\/s.w.org\/images\/core\/emoji\/13.0.1\/svg\/2733.svg\" alt=\"\u2733\ufe0f\" \/>eventuell: Tischnummern, Men\u00fckarten, Platzkarten<br \/>\n<img decoding=\"async\" class=\"emoji\" role=\"img\" draggable=\"false\" src=\"https:\/\/s.w.org\/images\/core\/emoji\/13.0.1\/svg\/2733.svg\" alt=\"\u2733\ufe0f\" \/>eventuell: Streudeko<\/p>\n<p>\u00c4hnliche Artikeln: <a href=\"https:\/\/alicedesign4you.de\/shop\/product\/silber-kerzenstaender-keramik-gross-mieten\/\">Kerzenst\u00e4nder silber gro\u00df mieten raum M\u00fcnchen. Hochzeitsdeko (alicedesign4you.de)<\/a><\/p>\n<p><a href=\"https:\/\/www.instagram.com\/p\/BnZCP_SD89z\/\">Hochzeit Deko M\u00fcnchen &amp; Bayern (@hochzeitsdeko_bayern) \u2022 Instagram-Fotos und -Videos<\/a><\/p>\n","protected":false},"excerpt":{"rendered":"<p>H\u00f6he mit Glasaufsatz: 48 cm,<br \/>\nH\u00f6he ohne Glasaufsatz: 40 cm,<br \/>\nBreite: 30 cm<\/p>\n","protected":false},"featured_media":23462,"template":"","meta":{"inline_featured_image":false},"product_brand":[],"product_cat":[27],"product_tag":[],"class_list":{"0":"post-358","1":"product","2":"type-product","3":"status-publish","4":"has-post-thumbnail","6":"product_cat-kerzenstander","8":"first","9":"instock","10":"shipping-taxable","11":"purchasable","12":"product-type-simple"},"yoast_head":"<!-- This site is optimized with the Yoast SEO plugin v25.3.1 - https:\/\/yoast.com\/wordpress\/plugins\/seo\/ -->\n<title>Kerzenst\u00e4nder silber mieten 5-armig 40 cm. M\u00fcnchen<\/title>\n<meta name=\"description\" content=\"Kerzenst\u00e4nder silber mieten. Deko M\u00fcnchen mieten H\u00f6he mit Glasaufsatz: 48 cm, H\u00f6he ohne Glasaufsatz: 40 cm, Breite: 30 cm\" \/>\n<meta name=\"robots\" content=\"index, follow, max-snippet:-1, max-image-preview:large, max-video-preview:-1\" \/>\n<link rel=\"canonical\" href=\"https:\/\/alicedesign4you.de\/shop\/product\/silber-kerzenstaender-5-armig-mieten\/\" \/>\n<meta property=\"og:locale\" content=\"de_DE\" \/>\n<meta property=\"og:type\" content=\"article\" \/>\n<meta property=\"og:title\" content=\"Kerzenst\u00e4nder silber mieten 5-armig 40 cm. M\u00fcnchen\" \/>\n<meta property=\"og:description\" content=\"Kerzenst\u00e4nder silber mieten. Deko M\u00fcnchen mieten H\u00f6he mit Glasaufsatz: 48 cm, H\u00f6he ohne Glasaufsatz: 40 cm, Breite: 30 cm\" \/>\n<meta property=\"og:url\" content=\"https:\/\/alicedesign4you.de\/shop\/product\/silber-kerzenstaender-5-armig-mieten\/\" \/>\n<meta property=\"og:site_name\" content=\"Hochzeitsdeko M\u00fcnchen &amp; Floristik | Alice Design\" \/>\n<meta property=\"article:modified_time\" content=\"2024-09-24T10:08:37+00:00\" \/>\n<meta property=\"og:image\" content=\"https:\/\/alicedesign4you.de\/shop\/wp-content\/uploads\/2021\/02\/Silber-Kerzenstaender-5-armig-40-cm.png\" \/>\n\t<meta property=\"og:image:width\" content=\"300\" \/>\n\t<meta property=\"og:image:height\" content=\"450\" \/>\n\t<meta property=\"og:image:type\" content=\"image\/png\" \/>\n<meta name=\"twitter:card\" content=\"summary_large_image\" \/>\n<meta name=\"twitter:label1\" content=\"Gesch\u00e4tzte Lesezeit\" \/>\n\t<meta name=\"twitter:data1\" content=\"5\u00a0Minuten\" \/>\n<script type=\"application\/ld+json\" class=\"yoast-schema-graph\">{\"@context\":\"https:\/\/schema.org\",\"@graph\":[{\"@type\":\"WebPage\",\"@id\":\"https:\/\/alicedesign4you.de\/shop\/product\/silber-kerzenstaender-5-armig-mieten\/\",\"url\":\"https:\/\/alicedesign4you.de\/shop\/product\/silber-kerzenstaender-5-armig-mieten\/\",\"name\":\"Kerzenst\u00e4nder silber mieten 5-armig 40 cm. M\u00fcnchen\",\"isPartOf\":{\"@id\":\"https:\/\/alicedesign4you.de\/shop\/#website\"},\"primaryImageOfPage\":{\"@id\":\"https:\/\/alicedesign4you.de\/shop\/product\/silber-kerzenstaender-5-armig-mieten\/#primaryimage\"},\"image\":{\"@id\":\"https:\/\/alicedesign4you.de\/shop\/product\/silber-kerzenstaender-5-armig-mieten\/#primaryimage\"},\"thumbnailUrl\":\"https:\/\/alicedesign4you.de\/shop\/wp-content\/uploads\/2021\/02\/Silber-Kerzenstaender-5-armig-40-cm.png\",\"datePublished\":\"2021-02-18T20:00:05+00:00\",\"dateModified\":\"2024-09-24T10:08:37+00:00\",\"description\":\"Kerzenst\u00e4nder silber mieten. Deko M\u00fcnchen mieten H\u00f6he mit Glasaufsatz: 48 cm, H\u00f6he ohne Glasaufsatz: 40 cm, Breite: 30 cm\",\"breadcrumb\":{\"@id\":\"https:\/\/alicedesign4you.de\/shop\/product\/silber-kerzenstaender-5-armig-mieten\/#breadcrumb\"},\"inLanguage\":\"de\",\"potentialAction\":[{\"@type\":\"ReadAction\",\"target\":[\"https:\/\/alicedesign4you.de\/shop\/product\/silber-kerzenstaender-5-armig-mieten\/\"]}]},{\"@type\":\"ImageObject\",\"inLanguage\":\"de\",\"@id\":\"https:\/\/alicedesign4you.de\/shop\/product\/silber-kerzenstaender-5-armig-mieten\/#primaryimage\",\"url\":\"https:\/\/alicedesign4you.de\/shop\/wp-content\/uploads\/2021\/02\/Silber-Kerzenstaender-5-armig-40-cm.png\",\"contentUrl\":\"https:\/\/alicedesign4you.de\/shop\/wp-content\/uploads\/2021\/02\/Silber-Kerzenstaender-5-armig-40-cm.png\",\"width\":300,\"height\":450,\"caption\":\"Silber Kerzenst\u00e4nder 5-armig 40 cm\"},{\"@type\":\"BreadcrumbList\",\"@id\":\"https:\/\/alicedesign4you.de\/shop\/product\/silber-kerzenstaender-5-armig-mieten\/#breadcrumb\",\"itemListElement\":[{\"@type\":\"ListItem\",\"position\":1,\"name\":\"Startseite\",\"item\":\"https:\/\/alicedesign4you.de\/shop\/\"},{\"@type\":\"ListItem\",\"position\":2,\"name\":\"Shop\",\"item\":\"https:\/\/alicedesign4you.de\/shop\/shop\/\"},{\"@type\":\"ListItem\",\"position\":3,\"name\":\"Silber Kerzenst\u00e4nder 5-armig 40 cm\"}]},{\"@type\":\"WebSite\",\"@id\":\"https:\/\/alicedesign4you.de\/shop\/#website\",\"url\":\"https:\/\/alicedesign4you.de\/shop\/\",\"name\":\"Hochzeitsdeko M\u00fcnchen &amp; Floristik | Alice Design\",\"description\":\"Individuelle Hochzeitsdeko und traumhafte Floristik f\u00fcr eure Hochzeit &amp; Events in M\u00fcnchen und Umgebung. Kompetente Beratung und Planung mit viel Liebe zum Detail!\",\"potentialAction\":[{\"@type\":\"SearchAction\",\"target\":{\"@type\":\"EntryPoint\",\"urlTemplate\":\"https:\/\/alicedesign4you.de\/shop\/?s={search_term_string}\"},\"query-input\":{\"@type\":\"PropertyValueSpecification\",\"valueRequired\":true,\"valueName\":\"search_term_string\"}}],\"inLanguage\":\"de\"}]}<\/script>\n<!-- \/ Yoast SEO plugin. -->","yoast_head_json":{"title":"Kerzenst\u00e4nder silber mieten 5-armig 40 cm. M\u00fcnchen","description":"Kerzenst\u00e4nder silber mieten. Deko M\u00fcnchen mieten H\u00f6he mit Glasaufsatz: 48 cm, H\u00f6he ohne Glasaufsatz: 40 cm, Breite: 30 cm","robots":{"index":"index","follow":"follow","max-snippet":"max-snippet:-1","max-image-preview":"max-image-preview:large","max-video-preview":"max-video-preview:-1"},"canonical":"https:\/\/alicedesign4you.de\/shop\/product\/silber-kerzenstaender-5-armig-mieten\/","og_locale":"de_DE","og_type":"article","og_title":"Kerzenst\u00e4nder silber mieten 5-armig 40 cm. M\u00fcnchen","og_description":"Kerzenst\u00e4nder silber mieten. Deko M\u00fcnchen mieten H\u00f6he mit Glasaufsatz: 48 cm, H\u00f6he ohne Glasaufsatz: 40 cm, Breite: 30 cm","og_url":"https:\/\/alicedesign4you.de\/shop\/product\/silber-kerzenstaender-5-armig-mieten\/","og_site_name":"Hochzeitsdeko M\u00fcnchen &amp; Floristik | Alice Design","article_modified_time":"2024-09-24T10:08:37+00:00","og_image":[{"width":300,"height":450,"url":"https:\/\/alicedesign4you.de\/shop\/wp-content\/uploads\/2021\/02\/Silber-Kerzenstaender-5-armig-40-cm.png","type":"image\/png"}],"twitter_card":"summary_large_image","twitter_misc":{"Gesch\u00e4tzte Lesezeit":"5\u00a0Minuten"},"schema":{"@context":"https:\/\/schema.org","@graph":[{"@type":"WebPage","@id":"https:\/\/alicedesign4you.de\/shop\/product\/silber-kerzenstaender-5-armig-mieten\/","url":"https:\/\/alicedesign4you.de\/shop\/product\/silber-kerzenstaender-5-armig-mieten\/","name":"Kerzenst\u00e4nder silber mieten 5-armig 40 cm. M\u00fcnchen","isPartOf":{"@id":"https:\/\/alicedesign4you.de\/shop\/#website"},"primaryImageOfPage":{"@id":"https:\/\/alicedesign4you.de\/shop\/product\/silber-kerzenstaender-5-armig-mieten\/#primaryimage"},"image":{"@id":"https:\/\/alicedesign4you.de\/shop\/product\/silber-kerzenstaender-5-armig-mieten\/#primaryimage"},"thumbnailUrl":"https:\/\/alicedesign4you.de\/shop\/wp-content\/uploads\/2021\/02\/Silber-Kerzenstaender-5-armig-40-cm.png","datePublished":"2021-02-18T20:00:05+00:00","dateModified":"2024-09-24T10:08:37+00:00","description":"Kerzenst\u00e4nder silber mieten. Deko M\u00fcnchen mieten H\u00f6he mit Glasaufsatz: 48 cm, H\u00f6he ohne Glasaufsatz: 40 cm, Breite: 30 cm","breadcrumb":{"@id":"https:\/\/alicedesign4you.de\/shop\/product\/silber-kerzenstaender-5-armig-mieten\/#breadcrumb"},"inLanguage":"de","potentialAction":[{"@type":"ReadAction","target":["https:\/\/alicedesign4you.de\/shop\/product\/silber-kerzenstaender-5-armig-mieten\/"]}]},{"@type":"ImageObject","inLanguage":"de","@id":"https:\/\/alicedesign4you.de\/shop\/product\/silber-kerzenstaender-5-armig-mieten\/#primaryimage","url":"https:\/\/alicedesign4you.de\/shop\/wp-content\/uploads\/2021\/02\/Silber-Kerzenstaender-5-armig-40-cm.png","contentUrl":"https:\/\/alicedesign4you.de\/shop\/wp-content\/uploads\/2021\/02\/Silber-Kerzenstaender-5-armig-40-cm.png","width":300,"height":450,"caption":"Silber Kerzenst\u00e4nder 5-armig 40 cm"},{"@type":"BreadcrumbList","@id":"https:\/\/alicedesign4you.de\/shop\/product\/silber-kerzenstaender-5-armig-mieten\/#breadcrumb","itemListElement":[{"@type":"ListItem","position":1,"name":"Startseite","item":"https:\/\/alicedesign4you.de\/shop\/"},{"@type":"ListItem","position":2,"name":"Shop","item":"https:\/\/alicedesign4you.de\/shop\/shop\/"},{"@type":"ListItem","position":3,"name":"Silber Kerzenst\u00e4nder 5-armig 40 cm"}]},{"@type":"WebSite","@id":"https:\/\/alicedesign4you.de\/shop\/#website","url":"https:\/\/alicedesign4you.de\/shop\/","name":"Hochzeitsdeko M\u00fcnchen &amp; Floristik | Alice Design","description":"Individuelle Hochzeitsdeko und traumhafte Floristik f\u00fcr eure Hochzeit &amp; Events in M\u00fcnchen und Umgebung. Kompetente Beratung und Planung mit viel Liebe zum Detail!","potentialAction":[{"@type":"SearchAction","target":{"@type":"EntryPoint","urlTemplate":"https:\/\/alicedesign4you.de\/shop\/?s={search_term_string}"},"query-input":{"@type":"PropertyValueSpecification","valueRequired":true,"valueName":"search_term_string"}}],"inLanguage":"de"}]}},"_links":{"self":[{"href":"https:\/\/alicedesign4you.de\/shop\/wp-json\/wp\/v2\/product\/358","targetHints":{"allow":["GET"]}}],"collection":[{"href":"https:\/\/alicedesign4you.de\/shop\/wp-json\/wp\/v2\/product"}],"about":[{"href":"https:\/\/alicedesign4you.de\/shop\/wp-json\/wp\/v2\/types\/product"}],"version-history":[{"count":2,"href":"https:\/\/alicedesign4you.de\/shop\/wp-json\/wp\/v2\/product\/358\/revisions"}],"predecessor-version":[{"id":23463,"href":"https:\/\/alicedesign4you.de\/shop\/wp-json\/wp\/v2\/product\/358\/revisions\/23463"}],"wp:featuredmedia":[{"embeddable":true,"href":"https:\/\/alicedesign4you.de\/shop\/wp-json\/wp\/v2\/media\/23462"}],"wp:attachment":[{"href":"https:\/\/alicedesign4you.de\/shop\/wp-json\/wp\/v2\/media?parent=358"}],"wp:term":[{"taxonomy":"product_brand","embeddable":true,"href":"https:\/\/alicedesign4you.de\/shop\/wp-json\/wp\/v2\/product_brand?post=358"},{"taxonomy":"product_cat","embeddable":true,"href":"https:\/\/alicedesign4you.de\/shop\/wp-json\/wp\/v2\/product_cat?post=358"},{"taxonomy":"product_tag","embeddable":true,"href":"https:\/\/alicedesign4you.de\/shop\/wp-json\/wp\/v2\/product_tag?post=358"}],"curies":[{"name":"wp","href":"https:\/\/api.w.org\/{rel}","templated":true}]}}