{"id":341,"date":"2021-02-18T19:56:42","date_gmt":"2021-02-18T19:56:42","guid":{"rendered":"\/?post_type=product&#038;p=341"},"modified":"2025-08-12T07:42:55","modified_gmt":"2025-08-12T06:42:55","slug":"goldener-kerzenstaender-5armig-mieten","status":"publish","type":"product","link":"https:\/\/alicedesign4you.de\/shop\/product\/goldener-kerzenstaender-5armig-mieten\/","title":{"rendered":"Goldener Kerzenst\u00e4nder 5-armig 80cm"},"content":{"rendered":"<h2>Kerzenst\u00e4nder gold mieten<\/h2>\n<p>H\u00f6he mit Glasaufsatz: 88 cm<br \/>\nH\u00f6he ohne Glasaufsatz: 80 cm<br \/>\nBreite: 45 cm<\/p>\n<p>Kerzenst\u00e4nder, Glasaufsatz, Krystallkette und Teelichter inklusive.<\/p>\n<p>Blumenschmuck und weitere abgebildeten Dekoartikel sind NICHT im Mietpreis enthalten.<\/p>\n<ul>\n<li>Artikel muss im \u00fcbergebenen Zustand zur\u00fcck gegeben werden.<\/li>\n<li>Dieser Mietartikel darf NICHT ohne Windgl\u00e4ser und nur mit Teelichtkerzen, verwendet werden!<\/li>\n<li>Bei \u00fcberm\u00e4\u00dfigen Wachsflecken am Kerzenst\u00e4nder sind wir berechtigt ab 3,99 \u20ac f\u00fcr die Sonderreinigung in Rechnung zu stellen.<\/li>\n<li><strong>Kaution 13\u20ac<\/strong><\/li>\n<li>Bei Besch\u00e4digung oder Verlust, ist ein Preis von 60 Euro\u00a0zu erstatten.<\/li>\n<li>Die Mietdauer betr\u00e4gt 4 Tage.<\/li>\n<\/ul>\n<h2>R\u00fcckgabebedingungen<\/h2>\r\n<ul>\r\n \t<li>Der Artikel ist in dem Zustand wie zur Waren\u00fcbergabe nach der Mietdauer zur\u00fcck zu geben.<\/li>\r\n \t<li>Bitte \u00fcberpr\u00fcfen Sie unsere Ware umgehend. Alle Reklamationen, die sp\u00e4ter als 24 Stunden nach Erhalt\u00a0eintreffen, werden nicht akzeptiert.<\/li>\r\n \t<li>Bei Brandl\u00f6cher, Risse, Kerzenwachs und anderen Besch\u00e4digungen behalten wir uns das Recht vor dieses in Rechnung zu stellen bzw. den Widerbeschaffungspreis zu berechnen.<\/li>\r\n<\/ul>\r\n<h2>Versandinformationen<\/h2>\r\n<ul>\r\n \t<li>Abholung in M\u00fchldorf am Inn 84453<\/li>\r\n \t<li>Lieferung nach Absprache m\u00f6glich (Anfrage per WhatsApp 015120649803)<\/li>\r\n<\/ul>\n<p>&nbsp;<\/p>\n<h3>goldene Kerzenst\u00e4nder mieten<\/h3>\n<p>Kerzenst\u00e4nder werden immer beliebter als Deko. Weil der goldene 5-armige St\u00e4nder heute an wundervolle Schl\u00f6sser erinnert. Dabei erhellt er den Raum mit nat\u00fcrlichem Licht von Kerzen. Au\u00dferdem strahlt ein klassischer Kerzenst\u00e4nder die Eleganz aus und versetzt diese in eine magische Stimmung. Deswegen wird es oft als Dekoidee in Hochzeiten genutzt. Aber man kann auch LED-Kerzen hernehmen, welches einen noch sch\u00f6nen gl\u00e4nzenden Akzent der Lichter ergibt.<\/p>\n<h4>Wenn sie nach Deko f\u00fcr romantische Stimmung suchen, dann ist dieser Kerzenst\u00e4nder genau das Richtige f\u00fcr Sie!<\/h4>\n<p><a href=\"https:\/\/alicedesign4you.de\/shop\/product\/kerzenstaender-3-er-set-gold\/\">Kerzenst\u00e4nder gold mieten. Moderne Dekoratonen Raum M\u00fcnchen (alicedesign4you.de)<\/a><\/p>\n<p><a href=\"https:\/\/www.instagram.com\/hochzeitsdeko_bayern\/\">Hochzeit Deko M\u00fcnchen &amp; Bayern (@hochzeitsdeko_bayern) \u2022 Instagram-Fotos und -Videos<\/a><\/p>\n","protected":false},"excerpt":{"rendered":"<p>H\u00f6he mit Glasaufsatz: 88 cm<br \/>\nH\u00f6he ohne Glasaufsatz: 80 cm<br \/>\nBreite: 45 cm<\/p>\n<p>Glasaufsatz, Krystallkette und Teelichter inklusive<\/p>\n","protected":false},"featured_media":23445,"template":"","meta":{"inline_featured_image":false},"product_brand":[],"product_cat":[27],"product_tag":[],"class_list":{"0":"post-341","1":"product","2":"type-product","3":"status-publish","4":"has-post-thumbnail","6":"product_cat-kerzenstander","8":"first","9":"instock","10":"shipping-taxable","11":"purchasable","12":"product-type-simple"},"yoast_head":"<!-- This site is optimized with the Yoast SEO plugin v25.3.1 - https:\/\/yoast.com\/wordpress\/plugins\/seo\/ -->\n<title>Kerzenst\u00e4nder gold mieten 5-armig 80cm. Deko M\u00fcnchen<\/title>\n<meta name=\"description\" content=\"Kerzenst\u00e4nder gold mieten. Deko M\u00fcnchen mieten. H\u00f6he mit Glasaufsatz: 88 cm,H\u00f6he ohne Glasaufsatz: 80 cm, Tischdeko Verleih\" \/>\n<meta name=\"robots\" content=\"index, follow, max-snippet:-1, max-image-preview:large, max-video-preview:-1\" \/>\n<link rel=\"canonical\" href=\"https:\/\/alicedesign4you.de\/shop\/product\/goldener-kerzenstaender-5armig-mieten\/\" \/>\n<meta property=\"og:locale\" content=\"de_DE\" \/>\n<meta property=\"og:type\" content=\"article\" \/>\n<meta property=\"og:title\" content=\"Kerzenst\u00e4nder gold mieten 5-armig 80cm. Deko M\u00fcnchen\" \/>\n<meta property=\"og:description\" content=\"Kerzenst\u00e4nder gold mieten. Deko M\u00fcnchen mieten. H\u00f6he mit Glasaufsatz: 88 cm,H\u00f6he ohne Glasaufsatz: 80 cm, Tischdeko Verleih\" \/>\n<meta property=\"og:url\" content=\"https:\/\/alicedesign4you.de\/shop\/product\/goldener-kerzenstaender-5armig-mieten\/\" \/>\n<meta property=\"og:site_name\" content=\"Hochzeitsdeko M\u00fcnchen &amp; Floristik | Alice Design\" \/>\n<meta property=\"article:modified_time\" content=\"2025-08-12T06:42:55+00:00\" \/>\n<meta property=\"og:image\" content=\"https:\/\/alicedesign4you.de\/shop\/wp-content\/uploads\/2021\/02\/Goldener-Kerzenstaender-5-armig-80cm.png\" \/>\n\t<meta property=\"og:image:width\" content=\"300\" \/>\n\t<meta property=\"og:image:height\" content=\"450\" \/>\n\t<meta property=\"og:image:type\" content=\"image\/png\" \/>\n<meta name=\"twitter:card\" content=\"summary_large_image\" \/>\n<meta name=\"twitter:label1\" content=\"Gesch\u00e4tzte Lesezeit\" \/>\n\t<meta name=\"twitter:data1\" content=\"2\u00a0Minuten\" \/>\n<script type=\"application\/ld+json\" class=\"yoast-schema-graph\">{\"@context\":\"https:\/\/schema.org\",\"@graph\":[{\"@type\":\"WebPage\",\"@id\":\"https:\/\/alicedesign4you.de\/shop\/product\/goldener-kerzenstaender-5armig-mieten\/\",\"url\":\"https:\/\/alicedesign4you.de\/shop\/product\/goldener-kerzenstaender-5armig-mieten\/\",\"name\":\"Kerzenst\u00e4nder gold mieten 5-armig 80cm. Deko M\u00fcnchen\",\"isPartOf\":{\"@id\":\"https:\/\/alicedesign4you.de\/shop\/#website\"},\"primaryImageOfPage\":{\"@id\":\"https:\/\/alicedesign4you.de\/shop\/product\/goldener-kerzenstaender-5armig-mieten\/#primaryimage\"},\"image\":{\"@id\":\"https:\/\/alicedesign4you.de\/shop\/product\/goldener-kerzenstaender-5armig-mieten\/#primaryimage\"},\"thumbnailUrl\":\"https:\/\/alicedesign4you.de\/shop\/wp-content\/uploads\/2021\/02\/Goldener-Kerzenstaender-5-armig-80cm.png\",\"datePublished\":\"2021-02-18T19:56:42+00:00\",\"dateModified\":\"2025-08-12T06:42:55+00:00\",\"description\":\"Kerzenst\u00e4nder gold mieten. Deko M\u00fcnchen mieten. H\u00f6he mit Glasaufsatz: 88 cm,H\u00f6he ohne Glasaufsatz: 80 cm, Tischdeko Verleih\",\"breadcrumb\":{\"@id\":\"https:\/\/alicedesign4you.de\/shop\/product\/goldener-kerzenstaender-5armig-mieten\/#breadcrumb\"},\"inLanguage\":\"de\",\"potentialAction\":[{\"@type\":\"ReadAction\",\"target\":[\"https:\/\/alicedesign4you.de\/shop\/product\/goldener-kerzenstaender-5armig-mieten\/\"]}]},{\"@type\":\"ImageObject\",\"inLanguage\":\"de\",\"@id\":\"https:\/\/alicedesign4you.de\/shop\/product\/goldener-kerzenstaender-5armig-mieten\/#primaryimage\",\"url\":\"https:\/\/alicedesign4you.de\/shop\/wp-content\/uploads\/2021\/02\/Goldener-Kerzenstaender-5-armig-80cm.png\",\"contentUrl\":\"https:\/\/alicedesign4you.de\/shop\/wp-content\/uploads\/2021\/02\/Goldener-Kerzenstaender-5-armig-80cm.png\",\"width\":300,\"height\":450,\"caption\":\"Goldener-Kerzenstaender-5-armig-80cm.png\"},{\"@type\":\"BreadcrumbList\",\"@id\":\"https:\/\/alicedesign4you.de\/shop\/product\/goldener-kerzenstaender-5armig-mieten\/#breadcrumb\",\"itemListElement\":[{\"@type\":\"ListItem\",\"position\":1,\"name\":\"Startseite\",\"item\":\"https:\/\/alicedesign4you.de\/shop\/\"},{\"@type\":\"ListItem\",\"position\":2,\"name\":\"Shop\",\"item\":\"https:\/\/alicedesign4you.de\/shop\/shop\/\"},{\"@type\":\"ListItem\",\"position\":3,\"name\":\"Goldener Kerzenst\u00e4nder 5-armig 80cm\"}]},{\"@type\":\"WebSite\",\"@id\":\"https:\/\/alicedesign4you.de\/shop\/#website\",\"url\":\"https:\/\/alicedesign4you.de\/shop\/\",\"name\":\"Hochzeitsdeko M\u00fcnchen &amp; Floristik | Alice Design\",\"description\":\"Individuelle Hochzeitsdeko und traumhafte Floristik f\u00fcr eure Hochzeit &amp; Events in M\u00fcnchen und Umgebung. Kompetente Beratung und Planung mit viel Liebe zum Detail!\",\"potentialAction\":[{\"@type\":\"SearchAction\",\"target\":{\"@type\":\"EntryPoint\",\"urlTemplate\":\"https:\/\/alicedesign4you.de\/shop\/?s={search_term_string}\"},\"query-input\":{\"@type\":\"PropertyValueSpecification\",\"valueRequired\":true,\"valueName\":\"search_term_string\"}}],\"inLanguage\":\"de\"}]}<\/script>\n<!-- \/ Yoast SEO plugin. -->","yoast_head_json":{"title":"Kerzenst\u00e4nder gold mieten 5-armig 80cm. Deko M\u00fcnchen","description":"Kerzenst\u00e4nder gold mieten. Deko M\u00fcnchen mieten. H\u00f6he mit Glasaufsatz: 88 cm,H\u00f6he ohne Glasaufsatz: 80 cm, Tischdeko Verleih","robots":{"index":"index","follow":"follow","max-snippet":"max-snippet:-1","max-image-preview":"max-image-preview:large","max-video-preview":"max-video-preview:-1"},"canonical":"https:\/\/alicedesign4you.de\/shop\/product\/goldener-kerzenstaender-5armig-mieten\/","og_locale":"de_DE","og_type":"article","og_title":"Kerzenst\u00e4nder gold mieten 5-armig 80cm. Deko M\u00fcnchen","og_description":"Kerzenst\u00e4nder gold mieten. Deko M\u00fcnchen mieten. H\u00f6he mit Glasaufsatz: 88 cm,H\u00f6he ohne Glasaufsatz: 80 cm, Tischdeko Verleih","og_url":"https:\/\/alicedesign4you.de\/shop\/product\/goldener-kerzenstaender-5armig-mieten\/","og_site_name":"Hochzeitsdeko M\u00fcnchen &amp; Floristik | Alice Design","article_modified_time":"2025-08-12T06:42:55+00:00","og_image":[{"width":300,"height":450,"url":"https:\/\/alicedesign4you.de\/shop\/wp-content\/uploads\/2021\/02\/Goldener-Kerzenstaender-5-armig-80cm.png","type":"image\/png"}],"twitter_card":"summary_large_image","twitter_misc":{"Gesch\u00e4tzte Lesezeit":"2\u00a0Minuten"},"schema":{"@context":"https:\/\/schema.org","@graph":[{"@type":"WebPage","@id":"https:\/\/alicedesign4you.de\/shop\/product\/goldener-kerzenstaender-5armig-mieten\/","url":"https:\/\/alicedesign4you.de\/shop\/product\/goldener-kerzenstaender-5armig-mieten\/","name":"Kerzenst\u00e4nder gold mieten 5-armig 80cm. Deko M\u00fcnchen","isPartOf":{"@id":"https:\/\/alicedesign4you.de\/shop\/#website"},"primaryImageOfPage":{"@id":"https:\/\/alicedesign4you.de\/shop\/product\/goldener-kerzenstaender-5armig-mieten\/#primaryimage"},"image":{"@id":"https:\/\/alicedesign4you.de\/shop\/product\/goldener-kerzenstaender-5armig-mieten\/#primaryimage"},"thumbnailUrl":"https:\/\/alicedesign4you.de\/shop\/wp-content\/uploads\/2021\/02\/Goldener-Kerzenstaender-5-armig-80cm.png","datePublished":"2021-02-18T19:56:42+00:00","dateModified":"2025-08-12T06:42:55+00:00","description":"Kerzenst\u00e4nder gold mieten. Deko M\u00fcnchen mieten. H\u00f6he mit Glasaufsatz: 88 cm,H\u00f6he ohne Glasaufsatz: 80 cm, Tischdeko Verleih","breadcrumb":{"@id":"https:\/\/alicedesign4you.de\/shop\/product\/goldener-kerzenstaender-5armig-mieten\/#breadcrumb"},"inLanguage":"de","potentialAction":[{"@type":"ReadAction","target":["https:\/\/alicedesign4you.de\/shop\/product\/goldener-kerzenstaender-5armig-mieten\/"]}]},{"@type":"ImageObject","inLanguage":"de","@id":"https:\/\/alicedesign4you.de\/shop\/product\/goldener-kerzenstaender-5armig-mieten\/#primaryimage","url":"https:\/\/alicedesign4you.de\/shop\/wp-content\/uploads\/2021\/02\/Goldener-Kerzenstaender-5-armig-80cm.png","contentUrl":"https:\/\/alicedesign4you.de\/shop\/wp-content\/uploads\/2021\/02\/Goldener-Kerzenstaender-5-armig-80cm.png","width":300,"height":450,"caption":"Goldener-Kerzenstaender-5-armig-80cm.png"},{"@type":"BreadcrumbList","@id":"https:\/\/alicedesign4you.de\/shop\/product\/goldener-kerzenstaender-5armig-mieten\/#breadcrumb","itemListElement":[{"@type":"ListItem","position":1,"name":"Startseite","item":"https:\/\/alicedesign4you.de\/shop\/"},{"@type":"ListItem","position":2,"name":"Shop","item":"https:\/\/alicedesign4you.de\/shop\/shop\/"},{"@type":"ListItem","position":3,"name":"Goldener Kerzenst\u00e4nder 5-armig 80cm"}]},{"@type":"WebSite","@id":"https:\/\/alicedesign4you.de\/shop\/#website","url":"https:\/\/alicedesign4you.de\/shop\/","name":"Hochzeitsdeko M\u00fcnchen &amp; Floristik | Alice Design","description":"Individuelle Hochzeitsdeko und traumhafte Floristik f\u00fcr eure Hochzeit &amp; Events in M\u00fcnchen und Umgebung. Kompetente Beratung und Planung mit viel Liebe zum Detail!","potentialAction":[{"@type":"SearchAction","target":{"@type":"EntryPoint","urlTemplate":"https:\/\/alicedesign4you.de\/shop\/?s={search_term_string}"},"query-input":{"@type":"PropertyValueSpecification","valueRequired":true,"valueName":"search_term_string"}}],"inLanguage":"de"}]}},"_links":{"self":[{"href":"https:\/\/alicedesign4you.de\/shop\/wp-json\/wp\/v2\/product\/341","targetHints":{"allow":["GET"]}}],"collection":[{"href":"https:\/\/alicedesign4you.de\/shop\/wp-json\/wp\/v2\/product"}],"about":[{"href":"https:\/\/alicedesign4you.de\/shop\/wp-json\/wp\/v2\/types\/product"}],"version-history":[{"count":4,"href":"https:\/\/alicedesign4you.de\/shop\/wp-json\/wp\/v2\/product\/341\/revisions"}],"predecessor-version":[{"id":23705,"href":"https:\/\/alicedesign4you.de\/shop\/wp-json\/wp\/v2\/product\/341\/revisions\/23705"}],"wp:featuredmedia":[{"embeddable":true,"href":"https:\/\/alicedesign4you.de\/shop\/wp-json\/wp\/v2\/media\/23445"}],"wp:attachment":[{"href":"https:\/\/alicedesign4you.de\/shop\/wp-json\/wp\/v2\/media?parent=341"}],"wp:term":[{"taxonomy":"product_brand","embeddable":true,"href":"https:\/\/alicedesign4you.de\/shop\/wp-json\/wp\/v2\/product_brand?post=341"},{"taxonomy":"product_cat","embeddable":true,"href":"https:\/\/alicedesign4you.de\/shop\/wp-json\/wp\/v2\/product_cat?post=341"},{"taxonomy":"product_tag","embeddable":true,"href":"https:\/\/alicedesign4you.de\/shop\/wp-json\/wp\/v2\/product_tag?post=341"}],"curies":[{"name":"wp","href":"https:\/\/api.w.org\/{rel}","templated":true}]}}