{"id":338,"date":"2021-02-18T19:52:22","date_gmt":"2021-02-18T19:52:22","guid":{"rendered":"\/?post_type=product&#038;p=338"},"modified":"2024-09-24T11:09:04","modified_gmt":"2024-09-24T10:09:04","slug":"silber-kerzenstander-keramik-muenchen","status":"publish","type":"product","link":"https:\/\/alicedesign4you.de\/shop\/product\/silber-kerzenstander-keramik-muenchen\/","title":{"rendered":"Silber Kerzenst\u00e4nder | Keramik klein"},"content":{"rendered":"<h2>Silber Kerzenst\u00e4nder<\/h2>\n<p>Kerzenst\u00e4nder silber M\u00fcnchen:\u00a0H\u00f6he: 19.5 cm<\/p>\n<p>elegante Kerzenst\u00e4nder, Glasaufsatz, Krystallkette und Teelichter inklusive zum Mieten.<\/p>\n<p>Blumenschmuck und weitere abgebildeten Dekoartikel sind NICHT im Mietpreis enthalten.<\/p>\n<ul>\n<li>Artikel muss im \u00fcbergebenen Zustand zur\u00fcck gegeben werden.<\/li>\n<li>Dieser Mietartikel darf NICHT ohne Windgl\u00e4ser und nur mit Teelichtkerzen, verwendet werden!<\/li>\n<li>Bei \u00fcberm\u00e4\u00dfigen Wachsflecken am Kerzenst\u00e4nder sind wir berechtigt ab 3,99 \u20ac f\u00fcr die Sonderreinigung in Rechnung zu stellen.<\/li>\n<li>Bei Besch\u00e4digung oder Verlust, ist ein Preis von 15 Euro zu erstatten.<\/li>\n<li>Die Mietdauer betr\u00e4gt 4 Tage.<\/li>\n<\/ul>\n<p><span data-sheets-formula-bar-text-style=\"font-size:13px;color:#000000;font-weight:normal;text-decoration:none;font-family:'Arial';font-style:normal;text-decoration-skip-ink:none;\"> <h2>R\u00fcckgabebedingungen<\/h2>\r\n<ul>\r\n \t<li>Der Artikel ist in dem Zustand wie zur Waren\u00fcbergabe nach der Mietdauer zur\u00fcck zu geben.<\/li>\r\n \t<li>Bitte \u00fcberpr\u00fcfen Sie unsere Ware umgehend. Alle Reklamationen, die sp\u00e4ter als 24 Stunden nach Erhalt\u00a0eintreffen, werden nicht akzeptiert.<\/li>\r\n \t<li>Bei Brandl\u00f6cher, Risse, Kerzenwachs und anderen Besch\u00e4digungen behalten wir uns das Recht vor dieses in Rechnung zu stellen bzw. den Widerbeschaffungspreis zu berechnen.<\/li>\r\n<\/ul>\r\n<h2>Versandinformationen<\/h2>\r\n<ul>\r\n \t<li>Abholung in M\u00fchldorf am Inn 84453<\/li>\r\n \t<li>Lieferung nach Absprache m\u00f6glich (Anfrage per WhatsApp 015120649803)<\/li>\r\n<\/ul><\/span><\/p>\n<h3>Kerzenst\u00e4nder Silber M\u00fcnchen<\/h3>\n<p><a href=\"https:\/\/www.instagram.com\/p\/BW5FTjaAEQz\/\">Hochzeit Deko M\u00fcnchen &amp; Bayern (@hochzeitsdeko_bayern) \u2022 Instagram-Fotos und -Videos<\/a><\/p>\n<p><a href=\"https:\/\/www.instagram.com\/p\/BfLFkLPDiGY\/\">Hochzeit Deko M\u00fcnchen &amp; Bayern (@hochzeitsdeko_bayern) \u2022 Instagram-Fotos und -Videos<\/a><\/p>\n<p>Passend dazu: <a href=\"https:\/\/alicedesign4you.de\/shop\/product\/silber-kerzenstaender-5-armig-mieten\/\">Kerzenst\u00e4nder silber mieten 5-armig 40 cm. M\u00fcnchen (alicedesign4you.de)<\/a><\/p>\n<p>Wir m\u00f6chten Ihre Zeit sparen und unsere Zusammenarbeit so effizient und angenehm wie m\u00f6glich gestalten.<\/p>\n<p>&#8222;Denn steinerne Grenzen k\u00f6nnen Liebe nicht fernhalten,<br \/>\nund was Liebe kann, das wagt Liebe zu versuchen. &#8220;<\/p>\n<p>William Shakespeare<\/p>\n","protected":false},"excerpt":{"rendered":"<p>H\u00f6he: 19.5 cm<\/p>\n<p>Artikel muss im \u00fcbergebenen Zustand zur\u00fcck gegeben werden. Bei Besch\u00e4digung oder Verlust, ist ein Preis von 15 Euro zu erstatten.<\/p>\n<p>Blumenschmuck und weitere abgebildeten Dekoartikel sind nicht im Mietpreis enthalten.<\/p>\n<p>Die Mietdauer betr\u00e4gt 4 Tage.<\/p>\n","protected":false},"featured_media":23468,"template":"","meta":{"inline_featured_image":false},"product_brand":[],"product_cat":[27],"product_tag":[],"class_list":{"0":"post-338","1":"product","2":"type-product","3":"status-publish","4":"has-post-thumbnail","6":"product_cat-kerzenstander","8":"first","9":"instock","10":"shipping-taxable","11":"purchasable","12":"product-type-simple"},"yoast_head":"<!-- This site is optimized with the Yoast SEO plugin v25.3.1 - https:\/\/yoast.com\/wordpress\/plugins\/seo\/ -->\n<title>Kerzenst\u00e4nder silber M\u00fcnchen leihen elegante St\u00e4nder zum Mieten<\/title>\n<meta name=\"description\" content=\"Kerzenst\u00e4nder silber mieten elegante Kerzenst\u00e4nder aus Keramik zum Mieten Deko M\u00fcnchen mieten H\u00f6he 19.5 cm, Tischdeko Verleih\" \/>\n<meta name=\"robots\" content=\"index, follow, max-snippet:-1, max-image-preview:large, max-video-preview:-1\" \/>\n<link rel=\"canonical\" href=\"https:\/\/alicedesign4you.de\/shop\/product\/silber-kerzenstander-keramik-muenchen\/\" \/>\n<meta property=\"og:locale\" content=\"de_DE\" \/>\n<meta property=\"og:type\" content=\"article\" \/>\n<meta property=\"og:title\" content=\"Kerzenst\u00e4nder silber M\u00fcnchen leihen elegante St\u00e4nder zum Mieten\" \/>\n<meta property=\"og:description\" content=\"Kerzenst\u00e4nder silber mieten elegante Kerzenst\u00e4nder aus Keramik zum Mieten Deko M\u00fcnchen mieten H\u00f6he 19.5 cm, Tischdeko Verleih\" \/>\n<meta property=\"og:url\" content=\"https:\/\/alicedesign4you.de\/shop\/product\/silber-kerzenstander-keramik-muenchen\/\" \/>\n<meta property=\"og:site_name\" content=\"Hochzeitsdeko M\u00fcnchen &amp; Floristik | Alice Design\" \/>\n<meta property=\"article:modified_time\" content=\"2024-09-24T10:09:04+00:00\" \/>\n<meta property=\"og:image\" content=\"https:\/\/alicedesign4you.de\/shop\/wp-content\/uploads\/2021\/02\/Silber-Kerzenstaender-Keramik-gross.png\" \/>\n\t<meta property=\"og:image:width\" content=\"300\" \/>\n\t<meta property=\"og:image:height\" content=\"450\" \/>\n\t<meta property=\"og:image:type\" content=\"image\/png\" \/>\n<meta name=\"twitter:card\" content=\"summary_large_image\" \/>\n<meta name=\"twitter:label1\" content=\"Gesch\u00e4tzte Lesezeit\" \/>\n\t<meta name=\"twitter:data1\" content=\"2\u00a0Minuten\" \/>\n<script type=\"application\/ld+json\" class=\"yoast-schema-graph\">{\"@context\":\"https:\/\/schema.org\",\"@graph\":[{\"@type\":\"WebPage\",\"@id\":\"https:\/\/alicedesign4you.de\/shop\/product\/silber-kerzenstander-keramik-muenchen\/\",\"url\":\"https:\/\/alicedesign4you.de\/shop\/product\/silber-kerzenstander-keramik-muenchen\/\",\"name\":\"Kerzenst\u00e4nder silber M\u00fcnchen leihen elegante St\u00e4nder zum Mieten\",\"isPartOf\":{\"@id\":\"https:\/\/alicedesign4you.de\/shop\/#website\"},\"primaryImageOfPage\":{\"@id\":\"https:\/\/alicedesign4you.de\/shop\/product\/silber-kerzenstander-keramik-muenchen\/#primaryimage\"},\"image\":{\"@id\":\"https:\/\/alicedesign4you.de\/shop\/product\/silber-kerzenstander-keramik-muenchen\/#primaryimage\"},\"thumbnailUrl\":\"https:\/\/alicedesign4you.de\/shop\/wp-content\/uploads\/2021\/02\/Silber-Kerzenstaender-Keramik-gross.png\",\"datePublished\":\"2021-02-18T19:52:22+00:00\",\"dateModified\":\"2024-09-24T10:09:04+00:00\",\"description\":\"Kerzenst\u00e4nder silber mieten elegante Kerzenst\u00e4nder aus Keramik zum Mieten Deko M\u00fcnchen mieten H\u00f6he 19.5 cm, Tischdeko Verleih\",\"breadcrumb\":{\"@id\":\"https:\/\/alicedesign4you.de\/shop\/product\/silber-kerzenstander-keramik-muenchen\/#breadcrumb\"},\"inLanguage\":\"de\",\"potentialAction\":[{\"@type\":\"ReadAction\",\"target\":[\"https:\/\/alicedesign4you.de\/shop\/product\/silber-kerzenstander-keramik-muenchen\/\"]}]},{\"@type\":\"ImageObject\",\"inLanguage\":\"de\",\"@id\":\"https:\/\/alicedesign4you.de\/shop\/product\/silber-kerzenstander-keramik-muenchen\/#primaryimage\",\"url\":\"https:\/\/alicedesign4you.de\/shop\/wp-content\/uploads\/2021\/02\/Silber-Kerzenstaender-Keramik-gross.png\",\"contentUrl\":\"https:\/\/alicedesign4you.de\/shop\/wp-content\/uploads\/2021\/02\/Silber-Kerzenstaender-Keramik-gross.png\",\"width\":300,\"height\":450,\"caption\":\"Silber Kerzenst\u00e4nder Keramik\"},{\"@type\":\"BreadcrumbList\",\"@id\":\"https:\/\/alicedesign4you.de\/shop\/product\/silber-kerzenstander-keramik-muenchen\/#breadcrumb\",\"itemListElement\":[{\"@type\":\"ListItem\",\"position\":1,\"name\":\"Startseite\",\"item\":\"https:\/\/alicedesign4you.de\/shop\/\"},{\"@type\":\"ListItem\",\"position\":2,\"name\":\"Shop\",\"item\":\"https:\/\/alicedesign4you.de\/shop\/shop\/\"},{\"@type\":\"ListItem\",\"position\":3,\"name\":\"Silber Kerzenst\u00e4nder | Keramik klein\"}]},{\"@type\":\"WebSite\",\"@id\":\"https:\/\/alicedesign4you.de\/shop\/#website\",\"url\":\"https:\/\/alicedesign4you.de\/shop\/\",\"name\":\"Hochzeitsdeko M\u00fcnchen &amp; Floristik | Alice Design\",\"description\":\"Individuelle Hochzeitsdeko und traumhafte Floristik f\u00fcr eure Hochzeit &amp; Events in M\u00fcnchen und Umgebung. Kompetente Beratung und Planung mit viel Liebe zum Detail!\",\"potentialAction\":[{\"@type\":\"SearchAction\",\"target\":{\"@type\":\"EntryPoint\",\"urlTemplate\":\"https:\/\/alicedesign4you.de\/shop\/?s={search_term_string}\"},\"query-input\":{\"@type\":\"PropertyValueSpecification\",\"valueRequired\":true,\"valueName\":\"search_term_string\"}}],\"inLanguage\":\"de\"}]}<\/script>\n<!-- \/ Yoast SEO plugin. -->","yoast_head_json":{"title":"Kerzenst\u00e4nder silber M\u00fcnchen leihen elegante St\u00e4nder zum Mieten","description":"Kerzenst\u00e4nder silber mieten elegante Kerzenst\u00e4nder aus Keramik zum Mieten Deko M\u00fcnchen mieten H\u00f6he 19.5 cm, Tischdeko Verleih","robots":{"index":"index","follow":"follow","max-snippet":"max-snippet:-1","max-image-preview":"max-image-preview:large","max-video-preview":"max-video-preview:-1"},"canonical":"https:\/\/alicedesign4you.de\/shop\/product\/silber-kerzenstander-keramik-muenchen\/","og_locale":"de_DE","og_type":"article","og_title":"Kerzenst\u00e4nder silber M\u00fcnchen leihen elegante St\u00e4nder zum Mieten","og_description":"Kerzenst\u00e4nder silber mieten elegante Kerzenst\u00e4nder aus Keramik zum Mieten Deko M\u00fcnchen mieten H\u00f6he 19.5 cm, Tischdeko Verleih","og_url":"https:\/\/alicedesign4you.de\/shop\/product\/silber-kerzenstander-keramik-muenchen\/","og_site_name":"Hochzeitsdeko M\u00fcnchen &amp; Floristik | Alice Design","article_modified_time":"2024-09-24T10:09:04+00:00","og_image":[{"width":300,"height":450,"url":"https:\/\/alicedesign4you.de\/shop\/wp-content\/uploads\/2021\/02\/Silber-Kerzenstaender-Keramik-gross.png","type":"image\/png"}],"twitter_card":"summary_large_image","twitter_misc":{"Gesch\u00e4tzte Lesezeit":"2\u00a0Minuten"},"schema":{"@context":"https:\/\/schema.org","@graph":[{"@type":"WebPage","@id":"https:\/\/alicedesign4you.de\/shop\/product\/silber-kerzenstander-keramik-muenchen\/","url":"https:\/\/alicedesign4you.de\/shop\/product\/silber-kerzenstander-keramik-muenchen\/","name":"Kerzenst\u00e4nder silber M\u00fcnchen leihen elegante St\u00e4nder zum Mieten","isPartOf":{"@id":"https:\/\/alicedesign4you.de\/shop\/#website"},"primaryImageOfPage":{"@id":"https:\/\/alicedesign4you.de\/shop\/product\/silber-kerzenstander-keramik-muenchen\/#primaryimage"},"image":{"@id":"https:\/\/alicedesign4you.de\/shop\/product\/silber-kerzenstander-keramik-muenchen\/#primaryimage"},"thumbnailUrl":"https:\/\/alicedesign4you.de\/shop\/wp-content\/uploads\/2021\/02\/Silber-Kerzenstaender-Keramik-gross.png","datePublished":"2021-02-18T19:52:22+00:00","dateModified":"2024-09-24T10:09:04+00:00","description":"Kerzenst\u00e4nder silber mieten elegante Kerzenst\u00e4nder aus Keramik zum Mieten Deko M\u00fcnchen mieten H\u00f6he 19.5 cm, Tischdeko Verleih","breadcrumb":{"@id":"https:\/\/alicedesign4you.de\/shop\/product\/silber-kerzenstander-keramik-muenchen\/#breadcrumb"},"inLanguage":"de","potentialAction":[{"@type":"ReadAction","target":["https:\/\/alicedesign4you.de\/shop\/product\/silber-kerzenstander-keramik-muenchen\/"]}]},{"@type":"ImageObject","inLanguage":"de","@id":"https:\/\/alicedesign4you.de\/shop\/product\/silber-kerzenstander-keramik-muenchen\/#primaryimage","url":"https:\/\/alicedesign4you.de\/shop\/wp-content\/uploads\/2021\/02\/Silber-Kerzenstaender-Keramik-gross.png","contentUrl":"https:\/\/alicedesign4you.de\/shop\/wp-content\/uploads\/2021\/02\/Silber-Kerzenstaender-Keramik-gross.png","width":300,"height":450,"caption":"Silber Kerzenst\u00e4nder Keramik"},{"@type":"BreadcrumbList","@id":"https:\/\/alicedesign4you.de\/shop\/product\/silber-kerzenstander-keramik-muenchen\/#breadcrumb","itemListElement":[{"@type":"ListItem","position":1,"name":"Startseite","item":"https:\/\/alicedesign4you.de\/shop\/"},{"@type":"ListItem","position":2,"name":"Shop","item":"https:\/\/alicedesign4you.de\/shop\/shop\/"},{"@type":"ListItem","position":3,"name":"Silber Kerzenst\u00e4nder | Keramik klein"}]},{"@type":"WebSite","@id":"https:\/\/alicedesign4you.de\/shop\/#website","url":"https:\/\/alicedesign4you.de\/shop\/","name":"Hochzeitsdeko M\u00fcnchen &amp; Floristik | Alice Design","description":"Individuelle Hochzeitsdeko und traumhafte Floristik f\u00fcr eure Hochzeit &amp; Events in M\u00fcnchen und Umgebung. Kompetente Beratung und Planung mit viel Liebe zum Detail!","potentialAction":[{"@type":"SearchAction","target":{"@type":"EntryPoint","urlTemplate":"https:\/\/alicedesign4you.de\/shop\/?s={search_term_string}"},"query-input":{"@type":"PropertyValueSpecification","valueRequired":true,"valueName":"search_term_string"}}],"inLanguage":"de"}]}},"_links":{"self":[{"href":"https:\/\/alicedesign4you.de\/shop\/wp-json\/wp\/v2\/product\/338","targetHints":{"allow":["GET"]}}],"collection":[{"href":"https:\/\/alicedesign4you.de\/shop\/wp-json\/wp\/v2\/product"}],"about":[{"href":"https:\/\/alicedesign4you.de\/shop\/wp-json\/wp\/v2\/types\/product"}],"version-history":[{"count":2,"href":"https:\/\/alicedesign4you.de\/shop\/wp-json\/wp\/v2\/product\/338\/revisions"}],"predecessor-version":[{"id":23470,"href":"https:\/\/alicedesign4you.de\/shop\/wp-json\/wp\/v2\/product\/338\/revisions\/23470"}],"wp:featuredmedia":[{"embeddable":true,"href":"https:\/\/alicedesign4you.de\/shop\/wp-json\/wp\/v2\/media\/23468"}],"wp:attachment":[{"href":"https:\/\/alicedesign4you.de\/shop\/wp-json\/wp\/v2\/media?parent=338"}],"wp:term":[{"taxonomy":"product_brand","embeddable":true,"href":"https:\/\/alicedesign4you.de\/shop\/wp-json\/wp\/v2\/product_brand?post=338"},{"taxonomy":"product_cat","embeddable":true,"href":"https:\/\/alicedesign4you.de\/shop\/wp-json\/wp\/v2\/product_cat?post=338"},{"taxonomy":"product_tag","embeddable":true,"href":"https:\/\/alicedesign4you.de\/shop\/wp-json\/wp\/v2\/product_tag?post=338"}],"curies":[{"name":"wp","href":"https:\/\/api.w.org\/{rel}","templated":true}]}}