{"id":332,"date":"2021-02-18T19:49:08","date_gmt":"2021-02-18T19:49:08","guid":{"rendered":"\/?post_type=product&#038;p=332"},"modified":"2024-06-06T22:28:40","modified_gmt":"2024-06-06T21:28:40","slug":"kleine-glasvase-mieten","status":"publish","type":"product","link":"https:\/\/alicedesign4you.de\/shop\/product\/kleine-glasvase-mieten\/","title":{"rendered":"Vasen-Set (klein) Verschiedene Designs"},"content":{"rendered":"<h2>Kleine Glasvase mieten<\/h2>\n<p>Vase1: H\u00f6he 9 cm<br \/>\nVase2: H\u00f6he 14 cm<br \/>\nVase3: H\u00f6he 17 cm<\/p>\n<p>Passt perfekt f\u00fcr vintage Style.<\/p>\n<ul>\n<li>Artikel muss im \u00fcbergebenen Zustand zur\u00fcck gegeben werden. Bei Besch\u00e4digung oder Verlust, ist ein Preis von 6 Euro zu erstatten.<\/li>\n<li>Blumenschmuck und weitere abgebildeten Dekoartikel sind nicht im Mietpreis enthalten.<\/li>\n<li>Die Mietdauer betr\u00e4gt 4 Tage.<\/li>\n<\/ul>\n<p><span data-sheets-formula-bar-text-style=\"font-size:13px;color:#000000;font-weight:normal;text-decoration:none;font-family:'Arial';font-style:normal;text-decoration-skip-ink:none;\"> <h2>R\u00fcckgabebedingungen<\/h2>\r\n<ul>\r\n \t<li>Der Artikel ist in dem Zustand wie zur Waren\u00fcbergabe nach der Mietdauer zur\u00fcck zu geben.<\/li>\r\n \t<li>Bitte \u00fcberpr\u00fcfen Sie unsere Ware umgehend. Alle Reklamationen, die sp\u00e4ter als 24 Stunden nach Erhalt\u00a0eintreffen, werden nicht akzeptiert.<\/li>\r\n \t<li>Bei Brandl\u00f6cher, Risse, Kerzenwachs und anderen Besch\u00e4digungen behalten wir uns das Recht vor dieses in Rechnung zu stellen bzw. den Widerbeschaffungspreis zu berechnen.<\/li>\r\n<\/ul>\r\n<h2>Versandinformationen<\/h2>\r\n<ul>\r\n \t<li>Abholung in M\u00fchldorf am Inn 84453<\/li>\r\n \t<li>Lieferung nach Absprache m\u00f6glich (Anfrage per WhatsApp 015120649803)<\/li>\r\n<\/ul><\/span><\/p>\n<h3>Kleine Glasvase mieten (M\u00fcnchen und Umgebung)<\/h3>\n<p>Die perfekten Blumen f\u00fcr die perfekte Vase!<br \/>\nDie Sch\u00f6nheit der will jeder mit nachhause nehmen und bestaunen. Doch daf\u00fcr braucht man auch die richtige Vase!<br \/>\nAuch in Hochzeiten sorgen Blumen f\u00fcr eine stilvolle Erg\u00e4nzung der Tischdeko. Am besten ist eine durchsichtige Glasvase, die f\u00fcr Glanz und Eleganz sorgen.<br \/>\nAber ein weiterer guter Punkt ist die Form der Vase. Weil diese extra viel Platz f\u00fcr die Blumen h\u00e4lt, gibt es zahlreiche Variationen und M\u00f6glichkeiten die Pracht anzuordnen. Perfekte Hochzeitsdeko sorgt f\u00fcr die richtige Stimmung!<\/p>\n<p>Passend dazu: <a href=\"https:\/\/alicedesign4you.de\/shop\/product\/silber-kerzenstaender-5-armig-mieten\/\">Kerzenst\u00e4nder silber mieten 5-armig 40 cm. M\u00fcnchen (alicedesign4you.de)<\/a><\/p>\n<p><a href=\"https:\/\/alicedesign4you.de\/shop\/product\/silber-kerzenstaender-keramik-gross-mieten\/\">Kerzenst\u00e4nder silber gro\u00df mieten raum M\u00fcnchen. Hochzeitsdeko (alicedesign4you.de)<\/a><\/p>\n","protected":false},"excerpt":{"rendered":"<p>Vase1: H\u00f6he 9 cm<br \/>\nVase2: H\u00f6he 14 cm<br \/>\nVase3: H\u00f6he 17 cm<\/p>\n<p>Artikel muss im \u00fcbergebenen Zustand zur\u00fcck gegeben werden. Bei Besch\u00e4digung oder Verlust, ist ein Preis von 6 Euro zu erstatten.<\/p>\n<p>Blumenschmuck und weitere abgebildeten Dekoartikel sind nicht im Mietpreis enthalten.<\/p>\n<p>Die Mietdauer betr\u00e4gt 4 Tage.<\/p>\n","protected":false},"featured_media":23484,"template":"","meta":{"inline_featured_image":false},"product_brand":[],"product_cat":[28],"product_tag":[],"class_list":{"0":"post-332","1":"product","2":"type-product","3":"status-publish","4":"has-post-thumbnail","6":"product_cat-glas-und-vasen","8":"first","9":"instock","10":"shipping-taxable","11":"purchasable","12":"product-type-simple"},"yoast_head":"<!-- This site is optimized with the Yoast SEO plugin v25.3.1 - https:\/\/yoast.com\/wordpress\/plugins\/seo\/ -->\n<title>Kleine Glasvase mieten vintage Style Hochzeitsdeko M\u00fcnchen<\/title>\n<meta name=\"description\" content=\"Kleine Glasvase mieten. Unterschiedliche Designs. Vintage hochzeit. Boho Hochzeit. Dekoverlei Raum M\u00fcnchen. Hochzeit selber gestalten\" \/>\n<meta name=\"robots\" content=\"index, follow, max-snippet:-1, max-image-preview:large, max-video-preview:-1\" \/>\n<link rel=\"canonical\" href=\"https:\/\/alicedesign4you.de\/shop\/product\/kleine-glasvase-mieten\/\" \/>\n<meta property=\"og:locale\" content=\"de_DE\" \/>\n<meta property=\"og:type\" content=\"article\" \/>\n<meta property=\"og:title\" content=\"Kleine Glasvase mieten vintage Style Hochzeitsdeko M\u00fcnchen\" \/>\n<meta property=\"og:description\" content=\"Kleine Glasvase mieten. Unterschiedliche Designs. Vintage hochzeit. Boho Hochzeit. Dekoverlei Raum M\u00fcnchen. Hochzeit selber gestalten\" \/>\n<meta property=\"og:url\" content=\"https:\/\/alicedesign4you.de\/shop\/product\/kleine-glasvase-mieten\/\" \/>\n<meta property=\"og:site_name\" content=\"Hochzeitsdeko M\u00fcnchen &amp; Floristik | Alice Design\" \/>\n<meta property=\"article:modified_time\" content=\"2024-06-06T21:28:40+00:00\" \/>\n<meta property=\"og:image\" content=\"https:\/\/alicedesign4you.de\/shop\/wp-content\/uploads\/2021\/02\/Vasen-Set-klein-Verschiedene-Designs.png\" \/>\n\t<meta property=\"og:image:width\" content=\"300\" \/>\n\t<meta property=\"og:image:height\" content=\"450\" \/>\n\t<meta property=\"og:image:type\" content=\"image\/png\" \/>\n<meta name=\"twitter:card\" content=\"summary_large_image\" \/>\n<meta name=\"twitter:label1\" content=\"Gesch\u00e4tzte Lesezeit\" \/>\n\t<meta name=\"twitter:data1\" content=\"2\u00a0Minuten\" \/>\n<script type=\"application\/ld+json\" class=\"yoast-schema-graph\">{\"@context\":\"https:\/\/schema.org\",\"@graph\":[{\"@type\":\"WebPage\",\"@id\":\"https:\/\/alicedesign4you.de\/shop\/product\/kleine-glasvase-mieten\/\",\"url\":\"https:\/\/alicedesign4you.de\/shop\/product\/kleine-glasvase-mieten\/\",\"name\":\"Kleine Glasvase mieten vintage Style Hochzeitsdeko M\u00fcnchen\",\"isPartOf\":{\"@id\":\"https:\/\/alicedesign4you.de\/shop\/#website\"},\"primaryImageOfPage\":{\"@id\":\"https:\/\/alicedesign4you.de\/shop\/product\/kleine-glasvase-mieten\/#primaryimage\"},\"image\":{\"@id\":\"https:\/\/alicedesign4you.de\/shop\/product\/kleine-glasvase-mieten\/#primaryimage\"},\"thumbnailUrl\":\"https:\/\/alicedesign4you.de\/shop\/wp-content\/uploads\/2021\/02\/Vasen-Set-klein-Verschiedene-Designs.png\",\"datePublished\":\"2021-02-18T19:49:08+00:00\",\"dateModified\":\"2024-06-06T21:28:40+00:00\",\"description\":\"Kleine Glasvase mieten. Unterschiedliche Designs. Vintage hochzeit. Boho Hochzeit. Dekoverlei Raum M\u00fcnchen. Hochzeit selber gestalten\",\"breadcrumb\":{\"@id\":\"https:\/\/alicedesign4you.de\/shop\/product\/kleine-glasvase-mieten\/#breadcrumb\"},\"inLanguage\":\"de\",\"potentialAction\":[{\"@type\":\"ReadAction\",\"target\":[\"https:\/\/alicedesign4you.de\/shop\/product\/kleine-glasvase-mieten\/\"]}]},{\"@type\":\"ImageObject\",\"inLanguage\":\"de\",\"@id\":\"https:\/\/alicedesign4you.de\/shop\/product\/kleine-glasvase-mieten\/#primaryimage\",\"url\":\"https:\/\/alicedesign4you.de\/shop\/wp-content\/uploads\/2021\/02\/Vasen-Set-klein-Verschiedene-Designs.png\",\"contentUrl\":\"https:\/\/alicedesign4you.de\/shop\/wp-content\/uploads\/2021\/02\/Vasen-Set-klein-Verschiedene-Designs.png\",\"width\":300,\"height\":450,\"caption\":\"Vasen-Set (klein) Verschiedene Designs\"},{\"@type\":\"BreadcrumbList\",\"@id\":\"https:\/\/alicedesign4you.de\/shop\/product\/kleine-glasvase-mieten\/#breadcrumb\",\"itemListElement\":[{\"@type\":\"ListItem\",\"position\":1,\"name\":\"Startseite\",\"item\":\"https:\/\/alicedesign4you.de\/shop\/\"},{\"@type\":\"ListItem\",\"position\":2,\"name\":\"Shop\",\"item\":\"https:\/\/alicedesign4you.de\/shop\/shop\/\"},{\"@type\":\"ListItem\",\"position\":3,\"name\":\"Vasen-Set (klein) Verschiedene Designs\"}]},{\"@type\":\"WebSite\",\"@id\":\"https:\/\/alicedesign4you.de\/shop\/#website\",\"url\":\"https:\/\/alicedesign4you.de\/shop\/\",\"name\":\"Hochzeitsdeko M\u00fcnchen &amp; Floristik | Alice Design\",\"description\":\"Individuelle Hochzeitsdeko und traumhafte Floristik f\u00fcr eure Hochzeit &amp; Events in M\u00fcnchen und Umgebung. Kompetente Beratung und Planung mit viel Liebe zum Detail!\",\"potentialAction\":[{\"@type\":\"SearchAction\",\"target\":{\"@type\":\"EntryPoint\",\"urlTemplate\":\"https:\/\/alicedesign4you.de\/shop\/?s={search_term_string}\"},\"query-input\":{\"@type\":\"PropertyValueSpecification\",\"valueRequired\":true,\"valueName\":\"search_term_string\"}}],\"inLanguage\":\"de\"}]}<\/script>\n<!-- \/ Yoast SEO plugin. -->","yoast_head_json":{"title":"Kleine Glasvase mieten vintage Style Hochzeitsdeko M\u00fcnchen","description":"Kleine Glasvase mieten. Unterschiedliche Designs. Vintage hochzeit. Boho Hochzeit. Dekoverlei Raum M\u00fcnchen. Hochzeit selber gestalten","robots":{"index":"index","follow":"follow","max-snippet":"max-snippet:-1","max-image-preview":"max-image-preview:large","max-video-preview":"max-video-preview:-1"},"canonical":"https:\/\/alicedesign4you.de\/shop\/product\/kleine-glasvase-mieten\/","og_locale":"de_DE","og_type":"article","og_title":"Kleine Glasvase mieten vintage Style Hochzeitsdeko M\u00fcnchen","og_description":"Kleine Glasvase mieten. Unterschiedliche Designs. Vintage hochzeit. Boho Hochzeit. Dekoverlei Raum M\u00fcnchen. Hochzeit selber gestalten","og_url":"https:\/\/alicedesign4you.de\/shop\/product\/kleine-glasvase-mieten\/","og_site_name":"Hochzeitsdeko M\u00fcnchen &amp; Floristik | Alice Design","article_modified_time":"2024-06-06T21:28:40+00:00","og_image":[{"width":300,"height":450,"url":"https:\/\/alicedesign4you.de\/shop\/wp-content\/uploads\/2021\/02\/Vasen-Set-klein-Verschiedene-Designs.png","type":"image\/png"}],"twitter_card":"summary_large_image","twitter_misc":{"Gesch\u00e4tzte Lesezeit":"2\u00a0Minuten"},"schema":{"@context":"https:\/\/schema.org","@graph":[{"@type":"WebPage","@id":"https:\/\/alicedesign4you.de\/shop\/product\/kleine-glasvase-mieten\/","url":"https:\/\/alicedesign4you.de\/shop\/product\/kleine-glasvase-mieten\/","name":"Kleine Glasvase mieten vintage Style Hochzeitsdeko M\u00fcnchen","isPartOf":{"@id":"https:\/\/alicedesign4you.de\/shop\/#website"},"primaryImageOfPage":{"@id":"https:\/\/alicedesign4you.de\/shop\/product\/kleine-glasvase-mieten\/#primaryimage"},"image":{"@id":"https:\/\/alicedesign4you.de\/shop\/product\/kleine-glasvase-mieten\/#primaryimage"},"thumbnailUrl":"https:\/\/alicedesign4you.de\/shop\/wp-content\/uploads\/2021\/02\/Vasen-Set-klein-Verschiedene-Designs.png","datePublished":"2021-02-18T19:49:08+00:00","dateModified":"2024-06-06T21:28:40+00:00","description":"Kleine Glasvase mieten. Unterschiedliche Designs. Vintage hochzeit. Boho Hochzeit. Dekoverlei Raum M\u00fcnchen. Hochzeit selber gestalten","breadcrumb":{"@id":"https:\/\/alicedesign4you.de\/shop\/product\/kleine-glasvase-mieten\/#breadcrumb"},"inLanguage":"de","potentialAction":[{"@type":"ReadAction","target":["https:\/\/alicedesign4you.de\/shop\/product\/kleine-glasvase-mieten\/"]}]},{"@type":"ImageObject","inLanguage":"de","@id":"https:\/\/alicedesign4you.de\/shop\/product\/kleine-glasvase-mieten\/#primaryimage","url":"https:\/\/alicedesign4you.de\/shop\/wp-content\/uploads\/2021\/02\/Vasen-Set-klein-Verschiedene-Designs.png","contentUrl":"https:\/\/alicedesign4you.de\/shop\/wp-content\/uploads\/2021\/02\/Vasen-Set-klein-Verschiedene-Designs.png","width":300,"height":450,"caption":"Vasen-Set (klein) Verschiedene Designs"},{"@type":"BreadcrumbList","@id":"https:\/\/alicedesign4you.de\/shop\/product\/kleine-glasvase-mieten\/#breadcrumb","itemListElement":[{"@type":"ListItem","position":1,"name":"Startseite","item":"https:\/\/alicedesign4you.de\/shop\/"},{"@type":"ListItem","position":2,"name":"Shop","item":"https:\/\/alicedesign4you.de\/shop\/shop\/"},{"@type":"ListItem","position":3,"name":"Vasen-Set (klein) Verschiedene Designs"}]},{"@type":"WebSite","@id":"https:\/\/alicedesign4you.de\/shop\/#website","url":"https:\/\/alicedesign4you.de\/shop\/","name":"Hochzeitsdeko M\u00fcnchen &amp; Floristik | Alice Design","description":"Individuelle Hochzeitsdeko und traumhafte Floristik f\u00fcr eure Hochzeit &amp; Events in M\u00fcnchen und Umgebung. Kompetente Beratung und Planung mit viel Liebe zum Detail!","potentialAction":[{"@type":"SearchAction","target":{"@type":"EntryPoint","urlTemplate":"https:\/\/alicedesign4you.de\/shop\/?s={search_term_string}"},"query-input":{"@type":"PropertyValueSpecification","valueRequired":true,"valueName":"search_term_string"}}],"inLanguage":"de"}]}},"_links":{"self":[{"href":"https:\/\/alicedesign4you.de\/shop\/wp-json\/wp\/v2\/product\/332","targetHints":{"allow":["GET"]}}],"collection":[{"href":"https:\/\/alicedesign4you.de\/shop\/wp-json\/wp\/v2\/product"}],"about":[{"href":"https:\/\/alicedesign4you.de\/shop\/wp-json\/wp\/v2\/types\/product"}],"version-history":[{"count":2,"href":"https:\/\/alicedesign4you.de\/shop\/wp-json\/wp\/v2\/product\/332\/revisions"}],"predecessor-version":[{"id":23485,"href":"https:\/\/alicedesign4you.de\/shop\/wp-json\/wp\/v2\/product\/332\/revisions\/23485"}],"wp:featuredmedia":[{"embeddable":true,"href":"https:\/\/alicedesign4you.de\/shop\/wp-json\/wp\/v2\/media\/23484"}],"wp:attachment":[{"href":"https:\/\/alicedesign4you.de\/shop\/wp-json\/wp\/v2\/media?parent=332"}],"wp:term":[{"taxonomy":"product_brand","embeddable":true,"href":"https:\/\/alicedesign4you.de\/shop\/wp-json\/wp\/v2\/product_brand?post=332"},{"taxonomy":"product_cat","embeddable":true,"href":"https:\/\/alicedesign4you.de\/shop\/wp-json\/wp\/v2\/product_cat?post=332"},{"taxonomy":"product_tag","embeddable":true,"href":"https:\/\/alicedesign4you.de\/shop\/wp-json\/wp\/v2\/product_tag?post=332"}],"curies":[{"name":"wp","href":"https:\/\/api.w.org\/{rel}","templated":true}]}}