{"id":321,"date":"2021-02-18T19:38:07","date_gmt":"2021-02-18T19:38:07","guid":{"rendered":"\/?post_type=product&#038;p=321"},"modified":"2024-06-06T22:33:38","modified_gmt":"2024-06-06T21:33:38","slug":"spiegelplatte-mieten","status":"publish","type":"product","link":"https:\/\/alicedesign4you.de\/shop\/product\/spiegelplatte-mieten\/","title":{"rendered":"Spiegelplatte  \u00d8 40cm Krystallspiegel"},"content":{"rendered":"<h2>Spiegelplatte mieten<\/h2>\n<p>Spiegelplatte mieten: Durchmesser: \u00d8 40cm<\/p>\n<ul>\n<li>Artikel muss im \u00fcbergebenen Zustand zur\u00fcck gegeben werden. Bei Besch\u00e4digung oder Verlust, ist ein Preis von 20 Euro zu erstatten.<\/li>\n<li>Blumenschmuck und weitere abgebildeten Dekoartikel sind nicht im Mietpreis enthalten.<\/li>\n<li>Die Mietdauer betr\u00e4gt 4 Tage<\/li>\n<li>Kaution 6\u20ac<\/li>\n<\/ul>\n<p><span data-sheets-formula-bar-text-style=\"font-size:13px;color:#000000;font-weight:normal;text-decoration:none;font-family:'Arial';font-style:normal;text-decoration-skip-ink:none;\"><h2>R\u00fcckgabebedingungen<\/h2>\r\n<ul>\r\n \t<li>Der Artikel ist in dem Zustand wie zur Waren\u00fcbergabe nach der Mietdauer zur\u00fcck zu geben.<\/li>\r\n \t<li>Bitte \u00fcberpr\u00fcfen Sie unsere Ware umgehend. Alle Reklamationen, die sp\u00e4ter als 24 Stunden nach Erhalt\u00a0eintreffen, werden nicht akzeptiert.<\/li>\r\n \t<li>Bei Brandl\u00f6cher, Risse, Kerzenwachs und anderen Besch\u00e4digungen behalten wir uns das Recht vor dieses in Rechnung zu stellen bzw. den Widerbeschaffungspreis zu berechnen.<\/li>\r\n<\/ul>\r\n<h2>Versandinformationen<\/h2>\r\n<ul>\r\n \t<li>Abholung in M\u00fchldorf am Inn 84453<\/li>\r\n \t<li>Lieferung nach Absprache m\u00f6glich (Anfrage per WhatsApp 015120649803)<\/li>\r\n<\/ul><\/span><\/p>\n<p>&nbsp;<\/p>\n<p>In der heutigen Zeit sind Spiegeln da, f\u00fcr das Schminken, Waschen, usw.. . Aber warum versuchen nicht es als elegante Deko zu benutzen? Schon fr\u00fcher wurden Spiegeln gerne und oft in Schl\u00f6ssern gestellt, um die R\u00e4ume riesiger aussehen zu lassen.<br \/>\nDie runden Spiegelplatten kann wie als Deko-Tablett benutzt werden. Darauf kann man Vasen, Blume und alles was man will spiegeln lassen. Somit kommt die Dekoration mit gespiegelter Weise gl\u00e4nzender vor.<\/p>\n<p>Passend dazu: <a href=\"https:\/\/alicedesign4you.de\/shop\/product\/kerzenstaender-3-er-set-gold\/\">Kerzenst\u00e4nder gold mieten. Moderne Dekorationen Raum M\u00fcnchen (alicedesign4you.de)<\/a><\/p>\n<p><a href=\"https:\/\/www.instagram.com\/p\/BW5FTjaAEQz\/\">Hochzeit Deko M\u00fcnchen &amp; Bayern (@hochzeitsdeko_bayern) \u2022 Instagram-Fotos und -Videos<\/a><\/p>\n<p>&nbsp;<\/p>\n<p>F\u00fcr diejenige, die es klassisch m\u00f6gen, wird\u00a0 eine dezente elegante Dekoration empfohlen.<br \/>\n\u2800<br \/>\nHauptkriterien: Leichtigkeit, Bescheidenheit, Erlesenheit, Raffinesse, Tadellosigkeit<br \/>\n\u2800<br \/>\nFarbmuster Die wei\u00dfe Farbe ist eine Norm der Klassik, aber heutzutage gibt es die M\u00f6glichkeit eine gro\u00dfe Auswahl an sanften Farbt\u00f6nen die man verwenden kann. Zum Beispiel: Beige, Perlenfarbe, Elfenbeinfarbe (ivory), eisige Farben mit Blaustich, Silber, Champagnerfarbe und Pastellfarben.<br \/>\n\u2800<br \/>\nFloristik Die am besten geeigneten Blumen sind Rosen, Orchideen, Lilien, Hortensien, ganz selten Feldblumen.<br \/>\n\u2800<\/p>\n","protected":false},"excerpt":{"rendered":"<p>Durchmesser: \u00d8 40 cm<\/p>\n<p>Artikel muss im \u00fcbergebenen Zustand zur\u00fcck gegeben werden. Bei Besch\u00e4digung oder Verlust, ist ein Preis von 20 Euro zu erstatten.<\/p>\n<p>Blumenschmuck und weitere abgebildeten Dekoartikel sind nicht im Mietpreis enthalten.<\/p>\n<p>Die Mietdauer betr\u00e4gt 4 Tage.<\/p>\n","protected":false},"featured_media":23486,"template":"","meta":{"inline_featured_image":false},"product_brand":[],"product_cat":[28],"product_tag":[],"class_list":{"0":"post-321","1":"product","2":"type-product","3":"status-publish","4":"has-post-thumbnail","6":"product_cat-glas-und-vasen","8":"first","9":"instock","10":"shipping-taxable","11":"purchasable","12":"product-type-simple"},"yoast_head":"<!-- This site is optimized with the Yoast SEO plugin v25.3.1 - https:\/\/yoast.com\/wordpress\/plugins\/seo\/ -->\n<title>Spiegelplatte mieten Durchmesser 40cm elegante Hochzeit<\/title>\n<meta name=\"description\" content=\"Spiegelplatte mieten Durchmesser 40cm. Hochzeitsdekoration, Vintage hochzeit Raum M\u00fcnchen g\u00fcnstig Hochzeitsdeko verleihen\" \/>\n<meta name=\"robots\" content=\"index, follow, max-snippet:-1, max-image-preview:large, max-video-preview:-1\" \/>\n<link rel=\"canonical\" href=\"https:\/\/alicedesign4you.de\/shop\/product\/spiegelplatte-mieten\/\" \/>\n<meta property=\"og:locale\" content=\"de_DE\" \/>\n<meta property=\"og:type\" content=\"article\" \/>\n<meta property=\"og:title\" content=\"Spiegelplatte mieten Durchmesser 40cm elegante Hochzeit\" \/>\n<meta property=\"og:description\" content=\"Spiegelplatte mieten Durchmesser 40cm. Hochzeitsdekoration, Vintage hochzeit Raum M\u00fcnchen g\u00fcnstig Hochzeitsdeko verleihen\" \/>\n<meta property=\"og:url\" content=\"https:\/\/alicedesign4you.de\/shop\/product\/spiegelplatte-mieten\/\" \/>\n<meta property=\"og:site_name\" content=\"Hochzeitsdeko M\u00fcnchen &amp; Floristik | Alice Design\" \/>\n<meta property=\"article:modified_time\" content=\"2024-06-06T21:33:38+00:00\" \/>\n<meta property=\"og:image\" content=\"https:\/\/alicedesign4you.de\/shop\/wp-content\/uploads\/2021\/02\/Spiegelplatte-O-40cm-Krystallspiegel.png\" \/>\n\t<meta property=\"og:image:width\" content=\"300\" \/>\n\t<meta property=\"og:image:height\" content=\"450\" \/>\n\t<meta property=\"og:image:type\" content=\"image\/png\" \/>\n<meta name=\"twitter:card\" content=\"summary_large_image\" \/>\n<meta name=\"twitter:label1\" content=\"Gesch\u00e4tzte Lesezeit\" \/>\n\t<meta name=\"twitter:data1\" content=\"2\u00a0Minuten\" \/>\n<script type=\"application\/ld+json\" class=\"yoast-schema-graph\">{\"@context\":\"https:\/\/schema.org\",\"@graph\":[{\"@type\":\"WebPage\",\"@id\":\"https:\/\/alicedesign4you.de\/shop\/product\/spiegelplatte-mieten\/\",\"url\":\"https:\/\/alicedesign4you.de\/shop\/product\/spiegelplatte-mieten\/\",\"name\":\"Spiegelplatte mieten Durchmesser 40cm elegante Hochzeit\",\"isPartOf\":{\"@id\":\"https:\/\/alicedesign4you.de\/shop\/#website\"},\"primaryImageOfPage\":{\"@id\":\"https:\/\/alicedesign4you.de\/shop\/product\/spiegelplatte-mieten\/#primaryimage\"},\"image\":{\"@id\":\"https:\/\/alicedesign4you.de\/shop\/product\/spiegelplatte-mieten\/#primaryimage\"},\"thumbnailUrl\":\"https:\/\/alicedesign4you.de\/shop\/wp-content\/uploads\/2021\/02\/Spiegelplatte-O-40cm-Krystallspiegel.png\",\"datePublished\":\"2021-02-18T19:38:07+00:00\",\"dateModified\":\"2024-06-06T21:33:38+00:00\",\"description\":\"Spiegelplatte mieten Durchmesser 40cm. Hochzeitsdekoration, Vintage hochzeit Raum M\u00fcnchen g\u00fcnstig Hochzeitsdeko verleihen\",\"breadcrumb\":{\"@id\":\"https:\/\/alicedesign4you.de\/shop\/product\/spiegelplatte-mieten\/#breadcrumb\"},\"inLanguage\":\"de\",\"potentialAction\":[{\"@type\":\"ReadAction\",\"target\":[\"https:\/\/alicedesign4you.de\/shop\/product\/spiegelplatte-mieten\/\"]}]},{\"@type\":\"ImageObject\",\"inLanguage\":\"de\",\"@id\":\"https:\/\/alicedesign4you.de\/shop\/product\/spiegelplatte-mieten\/#primaryimage\",\"url\":\"https:\/\/alicedesign4you.de\/shop\/wp-content\/uploads\/2021\/02\/Spiegelplatte-O-40cm-Krystallspiegel.png\",\"contentUrl\":\"https:\/\/alicedesign4you.de\/shop\/wp-content\/uploads\/2021\/02\/Spiegelplatte-O-40cm-Krystallspiegel.png\",\"width\":300,\"height\":450,\"caption\":\"Spiegelplatte \u00d8 40cm Krystallspiegel\"},{\"@type\":\"BreadcrumbList\",\"@id\":\"https:\/\/alicedesign4you.de\/shop\/product\/spiegelplatte-mieten\/#breadcrumb\",\"itemListElement\":[{\"@type\":\"ListItem\",\"position\":1,\"name\":\"Startseite\",\"item\":\"https:\/\/alicedesign4you.de\/shop\/\"},{\"@type\":\"ListItem\",\"position\":2,\"name\":\"Shop\",\"item\":\"https:\/\/alicedesign4you.de\/shop\/shop\/\"},{\"@type\":\"ListItem\",\"position\":3,\"name\":\"Spiegelplatte \u00d8 40cm Krystallspiegel\"}]},{\"@type\":\"WebSite\",\"@id\":\"https:\/\/alicedesign4you.de\/shop\/#website\",\"url\":\"https:\/\/alicedesign4you.de\/shop\/\",\"name\":\"Hochzeitsdeko M\u00fcnchen &amp; Floristik | Alice Design\",\"description\":\"Individuelle Hochzeitsdeko und traumhafte Floristik f\u00fcr eure Hochzeit &amp; Events in M\u00fcnchen und Umgebung. Kompetente Beratung und Planung mit viel Liebe zum Detail!\",\"potentialAction\":[{\"@type\":\"SearchAction\",\"target\":{\"@type\":\"EntryPoint\",\"urlTemplate\":\"https:\/\/alicedesign4you.de\/shop\/?s={search_term_string}\"},\"query-input\":{\"@type\":\"PropertyValueSpecification\",\"valueRequired\":true,\"valueName\":\"search_term_string\"}}],\"inLanguage\":\"de\"}]}<\/script>\n<!-- \/ Yoast SEO plugin. -->","yoast_head_json":{"title":"Spiegelplatte mieten Durchmesser 40cm elegante Hochzeit","description":"Spiegelplatte mieten Durchmesser 40cm. Hochzeitsdekoration, Vintage hochzeit Raum M\u00fcnchen g\u00fcnstig Hochzeitsdeko verleihen","robots":{"index":"index","follow":"follow","max-snippet":"max-snippet:-1","max-image-preview":"max-image-preview:large","max-video-preview":"max-video-preview:-1"},"canonical":"https:\/\/alicedesign4you.de\/shop\/product\/spiegelplatte-mieten\/","og_locale":"de_DE","og_type":"article","og_title":"Spiegelplatte mieten Durchmesser 40cm elegante Hochzeit","og_description":"Spiegelplatte mieten Durchmesser 40cm. Hochzeitsdekoration, Vintage hochzeit Raum M\u00fcnchen g\u00fcnstig Hochzeitsdeko verleihen","og_url":"https:\/\/alicedesign4you.de\/shop\/product\/spiegelplatte-mieten\/","og_site_name":"Hochzeitsdeko M\u00fcnchen &amp; Floristik | Alice Design","article_modified_time":"2024-06-06T21:33:38+00:00","og_image":[{"width":300,"height":450,"url":"https:\/\/alicedesign4you.de\/shop\/wp-content\/uploads\/2021\/02\/Spiegelplatte-O-40cm-Krystallspiegel.png","type":"image\/png"}],"twitter_card":"summary_large_image","twitter_misc":{"Gesch\u00e4tzte Lesezeit":"2\u00a0Minuten"},"schema":{"@context":"https:\/\/schema.org","@graph":[{"@type":"WebPage","@id":"https:\/\/alicedesign4you.de\/shop\/product\/spiegelplatte-mieten\/","url":"https:\/\/alicedesign4you.de\/shop\/product\/spiegelplatte-mieten\/","name":"Spiegelplatte mieten Durchmesser 40cm elegante Hochzeit","isPartOf":{"@id":"https:\/\/alicedesign4you.de\/shop\/#website"},"primaryImageOfPage":{"@id":"https:\/\/alicedesign4you.de\/shop\/product\/spiegelplatte-mieten\/#primaryimage"},"image":{"@id":"https:\/\/alicedesign4you.de\/shop\/product\/spiegelplatte-mieten\/#primaryimage"},"thumbnailUrl":"https:\/\/alicedesign4you.de\/shop\/wp-content\/uploads\/2021\/02\/Spiegelplatte-O-40cm-Krystallspiegel.png","datePublished":"2021-02-18T19:38:07+00:00","dateModified":"2024-06-06T21:33:38+00:00","description":"Spiegelplatte mieten Durchmesser 40cm. Hochzeitsdekoration, Vintage hochzeit Raum M\u00fcnchen g\u00fcnstig Hochzeitsdeko verleihen","breadcrumb":{"@id":"https:\/\/alicedesign4you.de\/shop\/product\/spiegelplatte-mieten\/#breadcrumb"},"inLanguage":"de","potentialAction":[{"@type":"ReadAction","target":["https:\/\/alicedesign4you.de\/shop\/product\/spiegelplatte-mieten\/"]}]},{"@type":"ImageObject","inLanguage":"de","@id":"https:\/\/alicedesign4you.de\/shop\/product\/spiegelplatte-mieten\/#primaryimage","url":"https:\/\/alicedesign4you.de\/shop\/wp-content\/uploads\/2021\/02\/Spiegelplatte-O-40cm-Krystallspiegel.png","contentUrl":"https:\/\/alicedesign4you.de\/shop\/wp-content\/uploads\/2021\/02\/Spiegelplatte-O-40cm-Krystallspiegel.png","width":300,"height":450,"caption":"Spiegelplatte \u00d8 40cm Krystallspiegel"},{"@type":"BreadcrumbList","@id":"https:\/\/alicedesign4you.de\/shop\/product\/spiegelplatte-mieten\/#breadcrumb","itemListElement":[{"@type":"ListItem","position":1,"name":"Startseite","item":"https:\/\/alicedesign4you.de\/shop\/"},{"@type":"ListItem","position":2,"name":"Shop","item":"https:\/\/alicedesign4you.de\/shop\/shop\/"},{"@type":"ListItem","position":3,"name":"Spiegelplatte \u00d8 40cm Krystallspiegel"}]},{"@type":"WebSite","@id":"https:\/\/alicedesign4you.de\/shop\/#website","url":"https:\/\/alicedesign4you.de\/shop\/","name":"Hochzeitsdeko M\u00fcnchen &amp; Floristik | Alice Design","description":"Individuelle Hochzeitsdeko und traumhafte Floristik f\u00fcr eure Hochzeit &amp; Events in M\u00fcnchen und Umgebung. Kompetente Beratung und Planung mit viel Liebe zum Detail!","potentialAction":[{"@type":"SearchAction","target":{"@type":"EntryPoint","urlTemplate":"https:\/\/alicedesign4you.de\/shop\/?s={search_term_string}"},"query-input":{"@type":"PropertyValueSpecification","valueRequired":true,"valueName":"search_term_string"}}],"inLanguage":"de"}]}},"_links":{"self":[{"href":"https:\/\/alicedesign4you.de\/shop\/wp-json\/wp\/v2\/product\/321","targetHints":{"allow":["GET"]}}],"collection":[{"href":"https:\/\/alicedesign4you.de\/shop\/wp-json\/wp\/v2\/product"}],"about":[{"href":"https:\/\/alicedesign4you.de\/shop\/wp-json\/wp\/v2\/types\/product"}],"version-history":[{"count":2,"href":"https:\/\/alicedesign4you.de\/shop\/wp-json\/wp\/v2\/product\/321\/revisions"}],"predecessor-version":[{"id":23487,"href":"https:\/\/alicedesign4you.de\/shop\/wp-json\/wp\/v2\/product\/321\/revisions\/23487"}],"wp:featuredmedia":[{"embeddable":true,"href":"https:\/\/alicedesign4you.de\/shop\/wp-json\/wp\/v2\/media\/23486"}],"wp:attachment":[{"href":"https:\/\/alicedesign4you.de\/shop\/wp-json\/wp\/v2\/media?parent=321"}],"wp:term":[{"taxonomy":"product_brand","embeddable":true,"href":"https:\/\/alicedesign4you.de\/shop\/wp-json\/wp\/v2\/product_brand?post=321"},{"taxonomy":"product_cat","embeddable":true,"href":"https:\/\/alicedesign4you.de\/shop\/wp-json\/wp\/v2\/product_cat?post=321"},{"taxonomy":"product_tag","embeddable":true,"href":"https:\/\/alicedesign4you.de\/shop\/wp-json\/wp\/v2\/product_tag?post=321"}],"curies":[{"name":"wp","href":"https:\/\/api.w.org\/{rel}","templated":true}]}}