{"id":320,"date":"2021-02-18T19:34:22","date_gmt":"2021-02-18T19:34:22","guid":{"rendered":"\/?post_type=product&#038;p=320"},"modified":"2024-06-06T22:10:03","modified_gmt":"2024-06-06T21:10:03","slug":"goldene-flaschen-3er-set","status":"publish","type":"product","link":"https:\/\/alicedesign4you.de\/shop\/product\/goldene-flaschen-3er-set\/","title":{"rendered":"Goldene Flaschen (3er Set) Verschiedene Designs"},"content":{"rendered":"<h2>Goldene Flaschen<\/h2>\n<p>Goldene Flaschen<\/p>\n<ul>\n<li>Artikel muss im \u00fcbergebenen Zustand zur\u00fcck gegeben werden. Bei Besch\u00e4digung oder Verlust, ist ein Preis von 6 Euro zu erstatten.<\/li>\n<li>Blumenschmuck und weitere abgebildeten Dekoartikel sind nicht im Mietpreis enthalten.<\/li>\n<li>Die Mietdauer betr\u00e4gt 4 Tage.<\/li>\n<\/ul>\n<p><span data-sheets-formula-bar-text-style=\"font-size:13px;color:#000000;font-weight:normal;text-decoration:none;font-family:'Arial';font-style:normal;text-decoration-skip-ink:none;\"><h2>R\u00fcckgabebedingungen<\/h2>\r\n<ul>\r\n \t<li>Der Artikel ist in dem Zustand wie zur Waren\u00fcbergabe nach der Mietdauer zur\u00fcck zu geben.<\/li>\r\n \t<li>Bitte \u00fcberpr\u00fcfen Sie unsere Ware umgehend. Alle Reklamationen, die sp\u00e4ter als 24 Stunden nach Erhalt\u00a0eintreffen, werden nicht akzeptiert.<\/li>\r\n \t<li>Bei Brandl\u00f6cher, Risse, Kerzenwachs und anderen Besch\u00e4digungen behalten wir uns das Recht vor dieses in Rechnung zu stellen bzw. den Widerbeschaffungspreis zu berechnen.<\/li>\r\n<\/ul>\r\n<h2>Versandinformationen<\/h2>\r\n<ul>\r\n \t<li>Abholung in M\u00fchldorf am Inn 84453<\/li>\r\n \t<li>Lieferung nach Absprache m\u00f6glich (Anfrage per WhatsApp 015120649803)<\/li>\r\n<\/ul><\/span><\/p>\n<p>&nbsp;<\/p>\n<h4>Goldflaschen<\/h4>\n<p>ist eine andere Art von Vasen, welche immer beliebter werden. Die eigentlichen Weinflaschen k\u00f6nnen im goldener Haut kann eine sehr stilvollen Look bekommen und jede klassische Vase ersetzten. Denn es ist geeignet f\u00fcr d\u00fcnne Blumenstr\u00e4u\u00dfe und wundersch\u00f6ne einzel Blumen. Andererseits kann es auch an eine Flaschenpost erinnern. Immerhin ist die Form mehr als besonders als bei gew\u00f6hnlichen Vasen. Deshalb kann der goldene Schatz auch r\u00e4tselhaft und verborgen aussehen.<br \/>\nAu\u00dferdem kann mit der passenden Dekoration die Flasche ebenfalls f\u00fcr eine elegante und bezauberte Stimmung sorgen.<br \/>\nWie man sieht gibt es viele Sachen, was man damit machen kann!<br \/>\nDeswegen seien Sie kreativ und lassen sie sich inspirieren!<\/p>\n<p>Diese goldene Flaschen konnen Sie in unserem Verleih-Shop mieten.<\/p>\n","protected":false},"excerpt":{"rendered":"<p>Artikel muss im \u00fcbergebenen Zustand zur\u00fcck gegeben werden. Bei Besch\u00e4digung oder Verlust, ist ein Preis von 6 Euro zu erstatten.<\/p>\n<p>Blumenschmuck und weitere abgebildeten Dekoartikel sind nicht im Mietpreis enthalten.<\/p>\n<p>Die Mietdauer betr\u00e4gt 4 Tage.<\/p>\n","protected":false},"featured_media":23477,"template":"","meta":{"inline_featured_image":false},"product_brand":[],"product_cat":[28],"product_tag":[],"class_list":{"0":"post-320","1":"product","2":"type-product","3":"status-publish","4":"has-post-thumbnail","6":"product_cat-glas-und-vasen","8":"first","9":"instock","10":"shipping-taxable","11":"purchasable","12":"product-type-simple"},"yoast_head":"<!-- This site is optimized with the Yoast SEO plugin v25.3.1 - https:\/\/yoast.com\/wordpress\/plugins\/seo\/ -->\n<title>Goldene Flaschen mieten. Hochzeitsdeko M\u00fcnchen<\/title>\n<meta name=\"description\" content=\"Goldene Flaschen mieten in M\u00fcnchen. Verleihshop bequem und g\u00fcnstig mieten in unserem Online-Shop. Abholung oder Lieferung\" \/>\n<meta name=\"robots\" content=\"index, follow, max-snippet:-1, max-image-preview:large, max-video-preview:-1\" \/>\n<link rel=\"canonical\" href=\"https:\/\/alicedesign4you.de\/shop\/product\/goldene-flaschen-3er-set\/\" \/>\n<meta property=\"og:locale\" content=\"de_DE\" \/>\n<meta property=\"og:type\" content=\"article\" \/>\n<meta property=\"og:title\" content=\"Goldene Flaschen mieten. Hochzeitsdeko M\u00fcnchen\" \/>\n<meta property=\"og:description\" content=\"Goldene Flaschen mieten in M\u00fcnchen. Verleihshop bequem und g\u00fcnstig mieten in unserem Online-Shop. Abholung oder Lieferung\" \/>\n<meta property=\"og:url\" content=\"https:\/\/alicedesign4you.de\/shop\/product\/goldene-flaschen-3er-set\/\" \/>\n<meta property=\"og:site_name\" content=\"Hochzeitsdeko M\u00fcnchen &amp; Floristik | Alice Design\" \/>\n<meta property=\"article:modified_time\" content=\"2024-06-06T21:10:03+00:00\" \/>\n<meta property=\"og:image\" content=\"https:\/\/alicedesign4you.de\/shop\/wp-content\/uploads\/2021\/02\/Goldene-Flaschen-3er-Set-Verschiedene-Designs.png\" \/>\n\t<meta property=\"og:image:width\" content=\"300\" \/>\n\t<meta property=\"og:image:height\" content=\"450\" \/>\n\t<meta property=\"og:image:type\" content=\"image\/png\" \/>\n<meta name=\"twitter:card\" content=\"summary_large_image\" \/>\n<meta name=\"twitter:label1\" content=\"Gesch\u00e4tzte Lesezeit\" \/>\n\t<meta name=\"twitter:data1\" content=\"2\u00a0Minuten\" \/>\n<script type=\"application\/ld+json\" class=\"yoast-schema-graph\">{\"@context\":\"https:\/\/schema.org\",\"@graph\":[{\"@type\":\"WebPage\",\"@id\":\"https:\/\/alicedesign4you.de\/shop\/product\/goldene-flaschen-3er-set\/\",\"url\":\"https:\/\/alicedesign4you.de\/shop\/product\/goldene-flaschen-3er-set\/\",\"name\":\"Goldene Flaschen mieten. Hochzeitsdeko M\u00fcnchen\",\"isPartOf\":{\"@id\":\"https:\/\/alicedesign4you.de\/shop\/#website\"},\"primaryImageOfPage\":{\"@id\":\"https:\/\/alicedesign4you.de\/shop\/product\/goldene-flaschen-3er-set\/#primaryimage\"},\"image\":{\"@id\":\"https:\/\/alicedesign4you.de\/shop\/product\/goldene-flaschen-3er-set\/#primaryimage\"},\"thumbnailUrl\":\"https:\/\/alicedesign4you.de\/shop\/wp-content\/uploads\/2021\/02\/Goldene-Flaschen-3er-Set-Verschiedene-Designs.png\",\"datePublished\":\"2021-02-18T19:34:22+00:00\",\"dateModified\":\"2024-06-06T21:10:03+00:00\",\"description\":\"Goldene Flaschen mieten in M\u00fcnchen. Verleihshop bequem und g\u00fcnstig mieten in unserem Online-Shop. Abholung oder Lieferung\",\"breadcrumb\":{\"@id\":\"https:\/\/alicedesign4you.de\/shop\/product\/goldene-flaschen-3er-set\/#breadcrumb\"},\"inLanguage\":\"de\",\"potentialAction\":[{\"@type\":\"ReadAction\",\"target\":[\"https:\/\/alicedesign4you.de\/shop\/product\/goldene-flaschen-3er-set\/\"]}]},{\"@type\":\"ImageObject\",\"inLanguage\":\"de\",\"@id\":\"https:\/\/alicedesign4you.de\/shop\/product\/goldene-flaschen-3er-set\/#primaryimage\",\"url\":\"https:\/\/alicedesign4you.de\/shop\/wp-content\/uploads\/2021\/02\/Goldene-Flaschen-3er-Set-Verschiedene-Designs.png\",\"contentUrl\":\"https:\/\/alicedesign4you.de\/shop\/wp-content\/uploads\/2021\/02\/Goldene-Flaschen-3er-Set-Verschiedene-Designs.png\",\"width\":300,\"height\":450,\"caption\":\"Goldene Flaschen (3er Set) Verschiedene Designs\"},{\"@type\":\"BreadcrumbList\",\"@id\":\"https:\/\/alicedesign4you.de\/shop\/product\/goldene-flaschen-3er-set\/#breadcrumb\",\"itemListElement\":[{\"@type\":\"ListItem\",\"position\":1,\"name\":\"Startseite\",\"item\":\"https:\/\/alicedesign4you.de\/shop\/\"},{\"@type\":\"ListItem\",\"position\":2,\"name\":\"Shop\",\"item\":\"https:\/\/alicedesign4you.de\/shop\/shop\/\"},{\"@type\":\"ListItem\",\"position\":3,\"name\":\"Goldene Flaschen (3er Set) Verschiedene Designs\"}]},{\"@type\":\"WebSite\",\"@id\":\"https:\/\/alicedesign4you.de\/shop\/#website\",\"url\":\"https:\/\/alicedesign4you.de\/shop\/\",\"name\":\"Hochzeitsdeko M\u00fcnchen &amp; Floristik | Alice Design\",\"description\":\"Individuelle Hochzeitsdeko und traumhafte Floristik f\u00fcr eure Hochzeit &amp; Events in M\u00fcnchen und Umgebung. Kompetente Beratung und Planung mit viel Liebe zum Detail!\",\"potentialAction\":[{\"@type\":\"SearchAction\",\"target\":{\"@type\":\"EntryPoint\",\"urlTemplate\":\"https:\/\/alicedesign4you.de\/shop\/?s={search_term_string}\"},\"query-input\":{\"@type\":\"PropertyValueSpecification\",\"valueRequired\":true,\"valueName\":\"search_term_string\"}}],\"inLanguage\":\"de\"}]}<\/script>\n<!-- \/ Yoast SEO plugin. -->","yoast_head_json":{"title":"Goldene Flaschen mieten. Hochzeitsdeko M\u00fcnchen","description":"Goldene Flaschen mieten in M\u00fcnchen. Verleihshop bequem und g\u00fcnstig mieten in unserem Online-Shop. Abholung oder Lieferung","robots":{"index":"index","follow":"follow","max-snippet":"max-snippet:-1","max-image-preview":"max-image-preview:large","max-video-preview":"max-video-preview:-1"},"canonical":"https:\/\/alicedesign4you.de\/shop\/product\/goldene-flaschen-3er-set\/","og_locale":"de_DE","og_type":"article","og_title":"Goldene Flaschen mieten. Hochzeitsdeko M\u00fcnchen","og_description":"Goldene Flaschen mieten in M\u00fcnchen. Verleihshop bequem und g\u00fcnstig mieten in unserem Online-Shop. Abholung oder Lieferung","og_url":"https:\/\/alicedesign4you.de\/shop\/product\/goldene-flaschen-3er-set\/","og_site_name":"Hochzeitsdeko M\u00fcnchen &amp; Floristik | Alice Design","article_modified_time":"2024-06-06T21:10:03+00:00","og_image":[{"width":300,"height":450,"url":"https:\/\/alicedesign4you.de\/shop\/wp-content\/uploads\/2021\/02\/Goldene-Flaschen-3er-Set-Verschiedene-Designs.png","type":"image\/png"}],"twitter_card":"summary_large_image","twitter_misc":{"Gesch\u00e4tzte Lesezeit":"2\u00a0Minuten"},"schema":{"@context":"https:\/\/schema.org","@graph":[{"@type":"WebPage","@id":"https:\/\/alicedesign4you.de\/shop\/product\/goldene-flaschen-3er-set\/","url":"https:\/\/alicedesign4you.de\/shop\/product\/goldene-flaschen-3er-set\/","name":"Goldene Flaschen mieten. Hochzeitsdeko M\u00fcnchen","isPartOf":{"@id":"https:\/\/alicedesign4you.de\/shop\/#website"},"primaryImageOfPage":{"@id":"https:\/\/alicedesign4you.de\/shop\/product\/goldene-flaschen-3er-set\/#primaryimage"},"image":{"@id":"https:\/\/alicedesign4you.de\/shop\/product\/goldene-flaschen-3er-set\/#primaryimage"},"thumbnailUrl":"https:\/\/alicedesign4you.de\/shop\/wp-content\/uploads\/2021\/02\/Goldene-Flaschen-3er-Set-Verschiedene-Designs.png","datePublished":"2021-02-18T19:34:22+00:00","dateModified":"2024-06-06T21:10:03+00:00","description":"Goldene Flaschen mieten in M\u00fcnchen. Verleihshop bequem und g\u00fcnstig mieten in unserem Online-Shop. Abholung oder Lieferung","breadcrumb":{"@id":"https:\/\/alicedesign4you.de\/shop\/product\/goldene-flaschen-3er-set\/#breadcrumb"},"inLanguage":"de","potentialAction":[{"@type":"ReadAction","target":["https:\/\/alicedesign4you.de\/shop\/product\/goldene-flaschen-3er-set\/"]}]},{"@type":"ImageObject","inLanguage":"de","@id":"https:\/\/alicedesign4you.de\/shop\/product\/goldene-flaschen-3er-set\/#primaryimage","url":"https:\/\/alicedesign4you.de\/shop\/wp-content\/uploads\/2021\/02\/Goldene-Flaschen-3er-Set-Verschiedene-Designs.png","contentUrl":"https:\/\/alicedesign4you.de\/shop\/wp-content\/uploads\/2021\/02\/Goldene-Flaschen-3er-Set-Verschiedene-Designs.png","width":300,"height":450,"caption":"Goldene Flaschen (3er Set) Verschiedene Designs"},{"@type":"BreadcrumbList","@id":"https:\/\/alicedesign4you.de\/shop\/product\/goldene-flaschen-3er-set\/#breadcrumb","itemListElement":[{"@type":"ListItem","position":1,"name":"Startseite","item":"https:\/\/alicedesign4you.de\/shop\/"},{"@type":"ListItem","position":2,"name":"Shop","item":"https:\/\/alicedesign4you.de\/shop\/shop\/"},{"@type":"ListItem","position":3,"name":"Goldene Flaschen (3er Set) Verschiedene Designs"}]},{"@type":"WebSite","@id":"https:\/\/alicedesign4you.de\/shop\/#website","url":"https:\/\/alicedesign4you.de\/shop\/","name":"Hochzeitsdeko M\u00fcnchen &amp; Floristik | Alice Design","description":"Individuelle Hochzeitsdeko und traumhafte Floristik f\u00fcr eure Hochzeit &amp; Events in M\u00fcnchen und Umgebung. Kompetente Beratung und Planung mit viel Liebe zum Detail!","potentialAction":[{"@type":"SearchAction","target":{"@type":"EntryPoint","urlTemplate":"https:\/\/alicedesign4you.de\/shop\/?s={search_term_string}"},"query-input":{"@type":"PropertyValueSpecification","valueRequired":true,"valueName":"search_term_string"}}],"inLanguage":"de"}]}},"_links":{"self":[{"href":"https:\/\/alicedesign4you.de\/shop\/wp-json\/wp\/v2\/product\/320","targetHints":{"allow":["GET"]}}],"collection":[{"href":"https:\/\/alicedesign4you.de\/shop\/wp-json\/wp\/v2\/product"}],"about":[{"href":"https:\/\/alicedesign4you.de\/shop\/wp-json\/wp\/v2\/types\/product"}],"version-history":[{"count":2,"href":"https:\/\/alicedesign4you.de\/shop\/wp-json\/wp\/v2\/product\/320\/revisions"}],"predecessor-version":[{"id":23476,"href":"https:\/\/alicedesign4you.de\/shop\/wp-json\/wp\/v2\/product\/320\/revisions\/23476"}],"wp:featuredmedia":[{"embeddable":true,"href":"https:\/\/alicedesign4you.de\/shop\/wp-json\/wp\/v2\/media\/23477"}],"wp:attachment":[{"href":"https:\/\/alicedesign4you.de\/shop\/wp-json\/wp\/v2\/media?parent=320"}],"wp:term":[{"taxonomy":"product_brand","embeddable":true,"href":"https:\/\/alicedesign4you.de\/shop\/wp-json\/wp\/v2\/product_brand?post=320"},{"taxonomy":"product_cat","embeddable":true,"href":"https:\/\/alicedesign4you.de\/shop\/wp-json\/wp\/v2\/product_cat?post=320"},{"taxonomy":"product_tag","embeddable":true,"href":"https:\/\/alicedesign4you.de\/shop\/wp-json\/wp\/v2\/product_tag?post=320"}],"curies":[{"name":"wp","href":"https:\/\/api.w.org\/{rel}","templated":true}]}}