{"id":302,"date":"2021-02-18T19:25:53","date_gmt":"2021-02-18T19:25:53","guid":{"rendered":"\/?post_type=product&#038;p=302"},"modified":"2022-05-05T18:49:08","modified_gmt":"2022-05-05T17:49:08","slug":"kirschbaum-2er-set-freie-trauung","status":"publish","type":"product","link":"https:\/\/alicedesign4you.de\/shop\/product\/kirschbaum-2er-set-freie-trauung\/","title":{"rendered":"Kirschbaum freie Trauung (2er Set) Fotowand-Brautpaartisch"},"content":{"rendered":"<h2>Kirschbaum freie Trauung oder als Hintergrund<\/h2>\n<h3>Set aus 2 B\u00e4umen f\u00fcr die freie Trauung M\u00fcnchen<\/h3>\n<p>Kirschbaum freie Trauung<\/p>\n<p>Breite: 1,5 m (je Baum)<br \/>\nH\u00f6he: 2,5 m<\/p>\n<ul>\n<li>Artikel muss im \u00fcbergebenen Zustand zur\u00fcck gegeben werden. Bei Besch\u00e4digung oder Verlust, ist ein Preis von 500 Euro pro Baum zu erstatten.<\/li>\n<li>Blumenschmuck und weitere abgebildeten Dekoartikel sind nicht im Mietpreis enthalten.<\/li>\n<li>Die Mietdauer betr\u00e4gt 4 Tage.<\/li>\n<\/ul>\n<p><span data-sheets-formula-bar-text-style=\"font-size:13px;color:#000000;font-weight:normal;text-decoration:none;font-family:'Arial';font-style:normal;text-decoration-skip-ink:none;\"><h2>R\u00fcckgabebedingungen<\/h2>\r\n<ul>\r\n \t<li>Der Artikel ist in dem Zustand wie zur Waren\u00fcbergabe nach der Mietdauer zur\u00fcck zu geben.<\/li>\r\n \t<li>Bitte \u00fcberpr\u00fcfen Sie unsere Ware umgehend. Alle Reklamationen, die sp\u00e4ter als 24 Stunden nach Erhalt\u00a0eintreffen, werden nicht akzeptiert.<\/li>\r\n \t<li>Bei Brandl\u00f6cher, Risse, Kerzenwachs und anderen Besch\u00e4digungen behalten wir uns das Recht vor dieses in Rechnung zu stellen bzw. den Widerbeschaffungspreis zu berechnen.<\/li>\r\n<\/ul>\r\n<h2>Versandinformationen<\/h2>\r\n<ul>\r\n \t<li>Abholung in M\u00fchldorf am Inn 84453<\/li>\r\n \t<li>Lieferung nach Absprache m\u00f6glich (Anfrage per WhatsApp 015120649803)<\/li>\r\n<\/ul><\/span><\/p>\n<p>Passend dazu: <a href=\"https:\/\/www.instagram.com\/p\/CH8dG4jKUoz\/\">Hochzeit Deko M\u00fcnchen &amp; Bayern (@hochzeitsdeko_bayern) \u2022 Instagram-Fotos und -Videos<\/a><\/p>\n<h4>Kirschbaum &#8211; Set aus 2 B\u00e4umen freie Trauung M\u00fcnchen<\/h4>\n<p>Blumen, Blumen und Blumen&#8230; wie w\u00e4re es mit einem Upgrade?<br \/>\nDer Kirschbaum mit deren Bl\u00fcten ist eine sch\u00f6ne und au\u00dfergew\u00f6hnliche romantische Dekoration.<br \/>\nIn Japan wird dieser &#8222;Sakura&#8220; \/ Sakura-Baum genannt. Zudem sieht es nicht nur sch\u00f6n aus, sondern es steht auch f\u00fcr Sch\u00f6nheit, Aufbruch und Verg\u00e4nglichkeit.<br \/>\nDeshalb wird es in Hochzeiten benutzt, um die G\u00e4ste in eine Stimmung des wundervollen Fr\u00fchlings zu versetzen.<br \/>\nWenn Sie nach bedeutungsvollen Sch\u00f6nheiten suchen, dann ist das genau das Richtige f\u00fcr Sie!<\/p>\n","protected":false},"excerpt":{"rendered":"<p>Breite: 1,5 m<br \/>\nH\u00f6he: 2,5 m<\/p>\n<p>Artikel muss im \u00fcbergebenen Zustand zur\u00fcck gegeben werden. Bei Besch\u00e4digung oder Verlust, ist ein Preis von 500 Euro pro Baum zu erstatten.<\/p>\n<p>Blumenschmuck und weitere abgebildeten Dekoartikel sind nicht im Mietpreis enthalten.<\/p>\n<p>Die Mietdauer betr\u00e4gt 4 Tage.<\/p>\n","protected":false},"featured_media":313,"template":"","meta":{"inline_featured_image":false},"product_brand":[],"product_cat":[29,26],"product_tag":[],"class_list":{"0":"post-302","1":"product","2":"type-product","3":"status-publish","4":"has-post-thumbnail","6":"product_cat-brautpaartisch","7":"product_cat-saaldekoration","9":"first","10":"instock","11":"shipping-taxable","12":"purchasable","13":"product-type-simple"},"yoast_head":"<!-- This site is optimized with the Yoast SEO plugin v25.3.1 - https:\/\/yoast.com\/wordpress\/plugins\/seo\/ -->\n<title>Kirschbaum freie Trauung Sakura-Baum Dekoration M\u00fcnchen<\/title>\n<meta name=\"description\" content=\"Kirschbaum (Sakura-Baum) als Dekoration f\u00fcr perfekte freie Trauung Hochzeitsdeko mieten. Selbstabholung oder Versand m\u00f6glich.\" \/>\n<meta name=\"robots\" content=\"index, follow, max-snippet:-1, max-image-preview:large, max-video-preview:-1\" \/>\n<link rel=\"canonical\" href=\"https:\/\/alicedesign4you.de\/shop\/product\/kirschbaum-2er-set-freie-trauung\/\" \/>\n<meta property=\"og:locale\" content=\"de_DE\" \/>\n<meta property=\"og:type\" content=\"article\" \/>\n<meta property=\"og:title\" content=\"Kirschbaum freie Trauung Sakura-Baum Dekoration M\u00fcnchen\" \/>\n<meta property=\"og:description\" content=\"Kirschbaum (Sakura-Baum) als Dekoration f\u00fcr perfekte freie Trauung Hochzeitsdeko mieten. Selbstabholung oder Versand m\u00f6glich.\" \/>\n<meta property=\"og:url\" content=\"https:\/\/alicedesign4you.de\/shop\/product\/kirschbaum-2er-set-freie-trauung\/\" \/>\n<meta property=\"og:site_name\" content=\"Hochzeitsdeko M\u00fcnchen &amp; Floristik | Alice Design\" \/>\n<meta property=\"article:modified_time\" content=\"2022-05-05T17:49:08+00:00\" \/>\n<meta property=\"og:image\" content=\"https:\/\/alicedesign4you.de\/shop\/wp-content\/uploads\/2021\/02\/IMG_9496s.jpg\" \/>\n\t<meta property=\"og:image:width\" content=\"1024\" \/>\n\t<meta property=\"og:image:height\" content=\"1536\" \/>\n\t<meta property=\"og:image:type\" content=\"image\/jpeg\" \/>\n<meta name=\"twitter:card\" content=\"summary_large_image\" \/>\n<meta name=\"twitter:label1\" content=\"Gesch\u00e4tzte Lesezeit\" \/>\n\t<meta name=\"twitter:data1\" content=\"1\u00a0Minute\" \/>\n<script type=\"application\/ld+json\" class=\"yoast-schema-graph\">{\"@context\":\"https:\/\/schema.org\",\"@graph\":[{\"@type\":\"WebPage\",\"@id\":\"https:\/\/alicedesign4you.de\/shop\/product\/kirschbaum-2er-set-freie-trauung\/\",\"url\":\"https:\/\/alicedesign4you.de\/shop\/product\/kirschbaum-2er-set-freie-trauung\/\",\"name\":\"Kirschbaum freie Trauung Sakura-Baum Dekoration M\u00fcnchen\",\"isPartOf\":{\"@id\":\"https:\/\/alicedesign4you.de\/shop\/#website\"},\"primaryImageOfPage\":{\"@id\":\"https:\/\/alicedesign4you.de\/shop\/product\/kirschbaum-2er-set-freie-trauung\/#primaryimage\"},\"image\":{\"@id\":\"https:\/\/alicedesign4you.de\/shop\/product\/kirschbaum-2er-set-freie-trauung\/#primaryimage\"},\"thumbnailUrl\":\"https:\/\/alicedesign4you.de\/shop\/wp-content\/uploads\/2021\/02\/IMG_9496s.jpg\",\"datePublished\":\"2021-02-18T19:25:53+00:00\",\"dateModified\":\"2022-05-05T17:49:08+00:00\",\"description\":\"Kirschbaum (Sakura-Baum) als Dekoration f\u00fcr perfekte freie Trauung Hochzeitsdeko mieten. Selbstabholung oder Versand m\u00f6glich.\",\"breadcrumb\":{\"@id\":\"https:\/\/alicedesign4you.de\/shop\/product\/kirschbaum-2er-set-freie-trauung\/#breadcrumb\"},\"inLanguage\":\"de\",\"potentialAction\":[{\"@type\":\"ReadAction\",\"target\":[\"https:\/\/alicedesign4you.de\/shop\/product\/kirschbaum-2er-set-freie-trauung\/\"]}]},{\"@type\":\"ImageObject\",\"inLanguage\":\"de\",\"@id\":\"https:\/\/alicedesign4you.de\/shop\/product\/kirschbaum-2er-set-freie-trauung\/#primaryimage\",\"url\":\"https:\/\/alicedesign4you.de\/shop\/wp-content\/uploads\/2021\/02\/IMG_9496s.jpg\",\"contentUrl\":\"https:\/\/alicedesign4you.de\/shop\/wp-content\/uploads\/2021\/02\/IMG_9496s.jpg\",\"width\":1024,\"height\":1536,\"caption\":\"binary comment\"},{\"@type\":\"BreadcrumbList\",\"@id\":\"https:\/\/alicedesign4you.de\/shop\/product\/kirschbaum-2er-set-freie-trauung\/#breadcrumb\",\"itemListElement\":[{\"@type\":\"ListItem\",\"position\":1,\"name\":\"Startseite\",\"item\":\"https:\/\/alicedesign4you.de\/shop\/\"},{\"@type\":\"ListItem\",\"position\":2,\"name\":\"Shop\",\"item\":\"https:\/\/alicedesign4you.de\/shop\/shop\/\"},{\"@type\":\"ListItem\",\"position\":3,\"name\":\"Kirschbaum freie Trauung (2er Set) Fotowand-Brautpaartisch\"}]},{\"@type\":\"WebSite\",\"@id\":\"https:\/\/alicedesign4you.de\/shop\/#website\",\"url\":\"https:\/\/alicedesign4you.de\/shop\/\",\"name\":\"Hochzeitsdeko M\u00fcnchen &amp; Floristik | Alice Design\",\"description\":\"Individuelle Hochzeitsdeko und traumhafte Floristik f\u00fcr eure Hochzeit &amp; Events in M\u00fcnchen und Umgebung. Kompetente Beratung und Planung mit viel Liebe zum Detail!\",\"potentialAction\":[{\"@type\":\"SearchAction\",\"target\":{\"@type\":\"EntryPoint\",\"urlTemplate\":\"https:\/\/alicedesign4you.de\/shop\/?s={search_term_string}\"},\"query-input\":{\"@type\":\"PropertyValueSpecification\",\"valueRequired\":true,\"valueName\":\"search_term_string\"}}],\"inLanguage\":\"de\"}]}<\/script>\n<!-- \/ Yoast SEO plugin. -->","yoast_head_json":{"title":"Kirschbaum freie Trauung Sakura-Baum Dekoration M\u00fcnchen","description":"Kirschbaum (Sakura-Baum) als Dekoration f\u00fcr perfekte freie Trauung Hochzeitsdeko mieten. Selbstabholung oder Versand m\u00f6glich.","robots":{"index":"index","follow":"follow","max-snippet":"max-snippet:-1","max-image-preview":"max-image-preview:large","max-video-preview":"max-video-preview:-1"},"canonical":"https:\/\/alicedesign4you.de\/shop\/product\/kirschbaum-2er-set-freie-trauung\/","og_locale":"de_DE","og_type":"article","og_title":"Kirschbaum freie Trauung Sakura-Baum Dekoration M\u00fcnchen","og_description":"Kirschbaum (Sakura-Baum) als Dekoration f\u00fcr perfekte freie Trauung Hochzeitsdeko mieten. Selbstabholung oder Versand m\u00f6glich.","og_url":"https:\/\/alicedesign4you.de\/shop\/product\/kirschbaum-2er-set-freie-trauung\/","og_site_name":"Hochzeitsdeko M\u00fcnchen &amp; Floristik | Alice Design","article_modified_time":"2022-05-05T17:49:08+00:00","og_image":[{"width":1024,"height":1536,"url":"https:\/\/alicedesign4you.de\/shop\/wp-content\/uploads\/2021\/02\/IMG_9496s.jpg","type":"image\/jpeg"}],"twitter_card":"summary_large_image","twitter_misc":{"Gesch\u00e4tzte Lesezeit":"1\u00a0Minute"},"schema":{"@context":"https:\/\/schema.org","@graph":[{"@type":"WebPage","@id":"https:\/\/alicedesign4you.de\/shop\/product\/kirschbaum-2er-set-freie-trauung\/","url":"https:\/\/alicedesign4you.de\/shop\/product\/kirschbaum-2er-set-freie-trauung\/","name":"Kirschbaum freie Trauung Sakura-Baum Dekoration M\u00fcnchen","isPartOf":{"@id":"https:\/\/alicedesign4you.de\/shop\/#website"},"primaryImageOfPage":{"@id":"https:\/\/alicedesign4you.de\/shop\/product\/kirschbaum-2er-set-freie-trauung\/#primaryimage"},"image":{"@id":"https:\/\/alicedesign4you.de\/shop\/product\/kirschbaum-2er-set-freie-trauung\/#primaryimage"},"thumbnailUrl":"https:\/\/alicedesign4you.de\/shop\/wp-content\/uploads\/2021\/02\/IMG_9496s.jpg","datePublished":"2021-02-18T19:25:53+00:00","dateModified":"2022-05-05T17:49:08+00:00","description":"Kirschbaum (Sakura-Baum) als Dekoration f\u00fcr perfekte freie Trauung Hochzeitsdeko mieten. Selbstabholung oder Versand m\u00f6glich.","breadcrumb":{"@id":"https:\/\/alicedesign4you.de\/shop\/product\/kirschbaum-2er-set-freie-trauung\/#breadcrumb"},"inLanguage":"de","potentialAction":[{"@type":"ReadAction","target":["https:\/\/alicedesign4you.de\/shop\/product\/kirschbaum-2er-set-freie-trauung\/"]}]},{"@type":"ImageObject","inLanguage":"de","@id":"https:\/\/alicedesign4you.de\/shop\/product\/kirschbaum-2er-set-freie-trauung\/#primaryimage","url":"https:\/\/alicedesign4you.de\/shop\/wp-content\/uploads\/2021\/02\/IMG_9496s.jpg","contentUrl":"https:\/\/alicedesign4you.de\/shop\/wp-content\/uploads\/2021\/02\/IMG_9496s.jpg","width":1024,"height":1536,"caption":"binary comment"},{"@type":"BreadcrumbList","@id":"https:\/\/alicedesign4you.de\/shop\/product\/kirschbaum-2er-set-freie-trauung\/#breadcrumb","itemListElement":[{"@type":"ListItem","position":1,"name":"Startseite","item":"https:\/\/alicedesign4you.de\/shop\/"},{"@type":"ListItem","position":2,"name":"Shop","item":"https:\/\/alicedesign4you.de\/shop\/shop\/"},{"@type":"ListItem","position":3,"name":"Kirschbaum freie Trauung (2er Set) Fotowand-Brautpaartisch"}]},{"@type":"WebSite","@id":"https:\/\/alicedesign4you.de\/shop\/#website","url":"https:\/\/alicedesign4you.de\/shop\/","name":"Hochzeitsdeko M\u00fcnchen &amp; Floristik | Alice Design","description":"Individuelle Hochzeitsdeko und traumhafte Floristik f\u00fcr eure Hochzeit &amp; Events in M\u00fcnchen und Umgebung. Kompetente Beratung und Planung mit viel Liebe zum Detail!","potentialAction":[{"@type":"SearchAction","target":{"@type":"EntryPoint","urlTemplate":"https:\/\/alicedesign4you.de\/shop\/?s={search_term_string}"},"query-input":{"@type":"PropertyValueSpecification","valueRequired":true,"valueName":"search_term_string"}}],"inLanguage":"de"}]}},"_links":{"self":[{"href":"https:\/\/alicedesign4you.de\/shop\/wp-json\/wp\/v2\/product\/302","targetHints":{"allow":["GET"]}}],"collection":[{"href":"https:\/\/alicedesign4you.de\/shop\/wp-json\/wp\/v2\/product"}],"about":[{"href":"https:\/\/alicedesign4you.de\/shop\/wp-json\/wp\/v2\/types\/product"}],"version-history":[{"count":1,"href":"https:\/\/alicedesign4you.de\/shop\/wp-json\/wp\/v2\/product\/302\/revisions"}],"predecessor-version":[{"id":1670,"href":"https:\/\/alicedesign4you.de\/shop\/wp-json\/wp\/v2\/product\/302\/revisions\/1670"}],"wp:featuredmedia":[{"embeddable":true,"href":"https:\/\/alicedesign4you.de\/shop\/wp-json\/wp\/v2\/media\/313"}],"wp:attachment":[{"href":"https:\/\/alicedesign4you.de\/shop\/wp-json\/wp\/v2\/media?parent=302"}],"wp:term":[{"taxonomy":"product_brand","embeddable":true,"href":"https:\/\/alicedesign4you.de\/shop\/wp-json\/wp\/v2\/product_brand?post=302"},{"taxonomy":"product_cat","embeddable":true,"href":"https:\/\/alicedesign4you.de\/shop\/wp-json\/wp\/v2\/product_cat?post=302"},{"taxonomy":"product_tag","embeddable":true,"href":"https:\/\/alicedesign4you.de\/shop\/wp-json\/wp\/v2\/product_tag?post=302"}],"curies":[{"name":"wp","href":"https:\/\/api.w.org\/{rel}","templated":true}]}}