{"id":301,"date":"2021-02-18T19:14:34","date_gmt":"2021-02-18T19:14:34","guid":{"rendered":"\/?post_type=product&#038;p=301"},"modified":"2024-09-24T11:19:25","modified_gmt":"2024-09-24T10:19:25","slug":"blumenwand-muenchen-mieten","status":"publish","type":"product","link":"https:\/\/alicedesign4you.de\/shop\/product\/blumenwand-muenchen-mieten\/","title":{"rendered":"Blumenwand wei\u00df-ivory Fotowand-Brautpaartisch"},"content":{"rendered":"<h2>Blumenwand M\u00fcnchen mieten<\/h2>\n<p>Gr\u00f6\u00dfe der Blumenwand:<\/p>\n<p>Breite: 2,5 m<br \/>\nH\u00f6he: 2,4m<\/p>\n<ul>\n<li>Artikel muss im \u00fcbergebenen Zustand zur\u00fcck gegeben werden. Bei Besch\u00e4digung oder Verlust, ist ein Preis von 1500 Euro zu erstatten. Reparatur-Arbeiten gesondert abgerechnet.<\/li>\n<li>Blumenschmuck und weitere abgebildeten Dekoartikel sind nicht im Mietpreis enthalten.<\/li>\n<li>Die Mietdauer betr\u00e4gt 4 Tage.<\/li>\n<li>Kaution 350\u20ac (wird nach der R\u00fcckgabe zur\u00fcckerstattet)<\/li>\n<\/ul>\n<p>&nbsp;<\/p>\n<p>Eine Blumenwand (Flower Wall) wird heutzutage oft bei freie Trauungen verwendet, um das Podest zu versch\u00f6nern. Aber auch die sch\u00f6nsten Bilder bekommt man mit dieser Deko als Fotowand. Es ist wie ein paradiesischer Hintergrund. Als w\u00e4re man in einer Blumenwelt. Au\u00dferdem ist es ganz beliebt als Hochzeitsdekoration f\u00fcr Hintergrund des Brautpaartisches. Die G\u00e4ste werden staunen von der romantischen Stimmung die Blumen-Wand erg\u00e4nzt.<\/p>\n<p>&nbsp;<\/p>\n<h4>Sch\u00f6ne Blumenwand f\u00fcr Hintergrunddekoration<\/h4>\n<p>Die Paneele sind einfach zu handhaben, zusammenzubauen und zur Wiederverwendung leicht zu lagern<br \/>\nF\u00fcr Hochzeitsdekoration, Babyparty, Party, Candy-Bar, Fotobereiche, Blumens\u00e4ule, Hauptstra\u00dfe, Haus, Schaufenster, Vitrine, Party, B\u00fchnendekor usw.<\/p>\n<p>Material: Seidenblume<\/p>\n<p>Pflegemethoden f\u00fcr Seidenblumen:<\/p>\n<p>Es ist unvermeidlich, dass sich w\u00e4hrend des Transports Blumen stapeln. Nehmen Sie die Blumen heraus und sch\u00fctteln Sie sie vorsichtig, um das Aussehen wiederherzustellen.<\/p>\n<p><span data-sheets-formula-bar-text-style=\"font-size:13px;color:#000000;font-weight:normal;text-decoration:none;font-family:'Arial';font-style:normal;text-decoration-skip-ink:none;\"><h2>R\u00fcckgabebedingungen<\/h2>\r\n<ul>\r\n \t<li>Der Artikel ist in dem Zustand wie zur Waren\u00fcbergabe nach der Mietdauer zur\u00fcck zu geben.<\/li>\r\n \t<li>Bitte \u00fcberpr\u00fcfen Sie unsere Ware umgehend. Alle Reklamationen, die sp\u00e4ter als 24 Stunden nach Erhalt\u00a0eintreffen, werden nicht akzeptiert.<\/li>\r\n \t<li>Bei Brandl\u00f6cher, Risse, Kerzenwachs und anderen Besch\u00e4digungen behalten wir uns das Recht vor dieses in Rechnung zu stellen bzw. den Widerbeschaffungspreis zu berechnen.<\/li>\r\n<\/ul>\r\n<h2>Versandinformationen<\/h2>\r\n<ul>\r\n \t<li>Abholung in M\u00fchldorf am Inn 84453<\/li>\r\n \t<li>Lieferung nach Absprache m\u00f6glich (Anfrage per WhatsApp 015120649803)<\/li>\r\n<\/ul><\/span><\/p>\n","protected":false},"excerpt":{"rendered":"<p>Breite: 2,5 m<br \/>\nH\u00f6he: 2,4 m<\/p>\n<ul>\n<li>Artikel muss im \u00fcbergebenen Zustand zur\u00fcck gegeben werden. Bei Besch\u00e4digung oder Verlust, ist ein Preis von 1500 Euro zu erstatten. Reparatur-Arbeiten gesondert abgerechnet.<\/li>\n<li>Blumenschmuck und weitere abgebildeten Dekoartikel sind nicht im Mietpreis enthalten.<\/li>\n<li>Die Mietdauer betr\u00e4gt 4 Tage.<\/li>\n<li>Kaution 350\u20ac (wird nach der R\u00fcckgabe zur\u00fcckerstattet)<\/li>\n<\/ul>\n<p>&nbsp;<\/p>\n","protected":false},"featured_media":291,"template":"","meta":{"inline_featured_image":false},"product_brand":[],"product_cat":[29,26],"product_tag":[],"class_list":{"0":"post-301","1":"product","2":"type-product","3":"status-publish","4":"has-post-thumbnail","6":"product_cat-brautpaartisch","7":"product_cat-saaldekoration","9":"first","10":"instock","11":"shipping-taxable","12":"purchasable","13":"product-type-simple"},"yoast_head":"<!-- This site is optimized with the Yoast SEO plugin v25.3.1 - https:\/\/yoast.com\/wordpress\/plugins\/seo\/ -->\n<title>Blumenwand f\u00fcr ihre Hochzeit mieten. Hochzeitsdekoration M\u00fcnchen<\/title>\n<meta name=\"description\" content=\"Blumenwand M\u00fcnchen Flowerwall perfekte Deko f\u00fcr Ihre Hochzeit. Verleih Raum M\u00fcnchen +300km. Lieferung oder Abholung m\u00f6glich.\" \/>\n<meta name=\"robots\" content=\"index, follow, max-snippet:-1, max-image-preview:large, max-video-preview:-1\" \/>\n<link rel=\"canonical\" href=\"https:\/\/alicedesign4you.de\/shop\/product\/blumenwand-muenchen-mieten\/\" \/>\n<meta property=\"og:locale\" content=\"de_DE\" \/>\n<meta property=\"og:type\" content=\"article\" \/>\n<meta property=\"og:title\" content=\"Blumenwand f\u00fcr ihre Hochzeit mieten. Hochzeitsdekoration M\u00fcnchen\" \/>\n<meta property=\"og:description\" content=\"Blumenwand M\u00fcnchen Flowerwall perfekte Deko f\u00fcr Ihre Hochzeit. Verleih Raum M\u00fcnchen +300km. Lieferung oder Abholung m\u00f6glich.\" \/>\n<meta property=\"og:url\" content=\"https:\/\/alicedesign4you.de\/shop\/product\/blumenwand-muenchen-mieten\/\" \/>\n<meta property=\"og:site_name\" content=\"Hochzeitsdeko M\u00fcnchen &amp; Floristik | Alice Design\" \/>\n<meta property=\"article:modified_time\" content=\"2024-09-24T10:19:25+00:00\" \/>\n<meta property=\"og:image\" content=\"https:\/\/alicedesign4you.de\/shop\/wp-content\/uploads\/2021\/02\/stena20-1.jpg\" \/>\n\t<meta property=\"og:image:width\" content=\"800\" \/>\n\t<meta property=\"og:image:height\" content=\"800\" \/>\n\t<meta property=\"og:image:type\" content=\"image\/jpeg\" \/>\n<meta name=\"twitter:card\" content=\"summary_large_image\" \/>\n<meta name=\"twitter:label1\" content=\"Gesch\u00e4tzte Lesezeit\" \/>\n\t<meta name=\"twitter:data1\" content=\"2\u00a0Minuten\" \/>\n<script type=\"application\/ld+json\" class=\"yoast-schema-graph\">{\"@context\":\"https:\/\/schema.org\",\"@graph\":[{\"@type\":\"WebPage\",\"@id\":\"https:\/\/alicedesign4you.de\/shop\/product\/blumenwand-muenchen-mieten\/\",\"url\":\"https:\/\/alicedesign4you.de\/shop\/product\/blumenwand-muenchen-mieten\/\",\"name\":\"Blumenwand f\u00fcr ihre Hochzeit mieten. Hochzeitsdekoration M\u00fcnchen\",\"isPartOf\":{\"@id\":\"https:\/\/alicedesign4you.de\/shop\/#website\"},\"primaryImageOfPage\":{\"@id\":\"https:\/\/alicedesign4you.de\/shop\/product\/blumenwand-muenchen-mieten\/#primaryimage\"},\"image\":{\"@id\":\"https:\/\/alicedesign4you.de\/shop\/product\/blumenwand-muenchen-mieten\/#primaryimage\"},\"thumbnailUrl\":\"https:\/\/alicedesign4you.de\/shop\/wp-content\/uploads\/2021\/02\/stena20-1.jpg\",\"datePublished\":\"2021-02-18T19:14:34+00:00\",\"dateModified\":\"2024-09-24T10:19:25+00:00\",\"description\":\"Blumenwand M\u00fcnchen Flowerwall perfekte Deko f\u00fcr Ihre Hochzeit. Verleih Raum M\u00fcnchen +300km. Lieferung oder Abholung m\u00f6glich.\",\"breadcrumb\":{\"@id\":\"https:\/\/alicedesign4you.de\/shop\/product\/blumenwand-muenchen-mieten\/#breadcrumb\"},\"inLanguage\":\"de\",\"potentialAction\":[{\"@type\":\"ReadAction\",\"target\":[\"https:\/\/alicedesign4you.de\/shop\/product\/blumenwand-muenchen-mieten\/\"]}]},{\"@type\":\"ImageObject\",\"inLanguage\":\"de\",\"@id\":\"https:\/\/alicedesign4you.de\/shop\/product\/blumenwand-muenchen-mieten\/#primaryimage\",\"url\":\"https:\/\/alicedesign4you.de\/shop\/wp-content\/uploads\/2021\/02\/stena20-1.jpg\",\"contentUrl\":\"https:\/\/alicedesign4you.de\/shop\/wp-content\/uploads\/2021\/02\/stena20-1.jpg\",\"width\":800,\"height\":800,\"caption\":\"Brautpaartisch Blumenwand\"},{\"@type\":\"BreadcrumbList\",\"@id\":\"https:\/\/alicedesign4you.de\/shop\/product\/blumenwand-muenchen-mieten\/#breadcrumb\",\"itemListElement\":[{\"@type\":\"ListItem\",\"position\":1,\"name\":\"Startseite\",\"item\":\"https:\/\/alicedesign4you.de\/shop\/\"},{\"@type\":\"ListItem\",\"position\":2,\"name\":\"Shop\",\"item\":\"https:\/\/alicedesign4you.de\/shop\/shop\/\"},{\"@type\":\"ListItem\",\"position\":3,\"name\":\"Blumenwand wei\u00df-ivory Fotowand-Brautpaartisch\"}]},{\"@type\":\"WebSite\",\"@id\":\"https:\/\/alicedesign4you.de\/shop\/#website\",\"url\":\"https:\/\/alicedesign4you.de\/shop\/\",\"name\":\"Hochzeitsdeko M\u00fcnchen &amp; Floristik | Alice Design\",\"description\":\"Individuelle Hochzeitsdeko und traumhafte Floristik f\u00fcr eure Hochzeit &amp; Events in M\u00fcnchen und Umgebung. Kompetente Beratung und Planung mit viel Liebe zum Detail!\",\"potentialAction\":[{\"@type\":\"SearchAction\",\"target\":{\"@type\":\"EntryPoint\",\"urlTemplate\":\"https:\/\/alicedesign4you.de\/shop\/?s={search_term_string}\"},\"query-input\":{\"@type\":\"PropertyValueSpecification\",\"valueRequired\":true,\"valueName\":\"search_term_string\"}}],\"inLanguage\":\"de\"}]}<\/script>\n<!-- \/ Yoast SEO plugin. -->","yoast_head_json":{"title":"Blumenwand f\u00fcr ihre Hochzeit mieten. Hochzeitsdekoration M\u00fcnchen","description":"Blumenwand M\u00fcnchen Flowerwall perfekte Deko f\u00fcr Ihre Hochzeit. Verleih Raum M\u00fcnchen +300km. Lieferung oder Abholung m\u00f6glich.","robots":{"index":"index","follow":"follow","max-snippet":"max-snippet:-1","max-image-preview":"max-image-preview:large","max-video-preview":"max-video-preview:-1"},"canonical":"https:\/\/alicedesign4you.de\/shop\/product\/blumenwand-muenchen-mieten\/","og_locale":"de_DE","og_type":"article","og_title":"Blumenwand f\u00fcr ihre Hochzeit mieten. Hochzeitsdekoration M\u00fcnchen","og_description":"Blumenwand M\u00fcnchen Flowerwall perfekte Deko f\u00fcr Ihre Hochzeit. Verleih Raum M\u00fcnchen +300km. Lieferung oder Abholung m\u00f6glich.","og_url":"https:\/\/alicedesign4you.de\/shop\/product\/blumenwand-muenchen-mieten\/","og_site_name":"Hochzeitsdeko M\u00fcnchen &amp; Floristik | Alice Design","article_modified_time":"2024-09-24T10:19:25+00:00","og_image":[{"width":800,"height":800,"url":"https:\/\/alicedesign4you.de\/shop\/wp-content\/uploads\/2021\/02\/stena20-1.jpg","type":"image\/jpeg"}],"twitter_card":"summary_large_image","twitter_misc":{"Gesch\u00e4tzte Lesezeit":"2\u00a0Minuten"},"schema":{"@context":"https:\/\/schema.org","@graph":[{"@type":"WebPage","@id":"https:\/\/alicedesign4you.de\/shop\/product\/blumenwand-muenchen-mieten\/","url":"https:\/\/alicedesign4you.de\/shop\/product\/blumenwand-muenchen-mieten\/","name":"Blumenwand f\u00fcr ihre Hochzeit mieten. Hochzeitsdekoration M\u00fcnchen","isPartOf":{"@id":"https:\/\/alicedesign4you.de\/shop\/#website"},"primaryImageOfPage":{"@id":"https:\/\/alicedesign4you.de\/shop\/product\/blumenwand-muenchen-mieten\/#primaryimage"},"image":{"@id":"https:\/\/alicedesign4you.de\/shop\/product\/blumenwand-muenchen-mieten\/#primaryimage"},"thumbnailUrl":"https:\/\/alicedesign4you.de\/shop\/wp-content\/uploads\/2021\/02\/stena20-1.jpg","datePublished":"2021-02-18T19:14:34+00:00","dateModified":"2024-09-24T10:19:25+00:00","description":"Blumenwand M\u00fcnchen Flowerwall perfekte Deko f\u00fcr Ihre Hochzeit. Verleih Raum M\u00fcnchen +300km. Lieferung oder Abholung m\u00f6glich.","breadcrumb":{"@id":"https:\/\/alicedesign4you.de\/shop\/product\/blumenwand-muenchen-mieten\/#breadcrumb"},"inLanguage":"de","potentialAction":[{"@type":"ReadAction","target":["https:\/\/alicedesign4you.de\/shop\/product\/blumenwand-muenchen-mieten\/"]}]},{"@type":"ImageObject","inLanguage":"de","@id":"https:\/\/alicedesign4you.de\/shop\/product\/blumenwand-muenchen-mieten\/#primaryimage","url":"https:\/\/alicedesign4you.de\/shop\/wp-content\/uploads\/2021\/02\/stena20-1.jpg","contentUrl":"https:\/\/alicedesign4you.de\/shop\/wp-content\/uploads\/2021\/02\/stena20-1.jpg","width":800,"height":800,"caption":"Brautpaartisch Blumenwand"},{"@type":"BreadcrumbList","@id":"https:\/\/alicedesign4you.de\/shop\/product\/blumenwand-muenchen-mieten\/#breadcrumb","itemListElement":[{"@type":"ListItem","position":1,"name":"Startseite","item":"https:\/\/alicedesign4you.de\/shop\/"},{"@type":"ListItem","position":2,"name":"Shop","item":"https:\/\/alicedesign4you.de\/shop\/shop\/"},{"@type":"ListItem","position":3,"name":"Blumenwand wei\u00df-ivory Fotowand-Brautpaartisch"}]},{"@type":"WebSite","@id":"https:\/\/alicedesign4you.de\/shop\/#website","url":"https:\/\/alicedesign4you.de\/shop\/","name":"Hochzeitsdeko M\u00fcnchen &amp; Floristik | Alice Design","description":"Individuelle Hochzeitsdeko und traumhafte Floristik f\u00fcr eure Hochzeit &amp; Events in M\u00fcnchen und Umgebung. Kompetente Beratung und Planung mit viel Liebe zum Detail!","potentialAction":[{"@type":"SearchAction","target":{"@type":"EntryPoint","urlTemplate":"https:\/\/alicedesign4you.de\/shop\/?s={search_term_string}"},"query-input":{"@type":"PropertyValueSpecification","valueRequired":true,"valueName":"search_term_string"}}],"inLanguage":"de"}]}},"_links":{"self":[{"href":"https:\/\/alicedesign4you.de\/shop\/wp-json\/wp\/v2\/product\/301","targetHints":{"allow":["GET"]}}],"collection":[{"href":"https:\/\/alicedesign4you.de\/shop\/wp-json\/wp\/v2\/product"}],"about":[{"href":"https:\/\/alicedesign4you.de\/shop\/wp-json\/wp\/v2\/types\/product"}],"version-history":[{"count":5,"href":"https:\/\/alicedesign4you.de\/shop\/wp-json\/wp\/v2\/product\/301\/revisions"}],"predecessor-version":[{"id":23520,"href":"https:\/\/alicedesign4you.de\/shop\/wp-json\/wp\/v2\/product\/301\/revisions\/23520"}],"wp:featuredmedia":[{"embeddable":true,"href":"https:\/\/alicedesign4you.de\/shop\/wp-json\/wp\/v2\/media\/291"}],"wp:attachment":[{"href":"https:\/\/alicedesign4you.de\/shop\/wp-json\/wp\/v2\/media?parent=301"}],"wp:term":[{"taxonomy":"product_brand","embeddable":true,"href":"https:\/\/alicedesign4you.de\/shop\/wp-json\/wp\/v2\/product_brand?post=301"},{"taxonomy":"product_cat","embeddable":true,"href":"https:\/\/alicedesign4you.de\/shop\/wp-json\/wp\/v2\/product_cat?post=301"},{"taxonomy":"product_tag","embeddable":true,"href":"https:\/\/alicedesign4you.de\/shop\/wp-json\/wp\/v2\/product_tag?post=301"}],"curies":[{"name":"wp","href":"https:\/\/api.w.org\/{rel}","templated":true}]}}