{"id":298,"date":"2021-02-18T19:11:16","date_gmt":"2021-02-18T19:11:16","guid":{"rendered":"\/?post_type=product&#038;p=298"},"modified":"2024-06-06T21:46:54","modified_gmt":"2024-06-06T20:46:54","slug":"silber-kerzenstaender-keramik-gross-mieten","status":"publish","type":"product","link":"https:\/\/alicedesign4you.de\/shop\/product\/silber-kerzenstaender-keramik-gross-mieten\/","title":{"rendered":"Silber Kerzenst\u00e4nder | Keramik (gro\u00df)"},"content":{"rendered":"<h2>Silber Kerzenst\u00e4nder gro\u00df mieten<\/h2>\n<p>H\u00f6he: 24 cm<\/p>\n<p>Kerzenst\u00e4nder, Glasaufsatz, Krystallkette und Teelichter inklusive.<\/p>\n<p>Blumenschmuck und weitere abgebildeten Dekoartikel sind NICHT im Mietpreis enthalten.<\/p>\n<ul>\n<li>Artikel muss im \u00fcbergebenen Zustand zur\u00fcck gegeben werden.<\/li>\n<li>Dieser Mietartikel darf NICHT ohne Windgl\u00e4ser und nur mit Teelichtkerzen, verwendet werden!<\/li>\n<li>Bei \u00fcberm\u00e4\u00dfigen Wachsflecken am Kerzenst\u00e4nder sind wir berechtigt ab 3,99 \u20ac f\u00fcr die Sonderreinigung in Rechnung zu stellen.<\/li>\n<li>Bei Besch\u00e4digung oder Verlust, ist ein Preis von 18 Euro zu erstatten.<\/li>\n<li>Die Mietdauer betr\u00e4gt 4 Tage.<\/li>\n<\/ul>\n<p><span data-sheets-formula-bar-text-style=\"font-size:13px;color:#000000;font-weight:normal;text-decoration:none;font-family:'Arial';font-style:normal;text-decoration-skip-ink:none;\"><h2>R\u00fcckgabebedingungen<\/h2>\r\n<ul>\r\n \t<li>Der Artikel ist in dem Zustand wie zur Waren\u00fcbergabe nach der Mietdauer zur\u00fcck zu geben.<\/li>\r\n \t<li>Bitte \u00fcberpr\u00fcfen Sie unsere Ware umgehend. Alle Reklamationen, die sp\u00e4ter als 24 Stunden nach Erhalt\u00a0eintreffen, werden nicht akzeptiert.<\/li>\r\n \t<li>Bei Brandl\u00f6cher, Risse, Kerzenwachs und anderen Besch\u00e4digungen behalten wir uns das Recht vor dieses in Rechnung zu stellen bzw. den Widerbeschaffungspreis zu berechnen.<\/li>\r\n<\/ul>\r\n<h2>Versandinformationen<\/h2>\r\n<ul>\r\n \t<li>Abholung in M\u00fchldorf am Inn 84453<\/li>\r\n \t<li>Lieferung nach Absprache m\u00f6glich (Anfrage per WhatsApp 015120649803)<\/li>\r\n<\/ul><\/span><\/p>\n<p>&nbsp;<\/p>\n<h3>Kerzenst\u00e4nder in Silber gro\u00df miete<\/h3>\n<p>Kerzenst\u00e4nder werden immer beliebter als Deko. Weil der silberne St\u00e4nder heute an wundervolle Schl\u00f6sser erinnert. Dabei erhellt er den Raum mit nat\u00fcrlichem Licht von Kerzen. Au\u00dferdem strahlt ein klassischer Kerzenst\u00e4nder die Eleganz aus und versetzt diese in eine magische Stimmung. Deswegen wird es oft als Deko-Idee Hochzeiten genutzt. Aber man kann auch LED-Kerzen hernehmen, welches einen noch sch\u00f6nen gl\u00e4nzenden Akzent der Lichter ergibt.<br \/>\nWenn sie nach Deko f\u00fcr romantische Stimmung suchen, dann ist dieser Kerzenst\u00e4nder genau das Richtige f\u00fcr Sie!<\/p>\n<p><a href=\"https:\/\/www.instagram.com\/p\/BW5FTjaAEQz\/\">Hochzeit Deko M\u00fcnchen &amp; Bayern (@hochzeitsdeko_bayern) \u2022 Instagram-Fotos und -Videos<\/a><\/p>\n<p>Kerzenst\u00e4nder silber gro\u00df mieten<\/p>\n","protected":false},"excerpt":{"rendered":"<p>H\u00f6he: 19.5 cm<\/p>\n<p>Artikel muss im \u00fcbergebenen Zustand zur\u00fcck gegeben werden. Bei Besch\u00e4digung oder Verlust, ist ein Preis von 18 Euro zu erstatten.<\/p>\n<p>&nbsp;<\/p>\n<p>Blumenschmuck und weitere abgebildeten Dekoartikel sind nicht im Mietpreis enthalten.<\/p>\n<p>Die Mietdauer betr\u00e4gt 4 Tage.<\/p>\n","protected":false},"featured_media":23468,"template":"","meta":{"inline_featured_image":false},"product_brand":[],"product_cat":[27],"product_tag":[],"class_list":{"0":"post-298","1":"product","2":"type-product","3":"status-publish","4":"has-post-thumbnail","6":"product_cat-kerzenstander","8":"first","9":"instock","10":"shipping-taxable","11":"purchasable","12":"product-type-simple"},"yoast_head":"<!-- This site is optimized with the Yoast SEO plugin v25.3.1 - https:\/\/yoast.com\/wordpress\/plugins\/seo\/ -->\n<title>Kerzenst\u00e4nder silber gro\u00df mieten raum M\u00fcnchen. Hochzeitsdeko<\/title>\n<meta name=\"description\" content=\"Kerzenst\u00e4nder silber gro\u00df verleihen elegante Kerzenst\u00e4nder aus Keramik zum Mieten. Deko M\u00fcnchen mieten. H\u00f6he 19.5 cm, Tischdeko Verleih\" \/>\n<meta name=\"robots\" content=\"index, follow, max-snippet:-1, max-image-preview:large, max-video-preview:-1\" \/>\n<link rel=\"canonical\" href=\"https:\/\/alicedesign4you.de\/shop\/product\/silber-kerzenstaender-keramik-gross-mieten\/\" \/>\n<meta property=\"og:locale\" content=\"de_DE\" \/>\n<meta property=\"og:type\" content=\"article\" \/>\n<meta property=\"og:title\" content=\"Kerzenst\u00e4nder silber gro\u00df mieten raum M\u00fcnchen. Hochzeitsdeko\" \/>\n<meta property=\"og:description\" content=\"Kerzenst\u00e4nder silber gro\u00df verleihen elegante Kerzenst\u00e4nder aus Keramik zum Mieten. Deko M\u00fcnchen mieten. H\u00f6he 19.5 cm, Tischdeko Verleih\" \/>\n<meta property=\"og:url\" content=\"https:\/\/alicedesign4you.de\/shop\/product\/silber-kerzenstaender-keramik-gross-mieten\/\" \/>\n<meta property=\"og:site_name\" content=\"Hochzeitsdeko M\u00fcnchen &amp; Floristik | Alice Design\" \/>\n<meta property=\"article:modified_time\" content=\"2024-06-06T20:46:54+00:00\" \/>\n<meta property=\"og:image\" content=\"https:\/\/alicedesign4you.de\/shop\/wp-content\/uploads\/2021\/02\/Silber-Kerzenstaender-Keramik-gross.png\" \/>\n\t<meta property=\"og:image:width\" content=\"300\" \/>\n\t<meta property=\"og:image:height\" content=\"450\" \/>\n\t<meta property=\"og:image:type\" content=\"image\/png\" \/>\n<meta name=\"twitter:card\" content=\"summary_large_image\" \/>\n<meta name=\"twitter:label1\" content=\"Gesch\u00e4tzte Lesezeit\" \/>\n\t<meta name=\"twitter:data1\" content=\"2\u00a0Minuten\" \/>\n<script type=\"application\/ld+json\" class=\"yoast-schema-graph\">{\"@context\":\"https:\/\/schema.org\",\"@graph\":[{\"@type\":\"WebPage\",\"@id\":\"https:\/\/alicedesign4you.de\/shop\/product\/silber-kerzenstaender-keramik-gross-mieten\/\",\"url\":\"https:\/\/alicedesign4you.de\/shop\/product\/silber-kerzenstaender-keramik-gross-mieten\/\",\"name\":\"Kerzenst\u00e4nder silber gro\u00df mieten raum M\u00fcnchen. Hochzeitsdeko\",\"isPartOf\":{\"@id\":\"https:\/\/alicedesign4you.de\/shop\/#website\"},\"primaryImageOfPage\":{\"@id\":\"https:\/\/alicedesign4you.de\/shop\/product\/silber-kerzenstaender-keramik-gross-mieten\/#primaryimage\"},\"image\":{\"@id\":\"https:\/\/alicedesign4you.de\/shop\/product\/silber-kerzenstaender-keramik-gross-mieten\/#primaryimage\"},\"thumbnailUrl\":\"https:\/\/alicedesign4you.de\/shop\/wp-content\/uploads\/2021\/02\/Silber-Kerzenstaender-Keramik-gross.png\",\"datePublished\":\"2021-02-18T19:11:16+00:00\",\"dateModified\":\"2024-06-06T20:46:54+00:00\",\"description\":\"Kerzenst\u00e4nder silber gro\u00df verleihen elegante Kerzenst\u00e4nder aus Keramik zum Mieten. Deko M\u00fcnchen mieten. H\u00f6he 19.5 cm, Tischdeko Verleih\",\"breadcrumb\":{\"@id\":\"https:\/\/alicedesign4you.de\/shop\/product\/silber-kerzenstaender-keramik-gross-mieten\/#breadcrumb\"},\"inLanguage\":\"de\",\"potentialAction\":[{\"@type\":\"ReadAction\",\"target\":[\"https:\/\/alicedesign4you.de\/shop\/product\/silber-kerzenstaender-keramik-gross-mieten\/\"]}]},{\"@type\":\"ImageObject\",\"inLanguage\":\"de\",\"@id\":\"https:\/\/alicedesign4you.de\/shop\/product\/silber-kerzenstaender-keramik-gross-mieten\/#primaryimage\",\"url\":\"https:\/\/alicedesign4you.de\/shop\/wp-content\/uploads\/2021\/02\/Silber-Kerzenstaender-Keramik-gross.png\",\"contentUrl\":\"https:\/\/alicedesign4you.de\/shop\/wp-content\/uploads\/2021\/02\/Silber-Kerzenstaender-Keramik-gross.png\",\"width\":300,\"height\":450,\"caption\":\"Silber Kerzenst\u00e4nder Keramik\"},{\"@type\":\"BreadcrumbList\",\"@id\":\"https:\/\/alicedesign4you.de\/shop\/product\/silber-kerzenstaender-keramik-gross-mieten\/#breadcrumb\",\"itemListElement\":[{\"@type\":\"ListItem\",\"position\":1,\"name\":\"Startseite\",\"item\":\"https:\/\/alicedesign4you.de\/shop\/\"},{\"@type\":\"ListItem\",\"position\":2,\"name\":\"Shop\",\"item\":\"https:\/\/alicedesign4you.de\/shop\/shop\/\"},{\"@type\":\"ListItem\",\"position\":3,\"name\":\"Silber Kerzenst\u00e4nder | Keramik (gro\u00df)\"}]},{\"@type\":\"WebSite\",\"@id\":\"https:\/\/alicedesign4you.de\/shop\/#website\",\"url\":\"https:\/\/alicedesign4you.de\/shop\/\",\"name\":\"Hochzeitsdeko M\u00fcnchen &amp; Floristik | Alice Design\",\"description\":\"Individuelle Hochzeitsdeko und traumhafte Floristik f\u00fcr eure Hochzeit &amp; Events in M\u00fcnchen und Umgebung. Kompetente Beratung und Planung mit viel Liebe zum Detail!\",\"potentialAction\":[{\"@type\":\"SearchAction\",\"target\":{\"@type\":\"EntryPoint\",\"urlTemplate\":\"https:\/\/alicedesign4you.de\/shop\/?s={search_term_string}\"},\"query-input\":{\"@type\":\"PropertyValueSpecification\",\"valueRequired\":true,\"valueName\":\"search_term_string\"}}],\"inLanguage\":\"de\"}]}<\/script>\n<!-- \/ Yoast SEO plugin. -->","yoast_head_json":{"title":"Kerzenst\u00e4nder silber gro\u00df mieten raum M\u00fcnchen. Hochzeitsdeko","description":"Kerzenst\u00e4nder silber gro\u00df verleihen elegante Kerzenst\u00e4nder aus Keramik zum Mieten. Deko M\u00fcnchen mieten. H\u00f6he 19.5 cm, Tischdeko Verleih","robots":{"index":"index","follow":"follow","max-snippet":"max-snippet:-1","max-image-preview":"max-image-preview:large","max-video-preview":"max-video-preview:-1"},"canonical":"https:\/\/alicedesign4you.de\/shop\/product\/silber-kerzenstaender-keramik-gross-mieten\/","og_locale":"de_DE","og_type":"article","og_title":"Kerzenst\u00e4nder silber gro\u00df mieten raum M\u00fcnchen. Hochzeitsdeko","og_description":"Kerzenst\u00e4nder silber gro\u00df verleihen elegante Kerzenst\u00e4nder aus Keramik zum Mieten. Deko M\u00fcnchen mieten. H\u00f6he 19.5 cm, Tischdeko Verleih","og_url":"https:\/\/alicedesign4you.de\/shop\/product\/silber-kerzenstaender-keramik-gross-mieten\/","og_site_name":"Hochzeitsdeko M\u00fcnchen &amp; Floristik | Alice Design","article_modified_time":"2024-06-06T20:46:54+00:00","og_image":[{"width":300,"height":450,"url":"https:\/\/alicedesign4you.de\/shop\/wp-content\/uploads\/2021\/02\/Silber-Kerzenstaender-Keramik-gross.png","type":"image\/png"}],"twitter_card":"summary_large_image","twitter_misc":{"Gesch\u00e4tzte Lesezeit":"2\u00a0Minuten"},"schema":{"@context":"https:\/\/schema.org","@graph":[{"@type":"WebPage","@id":"https:\/\/alicedesign4you.de\/shop\/product\/silber-kerzenstaender-keramik-gross-mieten\/","url":"https:\/\/alicedesign4you.de\/shop\/product\/silber-kerzenstaender-keramik-gross-mieten\/","name":"Kerzenst\u00e4nder silber gro\u00df mieten raum M\u00fcnchen. Hochzeitsdeko","isPartOf":{"@id":"https:\/\/alicedesign4you.de\/shop\/#website"},"primaryImageOfPage":{"@id":"https:\/\/alicedesign4you.de\/shop\/product\/silber-kerzenstaender-keramik-gross-mieten\/#primaryimage"},"image":{"@id":"https:\/\/alicedesign4you.de\/shop\/product\/silber-kerzenstaender-keramik-gross-mieten\/#primaryimage"},"thumbnailUrl":"https:\/\/alicedesign4you.de\/shop\/wp-content\/uploads\/2021\/02\/Silber-Kerzenstaender-Keramik-gross.png","datePublished":"2021-02-18T19:11:16+00:00","dateModified":"2024-06-06T20:46:54+00:00","description":"Kerzenst\u00e4nder silber gro\u00df verleihen elegante Kerzenst\u00e4nder aus Keramik zum Mieten. Deko M\u00fcnchen mieten. H\u00f6he 19.5 cm, Tischdeko Verleih","breadcrumb":{"@id":"https:\/\/alicedesign4you.de\/shop\/product\/silber-kerzenstaender-keramik-gross-mieten\/#breadcrumb"},"inLanguage":"de","potentialAction":[{"@type":"ReadAction","target":["https:\/\/alicedesign4you.de\/shop\/product\/silber-kerzenstaender-keramik-gross-mieten\/"]}]},{"@type":"ImageObject","inLanguage":"de","@id":"https:\/\/alicedesign4you.de\/shop\/product\/silber-kerzenstaender-keramik-gross-mieten\/#primaryimage","url":"https:\/\/alicedesign4you.de\/shop\/wp-content\/uploads\/2021\/02\/Silber-Kerzenstaender-Keramik-gross.png","contentUrl":"https:\/\/alicedesign4you.de\/shop\/wp-content\/uploads\/2021\/02\/Silber-Kerzenstaender-Keramik-gross.png","width":300,"height":450,"caption":"Silber Kerzenst\u00e4nder Keramik"},{"@type":"BreadcrumbList","@id":"https:\/\/alicedesign4you.de\/shop\/product\/silber-kerzenstaender-keramik-gross-mieten\/#breadcrumb","itemListElement":[{"@type":"ListItem","position":1,"name":"Startseite","item":"https:\/\/alicedesign4you.de\/shop\/"},{"@type":"ListItem","position":2,"name":"Shop","item":"https:\/\/alicedesign4you.de\/shop\/shop\/"},{"@type":"ListItem","position":3,"name":"Silber Kerzenst\u00e4nder | Keramik (gro\u00df)"}]},{"@type":"WebSite","@id":"https:\/\/alicedesign4you.de\/shop\/#website","url":"https:\/\/alicedesign4you.de\/shop\/","name":"Hochzeitsdeko M\u00fcnchen &amp; Floristik | Alice Design","description":"Individuelle Hochzeitsdeko und traumhafte Floristik f\u00fcr eure Hochzeit &amp; Events in M\u00fcnchen und Umgebung. Kompetente Beratung und Planung mit viel Liebe zum Detail!","potentialAction":[{"@type":"SearchAction","target":{"@type":"EntryPoint","urlTemplate":"https:\/\/alicedesign4you.de\/shop\/?s={search_term_string}"},"query-input":{"@type":"PropertyValueSpecification","valueRequired":true,"valueName":"search_term_string"}}],"inLanguage":"de"}]}},"_links":{"self":[{"href":"https:\/\/alicedesign4you.de\/shop\/wp-json\/wp\/v2\/product\/298","targetHints":{"allow":["GET"]}}],"collection":[{"href":"https:\/\/alicedesign4you.de\/shop\/wp-json\/wp\/v2\/product"}],"about":[{"href":"https:\/\/alicedesign4you.de\/shop\/wp-json\/wp\/v2\/types\/product"}],"version-history":[{"count":2,"href":"https:\/\/alicedesign4you.de\/shop\/wp-json\/wp\/v2\/product\/298\/revisions"}],"predecessor-version":[{"id":23469,"href":"https:\/\/alicedesign4you.de\/shop\/wp-json\/wp\/v2\/product\/298\/revisions\/23469"}],"wp:featuredmedia":[{"embeddable":true,"href":"https:\/\/alicedesign4you.de\/shop\/wp-json\/wp\/v2\/media\/23468"}],"wp:attachment":[{"href":"https:\/\/alicedesign4you.de\/shop\/wp-json\/wp\/v2\/media?parent=298"}],"wp:term":[{"taxonomy":"product_brand","embeddable":true,"href":"https:\/\/alicedesign4you.de\/shop\/wp-json\/wp\/v2\/product_brand?post=298"},{"taxonomy":"product_cat","embeddable":true,"href":"https:\/\/alicedesign4you.de\/shop\/wp-json\/wp\/v2\/product_cat?post=298"},{"taxonomy":"product_tag","embeddable":true,"href":"https:\/\/alicedesign4you.de\/shop\/wp-json\/wp\/v2\/product_tag?post=298"}],"curies":[{"name":"wp","href":"https:\/\/api.w.org\/{rel}","templated":true}]}}