{"id":222,"date":"2021-02-18T14:53:10","date_gmt":"2021-02-18T14:53:10","guid":{"rendered":"\/?post_type=product&#038;p=222"},"modified":"2022-03-29T19:54:26","modified_gmt":"2022-03-29T18:54:26","slug":"tortentisch-weiss-ivory","status":"publish","type":"product","link":"https:\/\/alicedesign4you.de\/shop\/product\/tortentisch-weiss-ivory\/","title":{"rendered":"Tortentisch wei\u00df-ivory (unterschiedliche Farben)"},"content":{"rendered":"<h2>Tortentisch<\/h2>\n<p>Tortentisch Gr\u00f6\u00dfenangaben:<\/p>\n<p>Breite: 0,75 m<br \/>\nH\u00f6he: 0,9 m<\/p>\n<p>Farben nach Wahl (bitte bei der Bestellung mitteilen)<\/p>\n<ul>\n<li>Artikel muss im \u00fcbergebenen Zustand zur\u00fcck gegeben werden. Bei Besch\u00e4digung oder Verlust, ist ein Preis von 500 Euro zu erstatten.<\/li>\n<li>Blumenschmuck und weitere abgebildeten Dekoartikel sind nicht im Mietpreis enthalten.<\/li>\n<li>Die Mietdauer betr\u00e4gt 4 Tage.<\/li>\n<\/ul>\n<p><span data-sheets-formula-bar-text-style=\"font-size:13px;color:#000000;font-weight:normal;text-decoration:none;font-family:'Arial';font-style:normal;text-decoration-skip-ink:none;\"><h2>R\u00fcckgabebedingungen<\/h2>\r\n<ul>\r\n \t<li>Der Artikel ist in dem Zustand wie zur Waren\u00fcbergabe nach der Mietdauer zur\u00fcck zu geben.<\/li>\r\n \t<li>Bitte \u00fcberpr\u00fcfen Sie unsere Ware umgehend. Alle Reklamationen, die sp\u00e4ter als 24 Stunden nach Erhalt\u00a0eintreffen, werden nicht akzeptiert.<\/li>\r\n \t<li>Bei Brandl\u00f6cher, Risse, Kerzenwachs und anderen Besch\u00e4digungen behalten wir uns das Recht vor dieses in Rechnung zu stellen bzw. den Widerbeschaffungspreis zu berechnen.<\/li>\r\n<\/ul>\r\n<h2>Versandinformationen<\/h2>\r\n<ul>\r\n \t<li>Abholung in M\u00fchldorf am Inn 84453<\/li>\r\n \t<li>Lieferung nach Absprache m\u00f6glich (Anfrage per WhatsApp 015120649803)<\/li>\r\n<\/ul><\/span><\/p>\n<p>&nbsp;<\/p>\n<p>Einer der sch\u00f6nsten Dinge an der Hochzeitsplanung ist es, Inspirationen f\u00fcr die Hochzeitstorte zu sammeln und diese dann, beim richtigen Konditor in Auftrag zu geben.<br \/>\n\u2800<br \/>\n&#x1f370;Ein Hochzeitskuchen muss nat\u00fcrlich hinsichtlich Geschmack und Optik h\u00f6chste Anforderungen erf\u00fcllen, schlie\u00dflich wird er ja an Eurem gro\u00dfen Tag von allen Seiten bestaunt und fotografiert.<br \/>\n\u2800<br \/>\n&#x2757;Hinsichtlich Geschmacksrichtung und Gr\u00f6\u00dfe der Torte lasst Euch am besten vom Profi beraten und Kostproben zubereiten.<br \/>\n\u2800<br \/>\n&#x2728;Beim Look k\u00f6nnen wir Euch behilflich sein: Wundersch\u00f6ne, kreative und teilweise ausgeflippte Hochzeitstorte-Ideen in allen m\u00f6glichen Stilrichtungen findet Ihr in unserem Blog.<br \/>\n\u2800<\/p>\n<p>Candybar in Hochzeiten&#x1f9c1;&#x1f368;&#x1f9c1;<br \/>\n\u2800<br \/>\n&#x269c;&#xfe0f;Hast du schon mal an einer Candybar f\u00fcr deine Hochzeit gedacht?<br \/>\nViele sehen es als ein Highlight den der Tag vers\u00fc\u00dfen l\u00e4sst.<br \/>\nSie steht meistens direkt neben der Bar oder dem Buffet. Baut es aber erst zum Dessert auf, damit die G\u00e4ste sich nicht vorher mit den Naschereien satt essen.<br \/>\nDu kannst es aber auch als Mitternachtssnack auftischen lassen. Bereite auch kleine Papiert\u00fctchen oder Sch\u00e4lchen vor, damit die G\u00e4ste ihre Leckereien dort reinlegen k\u00f6nnen.<br \/>\n\u2800<br \/>\n&#x269c;&#xfe0f;Wenn deine Hochzeit unter einem Motto steht, dann pass auch sie Candybar an. Wenn du kein Motto hast, kannst du im Internet nach Ideen suchen. Aber was geh\u00f6rt haupts\u00e4chlich zur Candybar? Sehr beliebt sind Cupcakes oder Muffins, Windbeutel, Macarons, Donuts und Brownies.<br \/>\n\u2800<br \/>\n&#x269c;&#xfe0f;Aber auch Sachen mit Kombinationen von Salz und Karamell.<br \/>\n\u2800<br \/>\n&#x269c;&#xfe0f; Wer eine Alternative der Candybar m\u00f6chte, kann auch eine Ice Cream Bar, Hot Chocolate Bar, Salty Bar oder eine K\u00e4seplatte machen.<\/p>\n","protected":false},"excerpt":{"rendered":"<p>Breite: 0,75 m<br \/>\nH\u00f6he: 0,9 m<\/p>\n<p>Artikel muss im \u00fcbergebenen Zustand zur\u00fcck gegeben werden. Bei Besch\u00e4digung oder Verlust, ist ein Preis von 500 Euro zu erstatten. Reparaturarbeiten gesondert abgerechnet<\/p>\n<p>Blumenschmuck und weitere abgebildeten Dekoartikel sind nicht im Mietpreis enthalten.<\/p>\n<p>Die Mietdauer betr\u00e4gt 4 Tage.<\/p>\n","protected":false},"featured_media":210,"template":"","meta":{"inline_featured_image":false},"product_brand":[],"product_cat":[26],"product_tag":[],"class_list":{"0":"post-222","1":"product","2":"type-product","3":"status-publish","4":"has-post-thumbnail","6":"product_cat-saaldekoration","8":"first","9":"instock","10":"shipping-taxable","11":"purchasable","12":"product-type-simple"},"yoast_head":"<!-- This site is optimized with the Yoast SEO plugin v25.3.1 - https:\/\/yoast.com\/wordpress\/plugins\/seo\/ -->\n<title>Tortentisch Farbe nach Wahl f\u00fcr die Hochzeit. Candy Bar<\/title>\n<meta name=\"description\" content=\"Tortentisch mit Rollen perfekte Deko f\u00fcr Ihre Hochzeit. Candy-Bar. Verleih Raum M\u00fcnchen. Lieferung m\u00f6glich mieten. Farbe nach Wahl\" \/>\n<meta name=\"robots\" content=\"index, follow, max-snippet:-1, max-image-preview:large, max-video-preview:-1\" \/>\n<link rel=\"canonical\" href=\"https:\/\/alicedesign4you.de\/shop\/product\/tortentisch-weiss-ivory\/\" \/>\n<meta property=\"og:locale\" content=\"de_DE\" \/>\n<meta property=\"og:type\" content=\"article\" \/>\n<meta property=\"og:title\" content=\"Tortentisch Farbe nach Wahl f\u00fcr die Hochzeit. Candy Bar\" \/>\n<meta property=\"og:description\" content=\"Tortentisch mit Rollen perfekte Deko f\u00fcr Ihre Hochzeit. Candy-Bar. Verleih Raum M\u00fcnchen. Lieferung m\u00f6glich mieten. Farbe nach Wahl\" \/>\n<meta property=\"og:url\" content=\"https:\/\/alicedesign4you.de\/shop\/product\/tortentisch-weiss-ivory\/\" \/>\n<meta property=\"og:site_name\" content=\"Hochzeitsdeko M\u00fcnchen &amp; Floristik | Alice Design\" \/>\n<meta property=\"article:modified_time\" content=\"2022-03-29T18:54:26+00:00\" \/>\n<meta property=\"og:image\" content=\"https:\/\/alicedesign4you.de\/shop\/wp-content\/uploads\/2021\/02\/ScreenShot2018-08-29at9.18.31AM.png\" \/>\n\t<meta property=\"og:image:width\" content=\"322\" \/>\n\t<meta property=\"og:image:height\" content=\"505\" \/>\n\t<meta property=\"og:image:type\" content=\"image\/png\" \/>\n<meta name=\"twitter:card\" content=\"summary_large_image\" \/>\n<meta name=\"twitter:label1\" content=\"Gesch\u00e4tzte Lesezeit\" \/>\n\t<meta name=\"twitter:data1\" content=\"2\u00a0Minuten\" \/>\n<script type=\"application\/ld+json\" class=\"yoast-schema-graph\">{\"@context\":\"https:\/\/schema.org\",\"@graph\":[{\"@type\":\"WebPage\",\"@id\":\"https:\/\/alicedesign4you.de\/shop\/product\/tortentisch-weiss-ivory\/\",\"url\":\"https:\/\/alicedesign4you.de\/shop\/product\/tortentisch-weiss-ivory\/\",\"name\":\"Tortentisch Farbe nach Wahl f\u00fcr die Hochzeit. Candy Bar\",\"isPartOf\":{\"@id\":\"https:\/\/alicedesign4you.de\/shop\/#website\"},\"primaryImageOfPage\":{\"@id\":\"https:\/\/alicedesign4you.de\/shop\/product\/tortentisch-weiss-ivory\/#primaryimage\"},\"image\":{\"@id\":\"https:\/\/alicedesign4you.de\/shop\/product\/tortentisch-weiss-ivory\/#primaryimage\"},\"thumbnailUrl\":\"https:\/\/alicedesign4you.de\/shop\/wp-content\/uploads\/2021\/02\/ScreenShot2018-08-29at9.18.31AM.png\",\"datePublished\":\"2021-02-18T14:53:10+00:00\",\"dateModified\":\"2022-03-29T18:54:26+00:00\",\"description\":\"Tortentisch mit Rollen perfekte Deko f\u00fcr Ihre Hochzeit. Candy-Bar. Verleih Raum M\u00fcnchen. Lieferung m\u00f6glich mieten. Farbe nach Wahl\",\"breadcrumb\":{\"@id\":\"https:\/\/alicedesign4you.de\/shop\/product\/tortentisch-weiss-ivory\/#breadcrumb\"},\"inLanguage\":\"de\",\"potentialAction\":[{\"@type\":\"ReadAction\",\"target\":[\"https:\/\/alicedesign4you.de\/shop\/product\/tortentisch-weiss-ivory\/\"]}]},{\"@type\":\"ImageObject\",\"inLanguage\":\"de\",\"@id\":\"https:\/\/alicedesign4you.de\/shop\/product\/tortentisch-weiss-ivory\/#primaryimage\",\"url\":\"https:\/\/alicedesign4you.de\/shop\/wp-content\/uploads\/2021\/02\/ScreenShot2018-08-29at9.18.31AM.png\",\"contentUrl\":\"https:\/\/alicedesign4you.de\/shop\/wp-content\/uploads\/2021\/02\/ScreenShot2018-08-29at9.18.31AM.png\",\"width\":322,\"height\":505,\"caption\":\"Tortentisch\"},{\"@type\":\"BreadcrumbList\",\"@id\":\"https:\/\/alicedesign4you.de\/shop\/product\/tortentisch-weiss-ivory\/#breadcrumb\",\"itemListElement\":[{\"@type\":\"ListItem\",\"position\":1,\"name\":\"Startseite\",\"item\":\"https:\/\/alicedesign4you.de\/shop\/\"},{\"@type\":\"ListItem\",\"position\":2,\"name\":\"Shop\",\"item\":\"https:\/\/alicedesign4you.de\/shop\/shop\/\"},{\"@type\":\"ListItem\",\"position\":3,\"name\":\"Tortentisch wei\u00df-ivory (unterschiedliche Farben)\"}]},{\"@type\":\"WebSite\",\"@id\":\"https:\/\/alicedesign4you.de\/shop\/#website\",\"url\":\"https:\/\/alicedesign4you.de\/shop\/\",\"name\":\"Hochzeitsdeko M\u00fcnchen &amp; Floristik | Alice Design\",\"description\":\"Individuelle Hochzeitsdeko und traumhafte Floristik f\u00fcr eure Hochzeit &amp; Events in M\u00fcnchen und Umgebung. Kompetente Beratung und Planung mit viel Liebe zum Detail!\",\"potentialAction\":[{\"@type\":\"SearchAction\",\"target\":{\"@type\":\"EntryPoint\",\"urlTemplate\":\"https:\/\/alicedesign4you.de\/shop\/?s={search_term_string}\"},\"query-input\":{\"@type\":\"PropertyValueSpecification\",\"valueRequired\":true,\"valueName\":\"search_term_string\"}}],\"inLanguage\":\"de\"}]}<\/script>\n<!-- \/ Yoast SEO plugin. -->","yoast_head_json":{"title":"Tortentisch Farbe nach Wahl f\u00fcr die Hochzeit. Candy Bar","description":"Tortentisch mit Rollen perfekte Deko f\u00fcr Ihre Hochzeit. Candy-Bar. Verleih Raum M\u00fcnchen. Lieferung m\u00f6glich mieten. Farbe nach Wahl","robots":{"index":"index","follow":"follow","max-snippet":"max-snippet:-1","max-image-preview":"max-image-preview:large","max-video-preview":"max-video-preview:-1"},"canonical":"https:\/\/alicedesign4you.de\/shop\/product\/tortentisch-weiss-ivory\/","og_locale":"de_DE","og_type":"article","og_title":"Tortentisch Farbe nach Wahl f\u00fcr die Hochzeit. Candy Bar","og_description":"Tortentisch mit Rollen perfekte Deko f\u00fcr Ihre Hochzeit. Candy-Bar. Verleih Raum M\u00fcnchen. Lieferung m\u00f6glich mieten. Farbe nach Wahl","og_url":"https:\/\/alicedesign4you.de\/shop\/product\/tortentisch-weiss-ivory\/","og_site_name":"Hochzeitsdeko M\u00fcnchen &amp; Floristik | Alice Design","article_modified_time":"2022-03-29T18:54:26+00:00","og_image":[{"width":322,"height":505,"url":"https:\/\/alicedesign4you.de\/shop\/wp-content\/uploads\/2021\/02\/ScreenShot2018-08-29at9.18.31AM.png","type":"image\/png"}],"twitter_card":"summary_large_image","twitter_misc":{"Gesch\u00e4tzte Lesezeit":"2\u00a0Minuten"},"schema":{"@context":"https:\/\/schema.org","@graph":[{"@type":"WebPage","@id":"https:\/\/alicedesign4you.de\/shop\/product\/tortentisch-weiss-ivory\/","url":"https:\/\/alicedesign4you.de\/shop\/product\/tortentisch-weiss-ivory\/","name":"Tortentisch Farbe nach Wahl f\u00fcr die Hochzeit. Candy Bar","isPartOf":{"@id":"https:\/\/alicedesign4you.de\/shop\/#website"},"primaryImageOfPage":{"@id":"https:\/\/alicedesign4you.de\/shop\/product\/tortentisch-weiss-ivory\/#primaryimage"},"image":{"@id":"https:\/\/alicedesign4you.de\/shop\/product\/tortentisch-weiss-ivory\/#primaryimage"},"thumbnailUrl":"https:\/\/alicedesign4you.de\/shop\/wp-content\/uploads\/2021\/02\/ScreenShot2018-08-29at9.18.31AM.png","datePublished":"2021-02-18T14:53:10+00:00","dateModified":"2022-03-29T18:54:26+00:00","description":"Tortentisch mit Rollen perfekte Deko f\u00fcr Ihre Hochzeit. Candy-Bar. Verleih Raum M\u00fcnchen. Lieferung m\u00f6glich mieten. Farbe nach Wahl","breadcrumb":{"@id":"https:\/\/alicedesign4you.de\/shop\/product\/tortentisch-weiss-ivory\/#breadcrumb"},"inLanguage":"de","potentialAction":[{"@type":"ReadAction","target":["https:\/\/alicedesign4you.de\/shop\/product\/tortentisch-weiss-ivory\/"]}]},{"@type":"ImageObject","inLanguage":"de","@id":"https:\/\/alicedesign4you.de\/shop\/product\/tortentisch-weiss-ivory\/#primaryimage","url":"https:\/\/alicedesign4you.de\/shop\/wp-content\/uploads\/2021\/02\/ScreenShot2018-08-29at9.18.31AM.png","contentUrl":"https:\/\/alicedesign4you.de\/shop\/wp-content\/uploads\/2021\/02\/ScreenShot2018-08-29at9.18.31AM.png","width":322,"height":505,"caption":"Tortentisch"},{"@type":"BreadcrumbList","@id":"https:\/\/alicedesign4you.de\/shop\/product\/tortentisch-weiss-ivory\/#breadcrumb","itemListElement":[{"@type":"ListItem","position":1,"name":"Startseite","item":"https:\/\/alicedesign4you.de\/shop\/"},{"@type":"ListItem","position":2,"name":"Shop","item":"https:\/\/alicedesign4you.de\/shop\/shop\/"},{"@type":"ListItem","position":3,"name":"Tortentisch wei\u00df-ivory (unterschiedliche Farben)"}]},{"@type":"WebSite","@id":"https:\/\/alicedesign4you.de\/shop\/#website","url":"https:\/\/alicedesign4you.de\/shop\/","name":"Hochzeitsdeko M\u00fcnchen &amp; Floristik | Alice Design","description":"Individuelle Hochzeitsdeko und traumhafte Floristik f\u00fcr eure Hochzeit &amp; Events in M\u00fcnchen und Umgebung. Kompetente Beratung und Planung mit viel Liebe zum Detail!","potentialAction":[{"@type":"SearchAction","target":{"@type":"EntryPoint","urlTemplate":"https:\/\/alicedesign4you.de\/shop\/?s={search_term_string}"},"query-input":{"@type":"PropertyValueSpecification","valueRequired":true,"valueName":"search_term_string"}}],"inLanguage":"de"}]}},"_links":{"self":[{"href":"https:\/\/alicedesign4you.de\/shop\/wp-json\/wp\/v2\/product\/222","targetHints":{"allow":["GET"]}}],"collection":[{"href":"https:\/\/alicedesign4you.de\/shop\/wp-json\/wp\/v2\/product"}],"about":[{"href":"https:\/\/alicedesign4you.de\/shop\/wp-json\/wp\/v2\/types\/product"}],"version-history":[{"count":1,"href":"https:\/\/alicedesign4you.de\/shop\/wp-json\/wp\/v2\/product\/222\/revisions"}],"predecessor-version":[{"id":1671,"href":"https:\/\/alicedesign4you.de\/shop\/wp-json\/wp\/v2\/product\/222\/revisions\/1671"}],"wp:featuredmedia":[{"embeddable":true,"href":"https:\/\/alicedesign4you.de\/shop\/wp-json\/wp\/v2\/media\/210"}],"wp:attachment":[{"href":"https:\/\/alicedesign4you.de\/shop\/wp-json\/wp\/v2\/media?parent=222"}],"wp:term":[{"taxonomy":"product_brand","embeddable":true,"href":"https:\/\/alicedesign4you.de\/shop\/wp-json\/wp\/v2\/product_brand?post=222"},{"taxonomy":"product_cat","embeddable":true,"href":"https:\/\/alicedesign4you.de\/shop\/wp-json\/wp\/v2\/product_cat?post=222"},{"taxonomy":"product_tag","embeddable":true,"href":"https:\/\/alicedesign4you.de\/shop\/wp-json\/wp\/v2\/product_tag?post=222"}],"curies":[{"name":"wp","href":"https:\/\/api.w.org\/{rel}","templated":true}]}}