{"id":216,"date":"2021-02-18T14:28:31","date_gmt":"2021-02-18T14:28:31","guid":{"rendered":"\/?post_type=product&#038;p=216"},"modified":"2024-06-06T21:14:33","modified_gmt":"2024-06-06T20:14:33","slug":"hintergrund-classic-farbe-nach-wahl","status":"publish","type":"product","link":"https:\/\/alicedesign4you.de\/shop\/product\/hintergrund-classic-farbe-nach-wahl\/","title":{"rendered":"Hintergrund &#8222;Classic&#8220; Farbe nach Wahl"},"content":{"rendered":"<h2>Freie Trauung Bogen<\/h2>\n<p>Hintergrund &#8222;Classic&#8220; Farbe nach Wahl<\/p>\n<p>Breite: 1,5 &#8211; 2,5 m<br \/>\nH\u00f6he: 2 &#8211; 2,4 m<br \/>\ninkl. Gestell<\/p>\n<ul>\n<li>Artikel muss im \u00fcbergebenen Zustand zur\u00fcck gegeben werden. Bei Besch\u00e4digung oder Verlust, ist ein Preis von 500 Euro zu erstatten.<\/li>\n<li>Blumenschmuck und weitere abgebildeten Dekoartikel sind nicht im Mietpreis enthalten.<\/li>\n<li>Die Mietdauer betr\u00e4gt 4 Tage.<\/li>\n<\/ul>\n<p><span data-sheets-formula-bar-text-style=\"font-size:13px;color:#000000;font-weight:normal;text-decoration:none;font-family:'Arial';font-style:normal;text-decoration-skip-ink:none;\"><h2>R\u00fcckgabebedingungen<\/h2>\r\n<ul>\r\n \t<li>Der Artikel ist in dem Zustand wie zur Waren\u00fcbergabe nach der Mietdauer zur\u00fcck zu geben.<\/li>\r\n \t<li>Bitte \u00fcberpr\u00fcfen Sie unsere Ware umgehend. Alle Reklamationen, die sp\u00e4ter als 24 Stunden nach Erhalt\u00a0eintreffen, werden nicht akzeptiert.<\/li>\r\n \t<li>Bei Brandl\u00f6cher, Risse, Kerzenwachs und anderen Besch\u00e4digungen behalten wir uns das Recht vor dieses in Rechnung zu stellen bzw. den Widerbeschaffungspreis zu berechnen.<\/li>\r\n<\/ul>\r\n<h2>Versandinformationen<\/h2>\r\n<ul>\r\n \t<li>Abholung in M\u00fchldorf am Inn 84453<\/li>\r\n \t<li>Lieferung nach Absprache m\u00f6glich (Anfrage per WhatsApp 015120649803)<\/li>\r\n<\/ul><\/span><\/p>\n<p>&nbsp;<\/p>\n<p>Hintergrund &#8222;Classic&#8220; Farbe nach Wahl<\/p>\n<p>Ein Traubogen wird heutzutage oft bei freie Trauungen verwendet, um das Podest zu versch\u00f6nern. Aber auch die sch\u00f6nsten Bilder bekommt man mit dieser Deko als Fotowand. Es ist wie ein paradiesischer Hintergrund. Als w\u00e4re man in einer Blumenwelt. Au\u00dferdem ist es ganz beliebt als Hintergrund f\u00fcr den Brautpaartisch.<br \/>\nDiese bl\u00fchen Tag und Nacht und zeigen sich in ihrer sch\u00f6nsten Form.<\/p>\n<h4>Die G\u00e4ste werden staunen von der romantischen Stimmung.<\/h4>\n<p><a href=\"https:\/\/www.instagram.com\/p\/BnBlilOjoLW\/\">Hochzeit Deko M\u00fcnchen &amp; Bayern (@hochzeitsdeko_bayern) \u2022 Instagram-Fotos und -Videos<\/a><\/p>\n","protected":false},"excerpt":{"rendered":"<p>Breite: 1,5 &#8211; 2,5 m<br \/>\nH\u00f6he: 2 &#8211; 2,4 m<br \/>\ninkl. Gestell<\/p>\n<p>Artikel muss im \u00fcbergebenen Zustand zur\u00fcck gegeben werden. Bei Besch\u00e4digung oder Verlust, ist ein Preis von 500 Euro zu erstatten.<\/p>\n<p>Blumenschmuck und weitere abgebildeten Dekoartikel sind nicht im Mietpreis enthalten.<\/p>\n<p>Die Mietdauer betr\u00e4gt 4 Tage.<\/p>\n","protected":false},"featured_media":195,"template":"","meta":{"inline_featured_image":false},"product_brand":[],"product_cat":[29],"product_tag":[],"class_list":{"0":"post-216","1":"product","2":"type-product","3":"status-publish","4":"has-post-thumbnail","6":"product_cat-brautpaartisch","8":"first","9":"instock","10":"shipping-taxable","11":"purchasable","12":"product-type-simple"},"yoast_head":"<!-- This site is optimized with the Yoast SEO plugin v25.3.1 - https:\/\/yoast.com\/wordpress\/plugins\/seo\/ -->\n<title>Hintergrund &quot;Classic&quot; Farbe nach Wahl f\u00fcr Ihre Hochzeit mieten<\/title>\n<meta name=\"description\" content=\"Hintergrund &quot;Classic&quot; Farbe nach Wahl f\u00fcr Hochzeit. Moderne Designs, verschiedene Aufbaum\u00f6glichkeiten - bei uns mieten (raum M\u00fcnchen)\" \/>\n<meta name=\"robots\" content=\"index, follow, max-snippet:-1, max-image-preview:large, max-video-preview:-1\" \/>\n<link rel=\"canonical\" href=\"https:\/\/alicedesign4you.de\/shop\/product\/hintergrund-classic-farbe-nach-wahl\/\" \/>\n<meta property=\"og:locale\" content=\"de_DE\" \/>\n<meta property=\"og:type\" content=\"article\" \/>\n<meta property=\"og:title\" content=\"Hintergrund &quot;Classic&quot; Farbe nach Wahl f\u00fcr Ihre Hochzeit mieten\" \/>\n<meta property=\"og:description\" content=\"Hintergrund &quot;Classic&quot; Farbe nach Wahl f\u00fcr Hochzeit. Moderne Designs, verschiedene Aufbaum\u00f6glichkeiten - bei uns mieten (raum M\u00fcnchen)\" \/>\n<meta property=\"og:url\" content=\"https:\/\/alicedesign4you.de\/shop\/product\/hintergrund-classic-farbe-nach-wahl\/\" \/>\n<meta property=\"og:site_name\" content=\"Hochzeitsdeko M\u00fcnchen &amp; Floristik | Alice Design\" \/>\n<meta property=\"article:modified_time\" content=\"2024-06-06T20:14:33+00:00\" \/>\n<meta property=\"og:image\" content=\"https:\/\/alicedesign4you.de\/shop\/wp-content\/uploads\/2021\/02\/20180827_154547.jpg\" \/>\n\t<meta property=\"og:image:width\" content=\"340\" \/>\n\t<meta property=\"og:image:height\" content=\"604\" \/>\n\t<meta property=\"og:image:type\" content=\"image\/jpeg\" \/>\n<meta name=\"twitter:card\" content=\"summary_large_image\" \/>\n<meta name=\"twitter:label1\" content=\"Gesch\u00e4tzte Lesezeit\" \/>\n\t<meta name=\"twitter:data1\" content=\"1\u00a0Minute\" \/>\n<script type=\"application\/ld+json\" class=\"yoast-schema-graph\">{\"@context\":\"https:\/\/schema.org\",\"@graph\":[{\"@type\":\"WebPage\",\"@id\":\"https:\/\/alicedesign4you.de\/shop\/product\/hintergrund-classic-farbe-nach-wahl\/\",\"url\":\"https:\/\/alicedesign4you.de\/shop\/product\/hintergrund-classic-farbe-nach-wahl\/\",\"name\":\"Hintergrund \\\"Classic\\\" Farbe nach Wahl f\u00fcr Ihre Hochzeit mieten\",\"isPartOf\":{\"@id\":\"https:\/\/alicedesign4you.de\/shop\/#website\"},\"primaryImageOfPage\":{\"@id\":\"https:\/\/alicedesign4you.de\/shop\/product\/hintergrund-classic-farbe-nach-wahl\/#primaryimage\"},\"image\":{\"@id\":\"https:\/\/alicedesign4you.de\/shop\/product\/hintergrund-classic-farbe-nach-wahl\/#primaryimage\"},\"thumbnailUrl\":\"https:\/\/alicedesign4you.de\/shop\/wp-content\/uploads\/2021\/02\/20180827_154547.jpg\",\"datePublished\":\"2021-02-18T14:28:31+00:00\",\"dateModified\":\"2024-06-06T20:14:33+00:00\",\"description\":\"Hintergrund \\\"Classic\\\" Farbe nach Wahl f\u00fcr Hochzeit. Moderne Designs, verschiedene Aufbaum\u00f6glichkeiten - bei uns mieten (raum M\u00fcnchen)\",\"breadcrumb\":{\"@id\":\"https:\/\/alicedesign4you.de\/shop\/product\/hintergrund-classic-farbe-nach-wahl\/#breadcrumb\"},\"inLanguage\":\"de\",\"potentialAction\":[{\"@type\":\"ReadAction\",\"target\":[\"https:\/\/alicedesign4you.de\/shop\/product\/hintergrund-classic-farbe-nach-wahl\/\"]}]},{\"@type\":\"ImageObject\",\"inLanguage\":\"de\",\"@id\":\"https:\/\/alicedesign4you.de\/shop\/product\/hintergrund-classic-farbe-nach-wahl\/#primaryimage\",\"url\":\"https:\/\/alicedesign4you.de\/shop\/wp-content\/uploads\/2021\/02\/20180827_154547.jpg\",\"contentUrl\":\"https:\/\/alicedesign4you.de\/shop\/wp-content\/uploads\/2021\/02\/20180827_154547.jpg\",\"width\":340,\"height\":604,\"caption\":\"Hintergrund \\\"Classic\\\" Farbe\"},{\"@type\":\"BreadcrumbList\",\"@id\":\"https:\/\/alicedesign4you.de\/shop\/product\/hintergrund-classic-farbe-nach-wahl\/#breadcrumb\",\"itemListElement\":[{\"@type\":\"ListItem\",\"position\":1,\"name\":\"Startseite\",\"item\":\"https:\/\/alicedesign4you.de\/shop\/\"},{\"@type\":\"ListItem\",\"position\":2,\"name\":\"Shop\",\"item\":\"https:\/\/alicedesign4you.de\/shop\/shop\/\"},{\"@type\":\"ListItem\",\"position\":3,\"name\":\"Hintergrund &#8220;Classic&#8221; Farbe nach Wahl\"}]},{\"@type\":\"WebSite\",\"@id\":\"https:\/\/alicedesign4you.de\/shop\/#website\",\"url\":\"https:\/\/alicedesign4you.de\/shop\/\",\"name\":\"Hochzeitsdeko M\u00fcnchen &amp; Floristik | Alice Design\",\"description\":\"Individuelle Hochzeitsdeko und traumhafte Floristik f\u00fcr eure Hochzeit &amp; Events in M\u00fcnchen und Umgebung. Kompetente Beratung und Planung mit viel Liebe zum Detail!\",\"potentialAction\":[{\"@type\":\"SearchAction\",\"target\":{\"@type\":\"EntryPoint\",\"urlTemplate\":\"https:\/\/alicedesign4you.de\/shop\/?s={search_term_string}\"},\"query-input\":{\"@type\":\"PropertyValueSpecification\",\"valueRequired\":true,\"valueName\":\"search_term_string\"}}],\"inLanguage\":\"de\"}]}<\/script>\n<!-- \/ Yoast SEO plugin. -->","yoast_head_json":{"title":"Hintergrund \"Classic\" Farbe nach Wahl f\u00fcr Ihre Hochzeit mieten","description":"Hintergrund \"Classic\" Farbe nach Wahl f\u00fcr Hochzeit. Moderne Designs, verschiedene Aufbaum\u00f6glichkeiten - bei uns mieten (raum M\u00fcnchen)","robots":{"index":"index","follow":"follow","max-snippet":"max-snippet:-1","max-image-preview":"max-image-preview:large","max-video-preview":"max-video-preview:-1"},"canonical":"https:\/\/alicedesign4you.de\/shop\/product\/hintergrund-classic-farbe-nach-wahl\/","og_locale":"de_DE","og_type":"article","og_title":"Hintergrund \"Classic\" Farbe nach Wahl f\u00fcr Ihre Hochzeit mieten","og_description":"Hintergrund \"Classic\" Farbe nach Wahl f\u00fcr Hochzeit. Moderne Designs, verschiedene Aufbaum\u00f6glichkeiten - bei uns mieten (raum M\u00fcnchen)","og_url":"https:\/\/alicedesign4you.de\/shop\/product\/hintergrund-classic-farbe-nach-wahl\/","og_site_name":"Hochzeitsdeko M\u00fcnchen &amp; Floristik | Alice Design","article_modified_time":"2024-06-06T20:14:33+00:00","og_image":[{"width":340,"height":604,"url":"https:\/\/alicedesign4you.de\/shop\/wp-content\/uploads\/2021\/02\/20180827_154547.jpg","type":"image\/jpeg"}],"twitter_card":"summary_large_image","twitter_misc":{"Gesch\u00e4tzte Lesezeit":"1\u00a0Minute"},"schema":{"@context":"https:\/\/schema.org","@graph":[{"@type":"WebPage","@id":"https:\/\/alicedesign4you.de\/shop\/product\/hintergrund-classic-farbe-nach-wahl\/","url":"https:\/\/alicedesign4you.de\/shop\/product\/hintergrund-classic-farbe-nach-wahl\/","name":"Hintergrund \"Classic\" Farbe nach Wahl f\u00fcr Ihre Hochzeit mieten","isPartOf":{"@id":"https:\/\/alicedesign4you.de\/shop\/#website"},"primaryImageOfPage":{"@id":"https:\/\/alicedesign4you.de\/shop\/product\/hintergrund-classic-farbe-nach-wahl\/#primaryimage"},"image":{"@id":"https:\/\/alicedesign4you.de\/shop\/product\/hintergrund-classic-farbe-nach-wahl\/#primaryimage"},"thumbnailUrl":"https:\/\/alicedesign4you.de\/shop\/wp-content\/uploads\/2021\/02\/20180827_154547.jpg","datePublished":"2021-02-18T14:28:31+00:00","dateModified":"2024-06-06T20:14:33+00:00","description":"Hintergrund \"Classic\" Farbe nach Wahl f\u00fcr Hochzeit. Moderne Designs, verschiedene Aufbaum\u00f6glichkeiten - bei uns mieten (raum M\u00fcnchen)","breadcrumb":{"@id":"https:\/\/alicedesign4you.de\/shop\/product\/hintergrund-classic-farbe-nach-wahl\/#breadcrumb"},"inLanguage":"de","potentialAction":[{"@type":"ReadAction","target":["https:\/\/alicedesign4you.de\/shop\/product\/hintergrund-classic-farbe-nach-wahl\/"]}]},{"@type":"ImageObject","inLanguage":"de","@id":"https:\/\/alicedesign4you.de\/shop\/product\/hintergrund-classic-farbe-nach-wahl\/#primaryimage","url":"https:\/\/alicedesign4you.de\/shop\/wp-content\/uploads\/2021\/02\/20180827_154547.jpg","contentUrl":"https:\/\/alicedesign4you.de\/shop\/wp-content\/uploads\/2021\/02\/20180827_154547.jpg","width":340,"height":604,"caption":"Hintergrund \"Classic\" Farbe"},{"@type":"BreadcrumbList","@id":"https:\/\/alicedesign4you.de\/shop\/product\/hintergrund-classic-farbe-nach-wahl\/#breadcrumb","itemListElement":[{"@type":"ListItem","position":1,"name":"Startseite","item":"https:\/\/alicedesign4you.de\/shop\/"},{"@type":"ListItem","position":2,"name":"Shop","item":"https:\/\/alicedesign4you.de\/shop\/shop\/"},{"@type":"ListItem","position":3,"name":"Hintergrund &#8220;Classic&#8221; Farbe nach Wahl"}]},{"@type":"WebSite","@id":"https:\/\/alicedesign4you.de\/shop\/#website","url":"https:\/\/alicedesign4you.de\/shop\/","name":"Hochzeitsdeko M\u00fcnchen &amp; Floristik | Alice Design","description":"Individuelle Hochzeitsdeko und traumhafte Floristik f\u00fcr eure Hochzeit &amp; Events in M\u00fcnchen und Umgebung. Kompetente Beratung und Planung mit viel Liebe zum Detail!","potentialAction":[{"@type":"SearchAction","target":{"@type":"EntryPoint","urlTemplate":"https:\/\/alicedesign4you.de\/shop\/?s={search_term_string}"},"query-input":{"@type":"PropertyValueSpecification","valueRequired":true,"valueName":"search_term_string"}}],"inLanguage":"de"}]}},"_links":{"self":[{"href":"https:\/\/alicedesign4you.de\/shop\/wp-json\/wp\/v2\/product\/216","targetHints":{"allow":["GET"]}}],"collection":[{"href":"https:\/\/alicedesign4you.de\/shop\/wp-json\/wp\/v2\/product"}],"about":[{"href":"https:\/\/alicedesign4you.de\/shop\/wp-json\/wp\/v2\/types\/product"}],"version-history":[{"count":2,"href":"https:\/\/alicedesign4you.de\/shop\/wp-json\/wp\/v2\/product\/216\/revisions"}],"predecessor-version":[{"id":23457,"href":"https:\/\/alicedesign4you.de\/shop\/wp-json\/wp\/v2\/product\/216\/revisions\/23457"}],"wp:featuredmedia":[{"embeddable":true,"href":"https:\/\/alicedesign4you.de\/shop\/wp-json\/wp\/v2\/media\/195"}],"wp:attachment":[{"href":"https:\/\/alicedesign4you.de\/shop\/wp-json\/wp\/v2\/media?parent=216"}],"wp:term":[{"taxonomy":"product_brand","embeddable":true,"href":"https:\/\/alicedesign4you.de\/shop\/wp-json\/wp\/v2\/product_brand?post=216"},{"taxonomy":"product_cat","embeddable":true,"href":"https:\/\/alicedesign4you.de\/shop\/wp-json\/wp\/v2\/product_cat?post=216"},{"taxonomy":"product_tag","embeddable":true,"href":"https:\/\/alicedesign4you.de\/shop\/wp-json\/wp\/v2\/product_tag?post=216"}],"curies":[{"name":"wp","href":"https:\/\/api.w.org\/{rel}","templated":true}]}}