{"id":189,"date":"2021-02-18T14:22:44","date_gmt":"2021-02-18T14:22:44","guid":{"rendered":"\/?post_type=product&#038;p=189"},"modified":"2022-05-05T19:09:06","modified_gmt":"2022-05-05T18:09:06","slug":"metall-saulen-2er-set-geometrisch","status":"publish","type":"product","link":"https:\/\/alicedesign4you.de\/shop\/product\/metall-saulen-2er-set-geometrisch\/","title":{"rendered":"Metall S\u00e4ulen (3er Set) &#8222;Geometrisch&#8220;"},"content":{"rendered":"<h2>Metall S\u00e4ulen<\/h2>\n<p>Breite: 25 cm (jedes Teil)<br \/>\nH\u00f6he: 0.5 m , 0.8 m, 1 m<br \/>\ninkl. Stoffbedeckung<\/p>\n<ul>\n<li>Artikel muss im \u00fcbergebenen Zustand zur\u00fcck gegeben werden. Bei Besch\u00e4digung oder Verlust, ist ein Preis von 200 Euro zu erstatten.<\/li>\n<li>Blumenschmuck und weitere abgebildeten Dekoartikel sind nicht im Mietpreis enthalten.<\/li>\n<li>Die Mietdauer betr\u00e4gt 4 Tage.<\/li>\n<\/ul>\n<p><span data-sheets-formula-bar-text-style=\"font-size:13px;color:#000000;font-weight:normal;text-decoration:none;font-family:'Arial';font-style:normal;text-decoration-skip-ink:none;\"><h2>R\u00fcckgabebedingungen<\/h2>\r\n<ul>\r\n \t<li>Der Artikel ist in dem Zustand wie zur Waren\u00fcbergabe nach der Mietdauer zur\u00fcck zu geben.<\/li>\r\n \t<li>Bitte \u00fcberpr\u00fcfen Sie unsere Ware umgehend. Alle Reklamationen, die sp\u00e4ter als 24 Stunden nach Erhalt\u00a0eintreffen, werden nicht akzeptiert.<\/li>\r\n \t<li>Bei Brandl\u00f6cher, Risse, Kerzenwachs und anderen Besch\u00e4digungen behalten wir uns das Recht vor dieses in Rechnung zu stellen bzw. den Widerbeschaffungspreis zu berechnen.<\/li>\r\n<\/ul>\r\n<h2>Versandinformationen<\/h2>\r\n<ul>\r\n \t<li>Abholung in M\u00fchldorf am Inn 84453<\/li>\r\n \t<li>Lieferung nach Absprache m\u00f6glich (Anfrage per WhatsApp 015120649803)<\/li>\r\n<\/ul><\/span><\/p>\n<p>&nbsp;<\/p>\n<p>Metall S\u00e4ulen passen perfekt zu jedem Event. Diese moderne Eventsdekorationk\u00f6nnen Sie in unserem Shop mieten.<strong><br \/>\n<\/strong><\/p>\n<h3>Style-Tipps<\/h3>\n<p>Heute geht es um eine Hochzeit im klassischen Stil. Weil es ist Immer zeitlos und aktuell! Gestern, heute und morgen. F\u00fcr diejenige Br\u00e4ute, die es klassisch m\u00f6gen, wird eine dezente elegante Dekoration empfohlen. Dabei soll man die Hauptkriterien beachten:<\/p>\n<ul>\n<li>Leichtigkeit<\/li>\n<li>Bescheidenheit<\/li>\n<li>Erlesenheit<\/li>\n<li>Raffinesse und<\/li>\n<li>Tadellosigkeit<\/li>\n<\/ul>\n<h3>Farbmuster<\/h3>\n<p>Die wei\u00dfe Farbe ist eine Norm der Klassik, aber heutzutage gibt es die M\u00f6glichkeit eine gro\u00dfe Auswahl an sanften Farbt\u00f6nen die man verwenden kann. Zum Beispiel\u00a0 Beige, Perlenfarbe, Elfenbeinfarbe (ivory), eisige Farben mit Blaustich, Silber, Champagnerfarbe oder Pastellfarben.<\/p>\n<h3>Floristik<\/h3>\n<p>Danach ist die Zeit die Blumensorte auszuw\u00e4hlen. Die am besten geeigneten Blumen sind Rosen, Orchideen, Lilien, Hortensien, ganz selten Feldblumen.<\/p>\n<h3>Deko-Elemente<\/h3>\n<p>Die wichtigsten dekorativen Elemente f\u00fcr eine klassische Hochzeit sind eine prachtvolle Floristik. Auch verschiedene Stoffe und B\u00e4nder (Satin, Chiffon, Organza, Seide, Spitze) sind ganz wichtig. Au\u00dferdem verwendet man Perlen, Strasssteine, Spiegeln, Kristallleuchten, goldene oder silberne Elemente. Aber auch die Kerzen sind ein muss.<\/p>\n<h3>Lokation<\/h3>\n<p>Bei der Auswahl der Lokation, ist es besser, sich f\u00fcr einen klassischen Bankettsaal oder einen sch\u00f6nen Resort zu entscheiden. Dabei Ideal w\u00e4re das historische Geb\u00e4ude (Palast oder Schloss).<\/p>\n<h3>Style des Brautpaares<\/h3>\n<p>Das Kleid der Braut kann gerade, tailliert oder bauschig geschnitten sein. Aber das Wichtigste ist, dass das Kleid bodenlang ist und eine Schleppe hat. Hier sieht ein Kleid mit Spitze oder Handstickerei sehr ausgewogen aus. Dem Br\u00e4utigam wird ein Frack, Smoking oder Hosenanzug empfohlen. F\u00fcr eine klassische Hochzeit werden Anz\u00fcge in den Farben schwarz, dunkelblau oder grau ausgew\u00e4hlt. F\u00fcr diese Kombination passt sowohl ein wei\u00dfes als auch ein rosa oder hellblaues Hemd. Dabei vervollst\u00e4ndigt eine Krawatte oder eine Fliege das ganze Bild.<\/p>\n<p>Wir wissen, wie man ein unvergessliche elegante Dekoration kreiert!<\/p>\n<h3>Metall S\u00e4ulen<\/h3>\n<p><a href=\"https:\/\/www.instagram.com\/p\/CXapynYLGEs\/\">Hochzeit Deko M\u00fcnchen &amp; Bayern (@hochzeitsdeko_bayern) \u2022 Instagram-Fotos und -Videos<\/a><\/p>\n<p>Passend dazu: <a href=\"https:\/\/alicedesign4you.de\/shop\/product\/freie-trauung-bogen-hintergrund-2er-set\/\">Freie Trauung Bogen (2er Set) f\u00fcr Ihre Hochzeit mieten (alicedesign4you.de)<\/a><\/p>\n","protected":false},"excerpt":{"rendered":"<p>Breite: 25 cm (jedes Teil)<br \/>\nH\u00f6he: 0.5 m, 0.8 m, 1 m<br \/>\ninkl. Stoffbedeckung<\/p>\n<p>Artikel muss im \u00fcbergebenen Zustand zur\u00fcck gegeben werden. Bei Besch\u00e4digung oder Verlust, ist ein Preis von 200 Euro zu erstatten.<\/p>\n<p>Blumenschmuck und weitere abgebildeten Dekoartikel sind nicht im Mietpreis enthalten.<\/p>\n<p>Die Mietdauer betr\u00e4gt 4 Tage.<\/p>\n","protected":false},"featured_media":190,"template":"","meta":{"inline_featured_image":false},"product_brand":[],"product_cat":[29,26],"product_tag":[],"class_list":{"0":"post-189","1":"product","2":"type-product","3":"status-publish","4":"has-post-thumbnail","6":"product_cat-brautpaartisch","7":"product_cat-saaldekoration","9":"first","10":"instock","11":"shipping-taxable","12":"purchasable","13":"product-type-simple"},"yoast_head":"<!-- This site is optimized with the Yoast SEO plugin v25.3.1 - https:\/\/yoast.com\/wordpress\/plugins\/seo\/ -->\n<title>Metall S\u00e4ulen f\u00fcr Ihre Hochzeit mieten. Eventsdekoration<\/title>\n<meta name=\"description\" content=\"Metall S\u00e4ulen f\u00fcr Ihre Hochzeit. Moderne Designs, verschiedene Aufbaum\u00f6glichkeiten - bei uns bequem mieten (Raum M\u00fcnchen)\" \/>\n<meta name=\"robots\" content=\"index, follow, max-snippet:-1, max-image-preview:large, max-video-preview:-1\" \/>\n<link rel=\"canonical\" href=\"https:\/\/alicedesign4you.de\/shop\/product\/metall-saulen-2er-set-geometrisch\/\" \/>\n<meta property=\"og:locale\" content=\"de_DE\" \/>\n<meta property=\"og:type\" content=\"article\" \/>\n<meta property=\"og:title\" content=\"Metall S\u00e4ulen f\u00fcr Ihre Hochzeit mieten. Eventsdekoration\" \/>\n<meta property=\"og:description\" content=\"Metall S\u00e4ulen f\u00fcr Ihre Hochzeit. Moderne Designs, verschiedene Aufbaum\u00f6glichkeiten - bei uns bequem mieten (Raum M\u00fcnchen)\" \/>\n<meta property=\"og:url\" content=\"https:\/\/alicedesign4you.de\/shop\/product\/metall-saulen-2er-set-geometrisch\/\" \/>\n<meta property=\"og:site_name\" content=\"Hochzeitsdeko M\u00fcnchen &amp; Floristik | Alice Design\" \/>\n<meta property=\"article:modified_time\" content=\"2022-05-05T18:09:06+00:00\" \/>\n<meta property=\"og:image\" content=\"https:\/\/alicedesign4you.de\/shop\/wp-content\/uploads\/2021\/02\/large_3565a8bb-d46a-497e-b2fa-adf90ba5586f-Kopie.jpg\" \/>\n\t<meta property=\"og:image:width\" content=\"340\" \/>\n\t<meta property=\"og:image:height\" content=\"453\" \/>\n\t<meta property=\"og:image:type\" content=\"image\/jpeg\" \/>\n<meta name=\"twitter:card\" content=\"summary_large_image\" \/>\n<meta name=\"twitter:label1\" content=\"Gesch\u00e4tzte Lesezeit\" \/>\n\t<meta name=\"twitter:data1\" content=\"2\u00a0Minuten\" \/>\n<script type=\"application\/ld+json\" class=\"yoast-schema-graph\">{\"@context\":\"https:\/\/schema.org\",\"@graph\":[{\"@type\":\"WebPage\",\"@id\":\"https:\/\/alicedesign4you.de\/shop\/product\/metall-saulen-2er-set-geometrisch\/\",\"url\":\"https:\/\/alicedesign4you.de\/shop\/product\/metall-saulen-2er-set-geometrisch\/\",\"name\":\"Metall S\u00e4ulen f\u00fcr Ihre Hochzeit mieten. Eventsdekoration\",\"isPartOf\":{\"@id\":\"https:\/\/alicedesign4you.de\/shop\/#website\"},\"primaryImageOfPage\":{\"@id\":\"https:\/\/alicedesign4you.de\/shop\/product\/metall-saulen-2er-set-geometrisch\/#primaryimage\"},\"image\":{\"@id\":\"https:\/\/alicedesign4you.de\/shop\/product\/metall-saulen-2er-set-geometrisch\/#primaryimage\"},\"thumbnailUrl\":\"https:\/\/alicedesign4you.de\/shop\/wp-content\/uploads\/2021\/02\/large_3565a8bb-d46a-497e-b2fa-adf90ba5586f-Kopie.jpg\",\"datePublished\":\"2021-02-18T14:22:44+00:00\",\"dateModified\":\"2022-05-05T18:09:06+00:00\",\"description\":\"Metall S\u00e4ulen f\u00fcr Ihre Hochzeit. Moderne Designs, verschiedene Aufbaum\u00f6glichkeiten - bei uns bequem mieten (Raum M\u00fcnchen)\",\"breadcrumb\":{\"@id\":\"https:\/\/alicedesign4you.de\/shop\/product\/metall-saulen-2er-set-geometrisch\/#breadcrumb\"},\"inLanguage\":\"de\",\"potentialAction\":[{\"@type\":\"ReadAction\",\"target\":[\"https:\/\/alicedesign4you.de\/shop\/product\/metall-saulen-2er-set-geometrisch\/\"]}]},{\"@type\":\"ImageObject\",\"inLanguage\":\"de\",\"@id\":\"https:\/\/alicedesign4you.de\/shop\/product\/metall-saulen-2er-set-geometrisch\/#primaryimage\",\"url\":\"https:\/\/alicedesign4you.de\/shop\/wp-content\/uploads\/2021\/02\/large_3565a8bb-d46a-497e-b2fa-adf90ba5586f-Kopie.jpg\",\"contentUrl\":\"https:\/\/alicedesign4you.de\/shop\/wp-content\/uploads\/2021\/02\/large_3565a8bb-d46a-497e-b2fa-adf90ba5586f-Kopie.jpg\",\"width\":340,\"height\":453,\"caption\":\"Metall S\u00e4ulen (3er Set) \\\"Geometrisch\\\"\"},{\"@type\":\"BreadcrumbList\",\"@id\":\"https:\/\/alicedesign4you.de\/shop\/product\/metall-saulen-2er-set-geometrisch\/#breadcrumb\",\"itemListElement\":[{\"@type\":\"ListItem\",\"position\":1,\"name\":\"Startseite\",\"item\":\"https:\/\/alicedesign4you.de\/shop\/\"},{\"@type\":\"ListItem\",\"position\":2,\"name\":\"Shop\",\"item\":\"https:\/\/alicedesign4you.de\/shop\/shop\/\"},{\"@type\":\"ListItem\",\"position\":3,\"name\":\"Metall S\u00e4ulen (3er Set) &#8222;Geometrisch&#8220;\"}]},{\"@type\":\"WebSite\",\"@id\":\"https:\/\/alicedesign4you.de\/shop\/#website\",\"url\":\"https:\/\/alicedesign4you.de\/shop\/\",\"name\":\"Hochzeitsdeko M\u00fcnchen &amp; Floristik | Alice Design\",\"description\":\"Individuelle Hochzeitsdeko und traumhafte Floristik f\u00fcr eure Hochzeit &amp; Events in M\u00fcnchen und Umgebung. Kompetente Beratung und Planung mit viel Liebe zum Detail!\",\"potentialAction\":[{\"@type\":\"SearchAction\",\"target\":{\"@type\":\"EntryPoint\",\"urlTemplate\":\"https:\/\/alicedesign4you.de\/shop\/?s={search_term_string}\"},\"query-input\":{\"@type\":\"PropertyValueSpecification\",\"valueRequired\":true,\"valueName\":\"search_term_string\"}}],\"inLanguage\":\"de\"}]}<\/script>\n<!-- \/ Yoast SEO plugin. -->","yoast_head_json":{"title":"Metall S\u00e4ulen f\u00fcr Ihre Hochzeit mieten. Eventsdekoration","description":"Metall S\u00e4ulen f\u00fcr Ihre Hochzeit. Moderne Designs, verschiedene Aufbaum\u00f6glichkeiten - bei uns bequem mieten (Raum M\u00fcnchen)","robots":{"index":"index","follow":"follow","max-snippet":"max-snippet:-1","max-image-preview":"max-image-preview:large","max-video-preview":"max-video-preview:-1"},"canonical":"https:\/\/alicedesign4you.de\/shop\/product\/metall-saulen-2er-set-geometrisch\/","og_locale":"de_DE","og_type":"article","og_title":"Metall S\u00e4ulen f\u00fcr Ihre Hochzeit mieten. Eventsdekoration","og_description":"Metall S\u00e4ulen f\u00fcr Ihre Hochzeit. Moderne Designs, verschiedene Aufbaum\u00f6glichkeiten - bei uns bequem mieten (Raum M\u00fcnchen)","og_url":"https:\/\/alicedesign4you.de\/shop\/product\/metall-saulen-2er-set-geometrisch\/","og_site_name":"Hochzeitsdeko M\u00fcnchen &amp; Floristik | Alice Design","article_modified_time":"2022-05-05T18:09:06+00:00","og_image":[{"width":340,"height":453,"url":"https:\/\/alicedesign4you.de\/shop\/wp-content\/uploads\/2021\/02\/large_3565a8bb-d46a-497e-b2fa-adf90ba5586f-Kopie.jpg","type":"image\/jpeg"}],"twitter_card":"summary_large_image","twitter_misc":{"Gesch\u00e4tzte Lesezeit":"2\u00a0Minuten"},"schema":{"@context":"https:\/\/schema.org","@graph":[{"@type":"WebPage","@id":"https:\/\/alicedesign4you.de\/shop\/product\/metall-saulen-2er-set-geometrisch\/","url":"https:\/\/alicedesign4you.de\/shop\/product\/metall-saulen-2er-set-geometrisch\/","name":"Metall S\u00e4ulen f\u00fcr Ihre Hochzeit mieten. Eventsdekoration","isPartOf":{"@id":"https:\/\/alicedesign4you.de\/shop\/#website"},"primaryImageOfPage":{"@id":"https:\/\/alicedesign4you.de\/shop\/product\/metall-saulen-2er-set-geometrisch\/#primaryimage"},"image":{"@id":"https:\/\/alicedesign4you.de\/shop\/product\/metall-saulen-2er-set-geometrisch\/#primaryimage"},"thumbnailUrl":"https:\/\/alicedesign4you.de\/shop\/wp-content\/uploads\/2021\/02\/large_3565a8bb-d46a-497e-b2fa-adf90ba5586f-Kopie.jpg","datePublished":"2021-02-18T14:22:44+00:00","dateModified":"2022-05-05T18:09:06+00:00","description":"Metall S\u00e4ulen f\u00fcr Ihre Hochzeit. Moderne Designs, verschiedene Aufbaum\u00f6glichkeiten - bei uns bequem mieten (Raum M\u00fcnchen)","breadcrumb":{"@id":"https:\/\/alicedesign4you.de\/shop\/product\/metall-saulen-2er-set-geometrisch\/#breadcrumb"},"inLanguage":"de","potentialAction":[{"@type":"ReadAction","target":["https:\/\/alicedesign4you.de\/shop\/product\/metall-saulen-2er-set-geometrisch\/"]}]},{"@type":"ImageObject","inLanguage":"de","@id":"https:\/\/alicedesign4you.de\/shop\/product\/metall-saulen-2er-set-geometrisch\/#primaryimage","url":"https:\/\/alicedesign4you.de\/shop\/wp-content\/uploads\/2021\/02\/large_3565a8bb-d46a-497e-b2fa-adf90ba5586f-Kopie.jpg","contentUrl":"https:\/\/alicedesign4you.de\/shop\/wp-content\/uploads\/2021\/02\/large_3565a8bb-d46a-497e-b2fa-adf90ba5586f-Kopie.jpg","width":340,"height":453,"caption":"Metall S\u00e4ulen (3er Set) \"Geometrisch\""},{"@type":"BreadcrumbList","@id":"https:\/\/alicedesign4you.de\/shop\/product\/metall-saulen-2er-set-geometrisch\/#breadcrumb","itemListElement":[{"@type":"ListItem","position":1,"name":"Startseite","item":"https:\/\/alicedesign4you.de\/shop\/"},{"@type":"ListItem","position":2,"name":"Shop","item":"https:\/\/alicedesign4you.de\/shop\/shop\/"},{"@type":"ListItem","position":3,"name":"Metall S\u00e4ulen (3er Set) &#8222;Geometrisch&#8220;"}]},{"@type":"WebSite","@id":"https:\/\/alicedesign4you.de\/shop\/#website","url":"https:\/\/alicedesign4you.de\/shop\/","name":"Hochzeitsdeko M\u00fcnchen &amp; Floristik | Alice Design","description":"Individuelle Hochzeitsdeko und traumhafte Floristik f\u00fcr eure Hochzeit &amp; Events in M\u00fcnchen und Umgebung. Kompetente Beratung und Planung mit viel Liebe zum Detail!","potentialAction":[{"@type":"SearchAction","target":{"@type":"EntryPoint","urlTemplate":"https:\/\/alicedesign4you.de\/shop\/?s={search_term_string}"},"query-input":{"@type":"PropertyValueSpecification","valueRequired":true,"valueName":"search_term_string"}}],"inLanguage":"de"}]}},"_links":{"self":[{"href":"https:\/\/alicedesign4you.de\/shop\/wp-json\/wp\/v2\/product\/189","targetHints":{"allow":["GET"]}}],"collection":[{"href":"https:\/\/alicedesign4you.de\/shop\/wp-json\/wp\/v2\/product"}],"about":[{"href":"https:\/\/alicedesign4you.de\/shop\/wp-json\/wp\/v2\/types\/product"}],"version-history":[{"count":1,"href":"https:\/\/alicedesign4you.de\/shop\/wp-json\/wp\/v2\/product\/189\/revisions"}],"predecessor-version":[{"id":1544,"href":"https:\/\/alicedesign4you.de\/shop\/wp-json\/wp\/v2\/product\/189\/revisions\/1544"}],"wp:featuredmedia":[{"embeddable":true,"href":"https:\/\/alicedesign4you.de\/shop\/wp-json\/wp\/v2\/media\/190"}],"wp:attachment":[{"href":"https:\/\/alicedesign4you.de\/shop\/wp-json\/wp\/v2\/media?parent=189"}],"wp:term":[{"taxonomy":"product_brand","embeddable":true,"href":"https:\/\/alicedesign4you.de\/shop\/wp-json\/wp\/v2\/product_brand?post=189"},{"taxonomy":"product_cat","embeddable":true,"href":"https:\/\/alicedesign4you.de\/shop\/wp-json\/wp\/v2\/product_cat?post=189"},{"taxonomy":"product_tag","embeddable":true,"href":"https:\/\/alicedesign4you.de\/shop\/wp-json\/wp\/v2\/product_tag?post=189"}],"curies":[{"name":"wp","href":"https:\/\/api.w.org\/{rel}","templated":true}]}}