{"id":1858,"date":"2022-05-10T12:46:01","date_gmt":"2022-05-10T11:46:01","guid":{"rendered":"https:\/\/alicedesign4you.de\/shop\/?post_type=product&#038;p=1858"},"modified":"2022-05-13T09:43:19","modified_gmt":"2022-05-13T08:43:19","slug":"brautpaartisch-hintergrund-oder-traubogen","status":"publish","type":"product","link":"https:\/\/alicedesign4you.de\/shop\/product\/brautpaartisch-hintergrund-oder-traubogen\/","title":{"rendered":"Hintergrund Traubogen Brautpaatisch"},"content":{"rendered":"<p><strong>Brautpaartisch Hintergrund oder Traubogen &#8211; Blumen<\/strong><\/p>\n<p>Freie Trauung Bogen (2 Teile vorr\u00e4tig, angegebene Preis gilt f\u00fcr 1 Teil)<\/p>\n<p>Breite: 1,1 m (jedes Teil)<br \/>\nH\u00f6he: 2 m oder 2,5m (Bitte bei der Bestellung vormerken)<\/p>\n<p>Post-Versand m\u00f6glich<\/p>\n<p>&nbsp;<\/p>\n<ul>\n<li>Artikel muss im \u00fcbergebenen Zustand zur\u00fcck gegeben werden. Bei Besch\u00e4digung oder Verlust, ist ein Preis von 250 Euro zu erstatten.<\/li>\n<li>Tisch, Mittlere Hintergrund und weitere abgebildeten Dekoartikel sind nicht im Mietpreis enthalten. Nur der Hintergrund mit dem Stoff und Blumentopper<\/li>\n<li>Die Mietdauer betr\u00e4gt 4 Tage.<\/li>\n<\/ul>\n<p><span data-sheets-formula-bar-text-style=\"font-size:13px;color:#000000;font-weight:normal;text-decoration:none;font-family:'Arial';font-style:normal;text-decoration-skip-ink:none;\"><h2>R\u00fcckgabebedingungen<\/h2>\r\n<ul>\r\n \t<li>Der Artikel ist in dem Zustand wie zur Waren\u00fcbergabe nach der Mietdauer zur\u00fcck zu geben.<\/li>\r\n \t<li>Bitte \u00fcberpr\u00fcfen Sie unsere Ware umgehend. Alle Reklamationen, die sp\u00e4ter als 24 Stunden nach Erhalt\u00a0eintreffen, werden nicht akzeptiert.<\/li>\r\n \t<li>Bei Brandl\u00f6cher, Risse, Kerzenwachs und anderen Besch\u00e4digungen behalten wir uns das Recht vor dieses in Rechnung zu stellen bzw. den Widerbeschaffungspreis zu berechnen.<\/li>\r\n<\/ul>\r\n<h2>Versandinformationen<\/h2>\r\n<ul>\r\n \t<li>Abholung in M\u00fchldorf am Inn 84453<\/li>\r\n \t<li>Lieferung nach Absprache m\u00f6glich (Anfrage per WhatsApp 015120649803)<\/li>\r\n<\/ul><\/span><\/p>\n<h3>Brautpaartisch Hintergrund oder Traubogen<\/h3>\n<p>Ein Traubogen wird heutzutage oft bei freie Trauungen verwendet, um das Podest zu versch\u00f6nern. Aber auch die sch\u00f6nsten Bilder bekommt man mit dieser Dekoration. Es ist wie ein romantischer Hintergrund. Au\u00dferdem ist es ganz beliebt als Hintergrund f\u00fcr den Brautpaartisch.<\/p>\n<p>Wir wissen, wie man ein unvergessliche elegante Dekoration kreiert!<\/p>\n<h4>Diese wunderschone Dekoration k\u00f6nnen Sie bei uns mieten.<\/h4>\n<p>Passend dazu: <a href=\"https:\/\/alicedesign4you.de\/shop\/product\/metall-saulen-2er-set-geometrisch\/\">Metall S\u00e4ulen f\u00fcr Ihre Hochzeit mieten. Eventsdekoration (alicedesign4you.de)<\/a><\/p>\n<p>\u00c4hnliche Artikeln: <a href=\"https:\/\/www.instagram.com\/p\/BnBlilOjoLW\/\">Hochzeit Deko M\u00fcnchen &amp; Bayern (@hochzeitsdeko_bayern) \u2022 Instagram-Fotos und -Videos<\/a><\/p>\n","protected":false},"excerpt":{"rendered":"<p>Breite: 1 m<br \/>\nH\u00f6he: 2,2 m<\/p>\n<p>&nbsp;<\/p>\n<p>Artikel muss im \u00fcbergebenen Zustand zur\u00fcck gegeben werden. Bei Besch\u00e4digung oder Verlust, ist ein Preis von 500 Euro zu erstatten.<\/p>\n<p>Tisch, Mittlere Hintergrund und weitere abgebildeten Dekoartikel sind nicht im Mietpreis enthalten. Nur der Hintergrund mit dem Stoff und Blumentopper<\/p>\n<p>Die Mietdauer betr\u00e4gt 4 Tage.<\/p>\n","protected":false},"featured_media":1859,"template":"","meta":{"inline_featured_image":false},"product_brand":[],"product_cat":[29,26],"product_tag":[],"class_list":{"0":"post-1858","1":"product","2":"type-product","3":"status-publish","4":"has-post-thumbnail","6":"product_cat-brautpaartisch","7":"product_cat-saaldekoration","9":"first","10":"instock","11":"shipping-taxable","12":"purchasable","13":"product-type-simple"},"yoast_head":"<!-- This site is optimized with the Yoast SEO plugin v25.3.1 - https:\/\/yoast.com\/wordpress\/plugins\/seo\/ -->\n<title>Brautpaartisch Hintergrund oder Traubogen f\u00fcr Ihre Hochzeit mieten<\/title>\n<meta name=\"description\" content=\"Brautpaartisch Hintergrund oder Traubogen f\u00fcr Ihre Hochzeit. Modernes Designs - bei uns bequem mieten (Raum M\u00fcnchen)\" \/>\n<meta name=\"robots\" content=\"index, follow, max-snippet:-1, max-image-preview:large, max-video-preview:-1\" \/>\n<link rel=\"canonical\" href=\"https:\/\/alicedesign4you.de\/shop\/product\/brautpaartisch-hintergrund-oder-traubogen\/\" \/>\n<meta property=\"og:locale\" content=\"de_DE\" \/>\n<meta property=\"og:type\" content=\"article\" \/>\n<meta property=\"og:title\" content=\"Brautpaartisch Hintergrund oder Traubogen f\u00fcr Ihre Hochzeit mieten\" \/>\n<meta property=\"og:description\" content=\"Brautpaartisch Hintergrund oder Traubogen f\u00fcr Ihre Hochzeit. Modernes Designs - bei uns bequem mieten (Raum M\u00fcnchen)\" \/>\n<meta property=\"og:url\" content=\"https:\/\/alicedesign4you.de\/shop\/product\/brautpaartisch-hintergrund-oder-traubogen\/\" \/>\n<meta property=\"og:site_name\" content=\"Hochzeitsdeko M\u00fcnchen &amp; Floristik | Alice Design\" \/>\n<meta property=\"article:modified_time\" content=\"2022-05-13T08:43:19+00:00\" \/>\n<meta property=\"og:image\" content=\"https:\/\/alicedesign4you.de\/shop\/wp-content\/uploads\/2022\/05\/IMG_20220422_191445-scaled.jpg\" \/>\n\t<meta property=\"og:image:width\" content=\"1920\" \/>\n\t<meta property=\"og:image:height\" content=\"2560\" \/>\n\t<meta property=\"og:image:type\" content=\"image\/jpeg\" \/>\n<meta name=\"twitter:card\" content=\"summary_large_image\" \/>\n<meta name=\"twitter:label1\" content=\"Gesch\u00e4tzte Lesezeit\" \/>\n\t<meta name=\"twitter:data1\" content=\"1\u00a0Minute\" \/>\n<script type=\"application\/ld+json\" class=\"yoast-schema-graph\">{\"@context\":\"https:\/\/schema.org\",\"@graph\":[{\"@type\":\"WebPage\",\"@id\":\"https:\/\/alicedesign4you.de\/shop\/product\/brautpaartisch-hintergrund-oder-traubogen\/\",\"url\":\"https:\/\/alicedesign4you.de\/shop\/product\/brautpaartisch-hintergrund-oder-traubogen\/\",\"name\":\"Brautpaartisch Hintergrund oder Traubogen f\u00fcr Ihre Hochzeit mieten\",\"isPartOf\":{\"@id\":\"https:\/\/alicedesign4you.de\/shop\/#website\"},\"primaryImageOfPage\":{\"@id\":\"https:\/\/alicedesign4you.de\/shop\/product\/brautpaartisch-hintergrund-oder-traubogen\/#primaryimage\"},\"image\":{\"@id\":\"https:\/\/alicedesign4you.de\/shop\/product\/brautpaartisch-hintergrund-oder-traubogen\/#primaryimage\"},\"thumbnailUrl\":\"https:\/\/alicedesign4you.de\/shop\/wp-content\/uploads\/2022\/05\/IMG_20220422_191445-scaled.jpg\",\"datePublished\":\"2022-05-10T11:46:01+00:00\",\"dateModified\":\"2022-05-13T08:43:19+00:00\",\"description\":\"Brautpaartisch Hintergrund oder Traubogen f\u00fcr Ihre Hochzeit. Modernes Designs - bei uns bequem mieten (Raum M\u00fcnchen)\",\"breadcrumb\":{\"@id\":\"https:\/\/alicedesign4you.de\/shop\/product\/brautpaartisch-hintergrund-oder-traubogen\/#breadcrumb\"},\"inLanguage\":\"de\",\"potentialAction\":[{\"@type\":\"ReadAction\",\"target\":[\"https:\/\/alicedesign4you.de\/shop\/product\/brautpaartisch-hintergrund-oder-traubogen\/\"]}]},{\"@type\":\"ImageObject\",\"inLanguage\":\"de\",\"@id\":\"https:\/\/alicedesign4you.de\/shop\/product\/brautpaartisch-hintergrund-oder-traubogen\/#primaryimage\",\"url\":\"https:\/\/alicedesign4you.de\/shop\/wp-content\/uploads\/2022\/05\/IMG_20220422_191445-scaled.jpg\",\"contentUrl\":\"https:\/\/alicedesign4you.de\/shop\/wp-content\/uploads\/2022\/05\/IMG_20220422_191445-scaled.jpg\",\"width\":1920,\"height\":2560,\"caption\":\"Brautpaartisch Hintergrund\"},{\"@type\":\"BreadcrumbList\",\"@id\":\"https:\/\/alicedesign4you.de\/shop\/product\/brautpaartisch-hintergrund-oder-traubogen\/#breadcrumb\",\"itemListElement\":[{\"@type\":\"ListItem\",\"position\":1,\"name\":\"Startseite\",\"item\":\"https:\/\/alicedesign4you.de\/shop\/\"},{\"@type\":\"ListItem\",\"position\":2,\"name\":\"Shop\",\"item\":\"https:\/\/alicedesign4you.de\/shop\/shop\/\"},{\"@type\":\"ListItem\",\"position\":3,\"name\":\"Hintergrund Traubogen Brautpaatisch\"}]},{\"@type\":\"WebSite\",\"@id\":\"https:\/\/alicedesign4you.de\/shop\/#website\",\"url\":\"https:\/\/alicedesign4you.de\/shop\/\",\"name\":\"Hochzeitsdeko M\u00fcnchen &amp; Floristik | Alice Design\",\"description\":\"Individuelle Hochzeitsdeko und traumhafte Floristik f\u00fcr eure Hochzeit &amp; Events in M\u00fcnchen und Umgebung. Kompetente Beratung und Planung mit viel Liebe zum Detail!\",\"potentialAction\":[{\"@type\":\"SearchAction\",\"target\":{\"@type\":\"EntryPoint\",\"urlTemplate\":\"https:\/\/alicedesign4you.de\/shop\/?s={search_term_string}\"},\"query-input\":{\"@type\":\"PropertyValueSpecification\",\"valueRequired\":true,\"valueName\":\"search_term_string\"}}],\"inLanguage\":\"de\"}]}<\/script>\n<!-- \/ Yoast SEO plugin. -->","yoast_head_json":{"title":"Brautpaartisch Hintergrund oder Traubogen f\u00fcr Ihre Hochzeit mieten","description":"Brautpaartisch Hintergrund oder Traubogen f\u00fcr Ihre Hochzeit. Modernes Designs - bei uns bequem mieten (Raum M\u00fcnchen)","robots":{"index":"index","follow":"follow","max-snippet":"max-snippet:-1","max-image-preview":"max-image-preview:large","max-video-preview":"max-video-preview:-1"},"canonical":"https:\/\/alicedesign4you.de\/shop\/product\/brautpaartisch-hintergrund-oder-traubogen\/","og_locale":"de_DE","og_type":"article","og_title":"Brautpaartisch Hintergrund oder Traubogen f\u00fcr Ihre Hochzeit mieten","og_description":"Brautpaartisch Hintergrund oder Traubogen f\u00fcr Ihre Hochzeit. Modernes Designs - bei uns bequem mieten (Raum M\u00fcnchen)","og_url":"https:\/\/alicedesign4you.de\/shop\/product\/brautpaartisch-hintergrund-oder-traubogen\/","og_site_name":"Hochzeitsdeko M\u00fcnchen &amp; Floristik | Alice Design","article_modified_time":"2022-05-13T08:43:19+00:00","og_image":[{"width":1920,"height":2560,"url":"https:\/\/alicedesign4you.de\/shop\/wp-content\/uploads\/2022\/05\/IMG_20220422_191445-scaled.jpg","type":"image\/jpeg"}],"twitter_card":"summary_large_image","twitter_misc":{"Gesch\u00e4tzte Lesezeit":"1\u00a0Minute"},"schema":{"@context":"https:\/\/schema.org","@graph":[{"@type":"WebPage","@id":"https:\/\/alicedesign4you.de\/shop\/product\/brautpaartisch-hintergrund-oder-traubogen\/","url":"https:\/\/alicedesign4you.de\/shop\/product\/brautpaartisch-hintergrund-oder-traubogen\/","name":"Brautpaartisch Hintergrund oder Traubogen f\u00fcr Ihre Hochzeit mieten","isPartOf":{"@id":"https:\/\/alicedesign4you.de\/shop\/#website"},"primaryImageOfPage":{"@id":"https:\/\/alicedesign4you.de\/shop\/product\/brautpaartisch-hintergrund-oder-traubogen\/#primaryimage"},"image":{"@id":"https:\/\/alicedesign4you.de\/shop\/product\/brautpaartisch-hintergrund-oder-traubogen\/#primaryimage"},"thumbnailUrl":"https:\/\/alicedesign4you.de\/shop\/wp-content\/uploads\/2022\/05\/IMG_20220422_191445-scaled.jpg","datePublished":"2022-05-10T11:46:01+00:00","dateModified":"2022-05-13T08:43:19+00:00","description":"Brautpaartisch Hintergrund oder Traubogen f\u00fcr Ihre Hochzeit. Modernes Designs - bei uns bequem mieten (Raum M\u00fcnchen)","breadcrumb":{"@id":"https:\/\/alicedesign4you.de\/shop\/product\/brautpaartisch-hintergrund-oder-traubogen\/#breadcrumb"},"inLanguage":"de","potentialAction":[{"@type":"ReadAction","target":["https:\/\/alicedesign4you.de\/shop\/product\/brautpaartisch-hintergrund-oder-traubogen\/"]}]},{"@type":"ImageObject","inLanguage":"de","@id":"https:\/\/alicedesign4you.de\/shop\/product\/brautpaartisch-hintergrund-oder-traubogen\/#primaryimage","url":"https:\/\/alicedesign4you.de\/shop\/wp-content\/uploads\/2022\/05\/IMG_20220422_191445-scaled.jpg","contentUrl":"https:\/\/alicedesign4you.de\/shop\/wp-content\/uploads\/2022\/05\/IMG_20220422_191445-scaled.jpg","width":1920,"height":2560,"caption":"Brautpaartisch Hintergrund"},{"@type":"BreadcrumbList","@id":"https:\/\/alicedesign4you.de\/shop\/product\/brautpaartisch-hintergrund-oder-traubogen\/#breadcrumb","itemListElement":[{"@type":"ListItem","position":1,"name":"Startseite","item":"https:\/\/alicedesign4you.de\/shop\/"},{"@type":"ListItem","position":2,"name":"Shop","item":"https:\/\/alicedesign4you.de\/shop\/shop\/"},{"@type":"ListItem","position":3,"name":"Hintergrund Traubogen Brautpaatisch"}]},{"@type":"WebSite","@id":"https:\/\/alicedesign4you.de\/shop\/#website","url":"https:\/\/alicedesign4you.de\/shop\/","name":"Hochzeitsdeko M\u00fcnchen &amp; Floristik | Alice Design","description":"Individuelle Hochzeitsdeko und traumhafte Floristik f\u00fcr eure Hochzeit &amp; Events in M\u00fcnchen und Umgebung. Kompetente Beratung und Planung mit viel Liebe zum Detail!","potentialAction":[{"@type":"SearchAction","target":{"@type":"EntryPoint","urlTemplate":"https:\/\/alicedesign4you.de\/shop\/?s={search_term_string}"},"query-input":{"@type":"PropertyValueSpecification","valueRequired":true,"valueName":"search_term_string"}}],"inLanguage":"de"}]}},"_links":{"self":[{"href":"https:\/\/alicedesign4you.de\/shop\/wp-json\/wp\/v2\/product\/1858","targetHints":{"allow":["GET"]}}],"collection":[{"href":"https:\/\/alicedesign4you.de\/shop\/wp-json\/wp\/v2\/product"}],"about":[{"href":"https:\/\/alicedesign4you.de\/shop\/wp-json\/wp\/v2\/types\/product"}],"version-history":[{"count":1,"href":"https:\/\/alicedesign4you.de\/shop\/wp-json\/wp\/v2\/product\/1858\/revisions"}],"predecessor-version":[{"id":1861,"href":"https:\/\/alicedesign4you.de\/shop\/wp-json\/wp\/v2\/product\/1858\/revisions\/1861"}],"wp:featuredmedia":[{"embeddable":true,"href":"https:\/\/alicedesign4you.de\/shop\/wp-json\/wp\/v2\/media\/1859"}],"wp:attachment":[{"href":"https:\/\/alicedesign4you.de\/shop\/wp-json\/wp\/v2\/media?parent=1858"}],"wp:term":[{"taxonomy":"product_brand","embeddable":true,"href":"https:\/\/alicedesign4you.de\/shop\/wp-json\/wp\/v2\/product_brand?post=1858"},{"taxonomy":"product_cat","embeddable":true,"href":"https:\/\/alicedesign4you.de\/shop\/wp-json\/wp\/v2\/product_cat?post=1858"},{"taxonomy":"product_tag","embeddable":true,"href":"https:\/\/alicedesign4you.de\/shop\/wp-json\/wp\/v2\/product_tag?post=1858"}],"curies":[{"name":"wp","href":"https:\/\/api.w.org\/{rel}","templated":true}]}}