{"id":1851,"date":"2022-05-10T11:20:44","date_gmt":"2022-05-10T10:20:44","guid":{"rendered":"https:\/\/alicedesign4you.de\/shop\/?post_type=product&#038;p=1851"},"modified":"2024-09-24T11:08:00","modified_gmt":"2024-09-24T10:08:00","slug":"metall-vase-gold","status":"publish","type":"product","link":"https:\/\/alicedesign4you.de\/shop\/product\/metall-vase-gold\/","title":{"rendered":"Metall Vase Gold"},"content":{"rendered":"<p><strong>Metall Vase Gold<\/strong><\/p>\n<p>H\u00f6he: 21 cm<\/p>\n<p>Passt perfekt f\u00fcr eine elegante moderne Hochzeit.<\/p>\n<ul>\n<li>Artikel muss im \u00fcbergebenen Zustand zur\u00fcck gegeben werden. Bei Besch\u00e4digung oder Verlust, ist ein Preis von 20 Euro zu erstatten.<\/li>\n<li>Blumenschmuck und weitere abgebildeten Dekoartikel sind nicht im Mietpreis enthalten.<\/li>\n<li>Die Mietdauer betr\u00e4gt 4 Tage.<\/li>\n<\/ul>\n<p><span data-sheets-formula-bar-text-style=\"font-size:13px;color:#000000;font-weight:normal;text-decoration:none;font-family:'Arial';font-style:normal;text-decoration-skip-ink:none;\"> <h2>R\u00fcckgabebedingungen<\/h2>\r\n<ul>\r\n \t<li>Der Artikel ist in dem Zustand wie zur Waren\u00fcbergabe nach der Mietdauer zur\u00fcck zu geben.<\/li>\r\n \t<li>Bitte \u00fcberpr\u00fcfen Sie unsere Ware umgehend. Alle Reklamationen, die sp\u00e4ter als 24 Stunden nach Erhalt\u00a0eintreffen, werden nicht akzeptiert.<\/li>\r\n \t<li>Bei Brandl\u00f6cher, Risse, Kerzenwachs und anderen Besch\u00e4digungen behalten wir uns das Recht vor dieses in Rechnung zu stellen bzw. den Widerbeschaffungspreis zu berechnen.<\/li>\r\n<\/ul>\r\n<h2>Versandinformationen<\/h2>\r\n<ul>\r\n \t<li>Abholung in M\u00fchldorf am Inn 84453<\/li>\r\n \t<li>Lieferung nach Absprache m\u00f6glich (Anfrage per WhatsApp 015120649803)<\/li>\r\n<\/ul><\/span><\/p>\n<h3>Metall Vase Gold mieten (M\u00fcnchen und Umgebung)<\/h3>\n<p>Die perfekten Blumen f\u00fcr die perfekte Vase!<br \/>\nDie Sch\u00f6nheit der will jeder mit nachhause nehmen und bestaunen. Doch daf\u00fcr braucht man auch die richtige Vase!<br \/>\nAuch in Hochzeiten sorgen Blumen f\u00fcr eine stilvolle Erg\u00e4nzung der Tischdeko. Am besten ist eine goldene Vase, die f\u00fcr Glanz und Eleganz sorgen.<br \/>\nAber ein weiterer guter Punkt ist die Form der Vase. Weil diese extra viel Platz f\u00fcr die Blumen h\u00e4lt, gibt es zahlreiche Variationen und M\u00f6glichkeiten die Pracht anzuordnen. Gut abgestimmte Hochzeitsdekoration und Floristik sorgt f\u00fcr die richtige Stimmung!<\/p>\n<p>Passend dazu: <a href=\"https:\/\/alicedesign4you.de\/shop\/product\/kerzenstaender-3-er-set-gold\/\">Kerzenst\u00e4nder gold mieten. Moderne Dekorationen Raum M\u00fcnchen (alicedesign4you.de)<\/a><\/p>\n<p><a href=\"https:\/\/alicedesign4you.de\/shop\/product\/spiegelplatte-mieten\/\">Spiegelplatte mieten Durchmesser 40cm elegante Hochzeit (alicedesign4you.de)<\/a><\/p>\n","protected":false},"excerpt":{"rendered":"<p>H\u00f6he: 21 cm<\/p>\n<p>Passt perfekt f\u00fcr eine elegante moderne Hochzeit.<\/p>\n<ul>\n<li>Artikel muss im \u00fcbergebenen Zustand zur\u00fcck gegeben werden. Bei Besch\u00e4digung oder Verlust, ist ein Preis von 20 Euro zu erstatten.<\/li>\n<li>Blumenschmuck und weitere abgebildeten Dekoartikel sind nicht im Mietpreis enthalten.<\/li>\n<li>Die Mietdauer betr\u00e4gt 4 Tage.<\/li>\n<\/ul>\n","protected":false},"featured_media":23478,"template":"","meta":{"inline_featured_image":false},"product_brand":[],"product_cat":[28],"product_tag":[],"class_list":{"0":"post-1851","1":"product","2":"type-product","3":"status-publish","4":"has-post-thumbnail","6":"product_cat-glas-und-vasen","8":"first","9":"instock","10":"shipping-taxable","11":"purchasable","12":"product-type-simple"},"yoast_head":"<!-- This site is optimized with the Yoast SEO plugin v25.3.1 - https:\/\/yoast.com\/wordpress\/plugins\/seo\/ -->\n<title>Metall Vase Gold mieten moderne Hochzeit - Hochzeitsdeko M\u00fcnchen<\/title>\n<meta name=\"description\" content=\"Metall Vase Gold mieten. Unterschiedliche Designs. Moderne Hochzeit. Elegante Hochzeit. Dekoration-Verleih Raum M\u00fcnchen.\" \/>\n<meta name=\"robots\" content=\"index, follow, max-snippet:-1, max-image-preview:large, max-video-preview:-1\" \/>\n<link rel=\"canonical\" href=\"https:\/\/alicedesign4you.de\/shop\/product\/metall-vase-gold\/\" \/>\n<meta property=\"og:locale\" content=\"de_DE\" \/>\n<meta property=\"og:type\" content=\"article\" \/>\n<meta property=\"og:title\" content=\"Metall Vase Gold mieten moderne Hochzeit - Hochzeitsdeko M\u00fcnchen\" \/>\n<meta property=\"og:description\" content=\"Metall Vase Gold mieten. Unterschiedliche Designs. Moderne Hochzeit. Elegante Hochzeit. Dekoration-Verleih Raum M\u00fcnchen.\" \/>\n<meta property=\"og:url\" content=\"https:\/\/alicedesign4you.de\/shop\/product\/metall-vase-gold\/\" \/>\n<meta property=\"og:site_name\" content=\"Hochzeitsdeko M\u00fcnchen &amp; Floristik | Alice Design\" \/>\n<meta property=\"article:modified_time\" content=\"2024-09-24T10:08:00+00:00\" \/>\n<meta property=\"og:image\" content=\"https:\/\/alicedesign4you.de\/shop\/wp-content\/uploads\/2022\/05\/Metall-Vase-Gold.png\" \/>\n\t<meta property=\"og:image:width\" content=\"300\" \/>\n\t<meta property=\"og:image:height\" content=\"450\" \/>\n\t<meta property=\"og:image:type\" content=\"image\/png\" \/>\n<meta name=\"twitter:card\" content=\"summary_large_image\" \/>\n<meta name=\"twitter:label1\" content=\"Gesch\u00e4tzte Lesezeit\" \/>\n\t<meta name=\"twitter:data1\" content=\"2\u00a0Minuten\" \/>\n<script type=\"application\/ld+json\" class=\"yoast-schema-graph\">{\"@context\":\"https:\/\/schema.org\",\"@graph\":[{\"@type\":\"WebPage\",\"@id\":\"https:\/\/alicedesign4you.de\/shop\/product\/metall-vase-gold\/\",\"url\":\"https:\/\/alicedesign4you.de\/shop\/product\/metall-vase-gold\/\",\"name\":\"Metall Vase Gold mieten moderne Hochzeit - Hochzeitsdeko M\u00fcnchen\",\"isPartOf\":{\"@id\":\"https:\/\/alicedesign4you.de\/shop\/#website\"},\"primaryImageOfPage\":{\"@id\":\"https:\/\/alicedesign4you.de\/shop\/product\/metall-vase-gold\/#primaryimage\"},\"image\":{\"@id\":\"https:\/\/alicedesign4you.de\/shop\/product\/metall-vase-gold\/#primaryimage\"},\"thumbnailUrl\":\"https:\/\/alicedesign4you.de\/shop\/wp-content\/uploads\/2022\/05\/Metall-Vase-Gold.png\",\"datePublished\":\"2022-05-10T10:20:44+00:00\",\"dateModified\":\"2024-09-24T10:08:00+00:00\",\"description\":\"Metall Vase Gold mieten. Unterschiedliche Designs. Moderne Hochzeit. Elegante Hochzeit. Dekoration-Verleih Raum M\u00fcnchen.\",\"breadcrumb\":{\"@id\":\"https:\/\/alicedesign4you.de\/shop\/product\/metall-vase-gold\/#breadcrumb\"},\"inLanguage\":\"de\",\"potentialAction\":[{\"@type\":\"ReadAction\",\"target\":[\"https:\/\/alicedesign4you.de\/shop\/product\/metall-vase-gold\/\"]}]},{\"@type\":\"ImageObject\",\"inLanguage\":\"de\",\"@id\":\"https:\/\/alicedesign4you.de\/shop\/product\/metall-vase-gold\/#primaryimage\",\"url\":\"https:\/\/alicedesign4you.de\/shop\/wp-content\/uploads\/2022\/05\/Metall-Vase-Gold.png\",\"contentUrl\":\"https:\/\/alicedesign4you.de\/shop\/wp-content\/uploads\/2022\/05\/Metall-Vase-Gold.png\",\"width\":300,\"height\":450,\"caption\":\"Elegante Metall Vase Gold\"},{\"@type\":\"BreadcrumbList\",\"@id\":\"https:\/\/alicedesign4you.de\/shop\/product\/metall-vase-gold\/#breadcrumb\",\"itemListElement\":[{\"@type\":\"ListItem\",\"position\":1,\"name\":\"Startseite\",\"item\":\"https:\/\/alicedesign4you.de\/shop\/\"},{\"@type\":\"ListItem\",\"position\":2,\"name\":\"Shop\",\"item\":\"https:\/\/alicedesign4you.de\/shop\/shop\/\"},{\"@type\":\"ListItem\",\"position\":3,\"name\":\"Metall Vase Gold\"}]},{\"@type\":\"WebSite\",\"@id\":\"https:\/\/alicedesign4you.de\/shop\/#website\",\"url\":\"https:\/\/alicedesign4you.de\/shop\/\",\"name\":\"Hochzeitsdeko M\u00fcnchen &amp; Floristik | Alice Design\",\"description\":\"Individuelle Hochzeitsdeko und traumhafte Floristik f\u00fcr eure Hochzeit &amp; Events in M\u00fcnchen und Umgebung. Kompetente Beratung und Planung mit viel Liebe zum Detail!\",\"potentialAction\":[{\"@type\":\"SearchAction\",\"target\":{\"@type\":\"EntryPoint\",\"urlTemplate\":\"https:\/\/alicedesign4you.de\/shop\/?s={search_term_string}\"},\"query-input\":{\"@type\":\"PropertyValueSpecification\",\"valueRequired\":true,\"valueName\":\"search_term_string\"}}],\"inLanguage\":\"de\"}]}<\/script>\n<!-- \/ Yoast SEO plugin. -->","yoast_head_json":{"title":"Metall Vase Gold mieten moderne Hochzeit - Hochzeitsdeko M\u00fcnchen","description":"Metall Vase Gold mieten. Unterschiedliche Designs. Moderne Hochzeit. Elegante Hochzeit. Dekoration-Verleih Raum M\u00fcnchen.","robots":{"index":"index","follow":"follow","max-snippet":"max-snippet:-1","max-image-preview":"max-image-preview:large","max-video-preview":"max-video-preview:-1"},"canonical":"https:\/\/alicedesign4you.de\/shop\/product\/metall-vase-gold\/","og_locale":"de_DE","og_type":"article","og_title":"Metall Vase Gold mieten moderne Hochzeit - Hochzeitsdeko M\u00fcnchen","og_description":"Metall Vase Gold mieten. Unterschiedliche Designs. Moderne Hochzeit. Elegante Hochzeit. Dekoration-Verleih Raum M\u00fcnchen.","og_url":"https:\/\/alicedesign4you.de\/shop\/product\/metall-vase-gold\/","og_site_name":"Hochzeitsdeko M\u00fcnchen &amp; Floristik | Alice Design","article_modified_time":"2024-09-24T10:08:00+00:00","og_image":[{"width":300,"height":450,"url":"https:\/\/alicedesign4you.de\/shop\/wp-content\/uploads\/2022\/05\/Metall-Vase-Gold.png","type":"image\/png"}],"twitter_card":"summary_large_image","twitter_misc":{"Gesch\u00e4tzte Lesezeit":"2\u00a0Minuten"},"schema":{"@context":"https:\/\/schema.org","@graph":[{"@type":"WebPage","@id":"https:\/\/alicedesign4you.de\/shop\/product\/metall-vase-gold\/","url":"https:\/\/alicedesign4you.de\/shop\/product\/metall-vase-gold\/","name":"Metall Vase Gold mieten moderne Hochzeit - Hochzeitsdeko M\u00fcnchen","isPartOf":{"@id":"https:\/\/alicedesign4you.de\/shop\/#website"},"primaryImageOfPage":{"@id":"https:\/\/alicedesign4you.de\/shop\/product\/metall-vase-gold\/#primaryimage"},"image":{"@id":"https:\/\/alicedesign4you.de\/shop\/product\/metall-vase-gold\/#primaryimage"},"thumbnailUrl":"https:\/\/alicedesign4you.de\/shop\/wp-content\/uploads\/2022\/05\/Metall-Vase-Gold.png","datePublished":"2022-05-10T10:20:44+00:00","dateModified":"2024-09-24T10:08:00+00:00","description":"Metall Vase Gold mieten. Unterschiedliche Designs. Moderne Hochzeit. Elegante Hochzeit. Dekoration-Verleih Raum M\u00fcnchen.","breadcrumb":{"@id":"https:\/\/alicedesign4you.de\/shop\/product\/metall-vase-gold\/#breadcrumb"},"inLanguage":"de","potentialAction":[{"@type":"ReadAction","target":["https:\/\/alicedesign4you.de\/shop\/product\/metall-vase-gold\/"]}]},{"@type":"ImageObject","inLanguage":"de","@id":"https:\/\/alicedesign4you.de\/shop\/product\/metall-vase-gold\/#primaryimage","url":"https:\/\/alicedesign4you.de\/shop\/wp-content\/uploads\/2022\/05\/Metall-Vase-Gold.png","contentUrl":"https:\/\/alicedesign4you.de\/shop\/wp-content\/uploads\/2022\/05\/Metall-Vase-Gold.png","width":300,"height":450,"caption":"Elegante Metall Vase Gold"},{"@type":"BreadcrumbList","@id":"https:\/\/alicedesign4you.de\/shop\/product\/metall-vase-gold\/#breadcrumb","itemListElement":[{"@type":"ListItem","position":1,"name":"Startseite","item":"https:\/\/alicedesign4you.de\/shop\/"},{"@type":"ListItem","position":2,"name":"Shop","item":"https:\/\/alicedesign4you.de\/shop\/shop\/"},{"@type":"ListItem","position":3,"name":"Metall Vase Gold"}]},{"@type":"WebSite","@id":"https:\/\/alicedesign4you.de\/shop\/#website","url":"https:\/\/alicedesign4you.de\/shop\/","name":"Hochzeitsdeko M\u00fcnchen &amp; Floristik | Alice Design","description":"Individuelle Hochzeitsdeko und traumhafte Floristik f\u00fcr eure Hochzeit &amp; Events in M\u00fcnchen und Umgebung. Kompetente Beratung und Planung mit viel Liebe zum Detail!","potentialAction":[{"@type":"SearchAction","target":{"@type":"EntryPoint","urlTemplate":"https:\/\/alicedesign4you.de\/shop\/?s={search_term_string}"},"query-input":{"@type":"PropertyValueSpecification","valueRequired":true,"valueName":"search_term_string"}}],"inLanguage":"de"}]}},"_links":{"self":[{"href":"https:\/\/alicedesign4you.de\/shop\/wp-json\/wp\/v2\/product\/1851","targetHints":{"allow":["GET"]}}],"collection":[{"href":"https:\/\/alicedesign4you.de\/shop\/wp-json\/wp\/v2\/product"}],"about":[{"href":"https:\/\/alicedesign4you.de\/shop\/wp-json\/wp\/v2\/types\/product"}],"version-history":[{"count":2,"href":"https:\/\/alicedesign4you.de\/shop\/wp-json\/wp\/v2\/product\/1851\/revisions"}],"predecessor-version":[{"id":23479,"href":"https:\/\/alicedesign4you.de\/shop\/wp-json\/wp\/v2\/product\/1851\/revisions\/23479"}],"wp:featuredmedia":[{"embeddable":true,"href":"https:\/\/alicedesign4you.de\/shop\/wp-json\/wp\/v2\/media\/23478"}],"wp:attachment":[{"href":"https:\/\/alicedesign4you.de\/shop\/wp-json\/wp\/v2\/media?parent=1851"}],"wp:term":[{"taxonomy":"product_brand","embeddable":true,"href":"https:\/\/alicedesign4you.de\/shop\/wp-json\/wp\/v2\/product_brand?post=1851"},{"taxonomy":"product_cat","embeddable":true,"href":"https:\/\/alicedesign4you.de\/shop\/wp-json\/wp\/v2\/product_cat?post=1851"},{"taxonomy":"product_tag","embeddable":true,"href":"https:\/\/alicedesign4you.de\/shop\/wp-json\/wp\/v2\/product_tag?post=1851"}],"curies":[{"name":"wp","href":"https:\/\/api.w.org\/{rel}","templated":true}]}}