{"id":1812,"date":"2022-03-29T17:36:36","date_gmt":"2022-03-29T16:36:36","guid":{"rendered":"https:\/\/alicedesign4you.de\/shop\/?post_type=product&#038;p=1812"},"modified":"2025-07-28T15:19:02","modified_gmt":"2025-07-28T14:19:02","slug":"traubogen-freie-trauung-geometrisch","status":"publish","type":"product","link":"https:\/\/alicedesign4you.de\/shop\/product\/traubogen-freie-trauung-geometrisch\/","title":{"rendered":"Traubogen freie Trauung oder Brautpaartisch &#8222;Geometrisch&#8220;"},"content":{"rendered":"<h2>Traubogen freie Trauung: als Bogen oder Brautpaartisch Hintergrund<\/h2>\n<p>Traubogen freie Trauung<\/p>\n<p>Breite: 2,5 m<br \/>\nH\u00f6he: 2,5 m<\/p>\n<p>Blumen (Seidenblumen) f\u00fcr den Bogen inklusive<\/p>\n<p>Kristalle inklusive<\/p>\n<p>Stoff (wei\u00df, rosa, blau, flieder, rot oder royal blau) inklusive. Andere Farben nach Anfrage.<\/p>\n<p>&nbsp;<\/p>\n<ul>\n<li>Artikel muss im \u00fcbergebenen Zustand zur\u00fcck gegeben werden. Bei Besch\u00e4digung oder Verlust, ist ein Preis von 300 zu erstatten.<\/li>\n<li>Abgebildeten Dekoartikel und Tisch sind nicht im Mietpreis enthalten.<\/li>\n<li>Die Mietdauer betr\u00e4gt 4 Tage.<\/li>\n<\/ul>\n<p><span data-sheets-formula-bar-text-style=\"font-size:13px;color:#000000;font-weight:normal;text-decoration:none;font-family:'Arial';font-style:normal;text-decoration-skip-ink:none;\"><h2>R\u00fcckgabebedingungen<\/h2>\r\n<ul>\r\n \t<li>Der Artikel ist in dem Zustand wie zur Waren\u00fcbergabe nach der Mietdauer zur\u00fcck zu geben.<\/li>\r\n \t<li>Bitte \u00fcberpr\u00fcfen Sie unsere Ware umgehend. Alle Reklamationen, die sp\u00e4ter als 24 Stunden nach Erhalt\u00a0eintreffen, werden nicht akzeptiert.<\/li>\r\n \t<li>Bei Brandl\u00f6cher, Risse, Kerzenwachs und anderen Besch\u00e4digungen behalten wir uns das Recht vor dieses in Rechnung zu stellen bzw. den Widerbeschaffungspreis zu berechnen.<\/li>\r\n<\/ul>\r\n<h2>Versandinformationen<\/h2>\r\n<ul>\r\n \t<li>Abholung in M\u00fchldorf am Inn 84453<\/li>\r\n \t<li>Lieferung nach Absprache m\u00f6glich (Anfrage per WhatsApp 015120649803)<\/li>\r\n<\/ul><\/span><\/p>\n<p><strong>Kaution 200\u20ac<\/strong><\/p>\n<p>Ein Traubogen wird heutzutage oft bei freie Trauungen verwendet. Es ist wie ein romantischer Hintergrund. Au\u00dferdem ist es ganz beliebt als Hintergrund f\u00fcr den Brautpaartisch.<\/p>\n<p>Wir wissen, wie man ein unvergessliche elegante Dekoration kreiert! Diese wunderschone Dekoration k\u00f6nnen Sie bei uns mieten.<\/p>\n<h3>Traubogen f\u00fcr freie Trauung<\/h3>\n<p>\u00c4hnliche Artikeln: <a href=\"https:\/\/alicedesign4you.de\/shop\/product\/hintergrund-classic-farbe-nach-wahl\/\">Hintergrund &#8222;Classic&#8220; Farbe nach Wahl f\u00fcr Ihre Hochzeit mieten (alicedesign4you.de)<\/a><\/p>\n<p><a href=\"https:\/\/www.instagram.com\/p\/BnBlilOjoLW\/\">Hochzeit Deko M\u00fcnchen &amp; Bayern (@hochzeitsdeko_bayern) \u2022 Instagram-Fotos und -Videos<\/a><\/p>\n<p>&nbsp;<\/p>\n<p>Gold im Trend!<\/p>\n<p>Viele Dekorationen haben ihren eigenen Stil, die oft dank ihrer Farben einen einzigartigen Charakter bekommen.<\/p>\n<p>Da jede Farbe einzigartig ist kann man mit den verschiedensten M\u00f6glichkeiten fabelhafte Deko-Szenarios aufbauen und Gef\u00fchle entwickeln.<\/p>\n<p>So zu Beispiel kann man mit roter Deko Leidenschaft zeigen oder mit gr\u00fcn ein Gef\u00fchl von etwas Natur. Doch trotz all diesen wundervollen Farben ist vor allem Gold bei Hochzeiten sehr beliebt.<\/p>\n<p>Aber warum\u2753<\/p>\n<p>Gold bei Hochzeiten steht f\u00fcr einen lange und gl\u00fcckliche Ehe, was die Gr\u00fcnde daf\u00fcr sind, dass die Hochzeitsringe oftmals aus Gold sind.<\/p>\n<p>In fast allen Kulturen hat Gold eine besondere Bedeutung was es um so besonderer macht, die Hochzeit in Goldt\u00f6nen zu gestalten.<\/p>\n<p>Hier zu gibt es unz\u00e4hlige Wege Gold als Dekoration einzubringen.<br \/>\nBeispiele dazu sind goldene Platzteller, vergoldete Kerzenst\u00e4nder oder Teelichterhalter.<br \/>\nWichtig ist es nicht zu viel vom Guten zu nehmen. Wenn das geschieht ist die L\u00f6sung eine andere Farbe einzubringen.<\/p>\n<p>Ein Beispiel dazu w\u00e4re wei\u00df, da diese sehr gut zu Gold passt und es wie eine traditionelle Hochzeit aussehen l\u00e4sst. Hier k\u00f6nnten beispielsweise die Tischdecken die normalerweise schon wei\u00df sind bleiben, wei\u00dfe St\u00fchle mit einbringen, oder wei\u00dfe Kerzen hinstellen. Um paar Sachen noch einen kleinen zus\u00e4tzlichen Kontrast zu geben, k\u00f6nnte man gr\u00fcne Pflanzen und wei\u00dfe Blumen miteinbauen f\u00fcr ein kleines Gef\u00fchl sch\u00f6ner Natur.<\/p>\n","protected":false},"excerpt":{"rendered":"<h2>Freie Trauung Bogen, Brautpaartisch Hintergrund<\/h2>\n<p>Breite: 2,5 m<br \/>\nH\u00f6he: 2,5 m<\/p>\n<p>Blumen (Seidenblumen) f\u00fcr den Bogen inklusive<\/p>\n<p>Kristalle inklusive<\/p>\n<p>&nbsp;<\/p>\n<p>Stoff (wei\u00df, rosa, blau, flieder, rot oder royal blau) inklusive. Andere Farben nach Anfrage.<\/p>\n<ul>\n<li>Die Mietdauer betr\u00e4gt 4 Tage.<\/li>\n<\/ul>\n","protected":false},"featured_media":1815,"template":"","meta":{"inline_featured_image":false},"product_brand":[],"product_cat":[29,26],"product_tag":[],"class_list":{"0":"post-1812","1":"product","2":"type-product","3":"status-publish","4":"has-post-thumbnail","6":"product_cat-brautpaartisch","7":"product_cat-saaldekoration","9":"first","10":"instock","11":"shipping-taxable","12":"purchasable","13":"product-type-simple"},"yoast_head":"<!-- This site is optimized with the Yoast SEO plugin v25.3.1 - https:\/\/yoast.com\/wordpress\/plugins\/seo\/ -->\n<title>Traubogen freie Trauung oder als Hintergrund f\u00fcr Hochzeit mieten<\/title>\n<meta name=\"description\" content=\"Traubogen f\u00fcr freie Trauung f\u00fcr Ihre Hochzeit. Moderne Designs, verschiedene Aufbaum\u00f6glichkeiten - bei uns bequem mieten (raum M\u00fcnchen)\" \/>\n<meta name=\"robots\" content=\"index, follow, max-snippet:-1, max-image-preview:large, max-video-preview:-1\" \/>\n<link rel=\"canonical\" href=\"https:\/\/alicedesign4you.de\/shop\/product\/traubogen-freie-trauung-geometrisch\/\" \/>\n<meta property=\"og:locale\" content=\"de_DE\" \/>\n<meta property=\"og:type\" content=\"article\" \/>\n<meta property=\"og:title\" content=\"Traubogen freie Trauung oder als Hintergrund f\u00fcr Hochzeit mieten\" \/>\n<meta property=\"og:description\" content=\"Traubogen f\u00fcr freie Trauung f\u00fcr Ihre Hochzeit. Moderne Designs, verschiedene Aufbaum\u00f6glichkeiten - bei uns bequem mieten (raum M\u00fcnchen)\" \/>\n<meta property=\"og:url\" content=\"https:\/\/alicedesign4you.de\/shop\/product\/traubogen-freie-trauung-geometrisch\/\" \/>\n<meta property=\"og:site_name\" content=\"Hochzeitsdeko M\u00fcnchen &amp; Floristik | Alice Design\" \/>\n<meta property=\"article:modified_time\" content=\"2025-07-28T14:19:02+00:00\" \/>\n<meta property=\"og:image\" content=\"https:\/\/alicedesign4you.de\/shop\/wp-content\/uploads\/2022\/03\/Jana-und-Alex_Styled-Shooting_55-scaled.jpg\" \/>\n\t<meta property=\"og:image:width\" content=\"1709\" \/>\n\t<meta property=\"og:image:height\" content=\"2560\" \/>\n\t<meta property=\"og:image:type\" content=\"image\/jpeg\" \/>\n<meta name=\"twitter:card\" content=\"summary_large_image\" \/>\n<meta name=\"twitter:label1\" content=\"Gesch\u00e4tzte Lesezeit\" \/>\n\t<meta name=\"twitter:data1\" content=\"3\u00a0Minuten\" \/>\n<script type=\"application\/ld+json\" class=\"yoast-schema-graph\">{\"@context\":\"https:\/\/schema.org\",\"@graph\":[{\"@type\":[\"WebPage\",\"ItemPage\"],\"@id\":\"https:\/\/alicedesign4you.de\/shop\/product\/traubogen-freie-trauung-geometrisch\/\",\"url\":\"https:\/\/alicedesign4you.de\/shop\/product\/traubogen-freie-trauung-geometrisch\/\",\"name\":\"Traubogen freie Trauung oder als Hintergrund f\u00fcr Hochzeit mieten\",\"isPartOf\":{\"@id\":\"https:\/\/alicedesign4you.de\/shop\/#website\"},\"primaryImageOfPage\":{\"@id\":\"https:\/\/alicedesign4you.de\/shop\/product\/traubogen-freie-trauung-geometrisch\/#primaryimage\"},\"image\":{\"@id\":\"https:\/\/alicedesign4you.de\/shop\/product\/traubogen-freie-trauung-geometrisch\/#primaryimage\"},\"thumbnailUrl\":\"https:\/\/alicedesign4you.de\/shop\/wp-content\/uploads\/2022\/03\/Jana-und-Alex_Styled-Shooting_55-scaled.jpg\",\"datePublished\":\"2022-03-29T16:36:36+00:00\",\"dateModified\":\"2025-07-28T14:19:02+00:00\",\"description\":\"Traubogen f\u00fcr freie Trauung f\u00fcr Ihre Hochzeit. Moderne Designs, verschiedene Aufbaum\u00f6glichkeiten - bei uns bequem mieten (raum M\u00fcnchen)\",\"breadcrumb\":{\"@id\":\"https:\/\/alicedesign4you.de\/shop\/product\/traubogen-freie-trauung-geometrisch\/#breadcrumb\"},\"inLanguage\":\"de\",\"potentialAction\":[{\"@type\":\"ReadAction\",\"target\":[\"https:\/\/alicedesign4you.de\/shop\/product\/traubogen-freie-trauung-geometrisch\/\"]}]},{\"@type\":\"ImageObject\",\"inLanguage\":\"de\",\"@id\":\"https:\/\/alicedesign4you.de\/shop\/product\/traubogen-freie-trauung-geometrisch\/#primaryimage\",\"url\":\"https:\/\/alicedesign4you.de\/shop\/wp-content\/uploads\/2022\/03\/Jana-und-Alex_Styled-Shooting_55-scaled.jpg\",\"contentUrl\":\"https:\/\/alicedesign4you.de\/shop\/wp-content\/uploads\/2022\/03\/Jana-und-Alex_Styled-Shooting_55-scaled.jpg\",\"width\":1709,\"height\":2560,\"caption\":\"Traubogen freie Trauung\"},{\"@type\":\"BreadcrumbList\",\"@id\":\"https:\/\/alicedesign4you.de\/shop\/product\/traubogen-freie-trauung-geometrisch\/#breadcrumb\",\"itemListElement\":[{\"@type\":\"ListItem\",\"position\":1,\"name\":\"Startseite\",\"item\":\"https:\/\/alicedesign4you.de\/shop\/\"},{\"@type\":\"ListItem\",\"position\":2,\"name\":\"Shop\",\"item\":\"https:\/\/alicedesign4you.de\/shop\/shop\/\"},{\"@type\":\"ListItem\",\"position\":3,\"name\":\"Traubogen freie Trauung oder Brautpaartisch &#8222;Geometrisch&#8220;\"}]},{\"@type\":\"WebSite\",\"@id\":\"https:\/\/alicedesign4you.de\/shop\/#website\",\"url\":\"https:\/\/alicedesign4you.de\/shop\/\",\"name\":\"Hochzeitsdeko M\u00fcnchen &amp; Floristik | Alice Design\",\"description\":\"Individuelle Hochzeitsdeko und traumhafte Floristik f\u00fcr eure Hochzeit &amp; Events in M\u00fcnchen und Umgebung. Kompetente Beratung und Planung mit viel Liebe zum Detail!\",\"potentialAction\":[{\"@type\":\"SearchAction\",\"target\":{\"@type\":\"EntryPoint\",\"urlTemplate\":\"https:\/\/alicedesign4you.de\/shop\/?s={search_term_string}\"},\"query-input\":{\"@type\":\"PropertyValueSpecification\",\"valueRequired\":true,\"valueName\":\"search_term_string\"}}],\"inLanguage\":\"de\"}]}<\/script>\n<!-- \/ Yoast SEO plugin. -->","yoast_head_json":{"title":"Traubogen freie Trauung oder als Hintergrund f\u00fcr Hochzeit mieten","description":"Traubogen f\u00fcr freie Trauung f\u00fcr Ihre Hochzeit. Moderne Designs, verschiedene Aufbaum\u00f6glichkeiten - bei uns bequem mieten (raum M\u00fcnchen)","robots":{"index":"index","follow":"follow","max-snippet":"max-snippet:-1","max-image-preview":"max-image-preview:large","max-video-preview":"max-video-preview:-1"},"canonical":"https:\/\/alicedesign4you.de\/shop\/product\/traubogen-freie-trauung-geometrisch\/","og_locale":"de_DE","og_type":"article","og_title":"Traubogen freie Trauung oder als Hintergrund f\u00fcr Hochzeit mieten","og_description":"Traubogen f\u00fcr freie Trauung f\u00fcr Ihre Hochzeit. Moderne Designs, verschiedene Aufbaum\u00f6glichkeiten - bei uns bequem mieten (raum M\u00fcnchen)","og_url":"https:\/\/alicedesign4you.de\/shop\/product\/traubogen-freie-trauung-geometrisch\/","og_site_name":"Hochzeitsdeko M\u00fcnchen &amp; Floristik | Alice Design","article_modified_time":"2025-07-28T14:19:02+00:00","og_image":[{"width":1709,"height":2560,"url":"https:\/\/alicedesign4you.de\/shop\/wp-content\/uploads\/2022\/03\/Jana-und-Alex_Styled-Shooting_55-scaled.jpg","type":"image\/jpeg"}],"twitter_card":"summary_large_image","twitter_misc":{"Gesch\u00e4tzte Lesezeit":"3\u00a0Minuten"},"schema":{"@context":"https:\/\/schema.org","@graph":[{"@type":["WebPage","ItemPage"],"@id":"https:\/\/alicedesign4you.de\/shop\/product\/traubogen-freie-trauung-geometrisch\/","url":"https:\/\/alicedesign4you.de\/shop\/product\/traubogen-freie-trauung-geometrisch\/","name":"Traubogen freie Trauung oder als Hintergrund f\u00fcr Hochzeit mieten","isPartOf":{"@id":"https:\/\/alicedesign4you.de\/shop\/#website"},"primaryImageOfPage":{"@id":"https:\/\/alicedesign4you.de\/shop\/product\/traubogen-freie-trauung-geometrisch\/#primaryimage"},"image":{"@id":"https:\/\/alicedesign4you.de\/shop\/product\/traubogen-freie-trauung-geometrisch\/#primaryimage"},"thumbnailUrl":"https:\/\/alicedesign4you.de\/shop\/wp-content\/uploads\/2022\/03\/Jana-und-Alex_Styled-Shooting_55-scaled.jpg","datePublished":"2022-03-29T16:36:36+00:00","dateModified":"2025-07-28T14:19:02+00:00","description":"Traubogen f\u00fcr freie Trauung f\u00fcr Ihre Hochzeit. Moderne Designs, verschiedene Aufbaum\u00f6glichkeiten - bei uns bequem mieten (raum M\u00fcnchen)","breadcrumb":{"@id":"https:\/\/alicedesign4you.de\/shop\/product\/traubogen-freie-trauung-geometrisch\/#breadcrumb"},"inLanguage":"de","potentialAction":[{"@type":"ReadAction","target":["https:\/\/alicedesign4you.de\/shop\/product\/traubogen-freie-trauung-geometrisch\/"]}]},{"@type":"ImageObject","inLanguage":"de","@id":"https:\/\/alicedesign4you.de\/shop\/product\/traubogen-freie-trauung-geometrisch\/#primaryimage","url":"https:\/\/alicedesign4you.de\/shop\/wp-content\/uploads\/2022\/03\/Jana-und-Alex_Styled-Shooting_55-scaled.jpg","contentUrl":"https:\/\/alicedesign4you.de\/shop\/wp-content\/uploads\/2022\/03\/Jana-und-Alex_Styled-Shooting_55-scaled.jpg","width":1709,"height":2560,"caption":"Traubogen freie Trauung"},{"@type":"BreadcrumbList","@id":"https:\/\/alicedesign4you.de\/shop\/product\/traubogen-freie-trauung-geometrisch\/#breadcrumb","itemListElement":[{"@type":"ListItem","position":1,"name":"Startseite","item":"https:\/\/alicedesign4you.de\/shop\/"},{"@type":"ListItem","position":2,"name":"Shop","item":"https:\/\/alicedesign4you.de\/shop\/shop\/"},{"@type":"ListItem","position":3,"name":"Traubogen freie Trauung oder Brautpaartisch &#8222;Geometrisch&#8220;"}]},{"@type":"WebSite","@id":"https:\/\/alicedesign4you.de\/shop\/#website","url":"https:\/\/alicedesign4you.de\/shop\/","name":"Hochzeitsdeko M\u00fcnchen &amp; Floristik | Alice Design","description":"Individuelle Hochzeitsdeko und traumhafte Floristik f\u00fcr eure Hochzeit &amp; Events in M\u00fcnchen und Umgebung. Kompetente Beratung und Planung mit viel Liebe zum Detail!","potentialAction":[{"@type":"SearchAction","target":{"@type":"EntryPoint","urlTemplate":"https:\/\/alicedesign4you.de\/shop\/?s={search_term_string}"},"query-input":{"@type":"PropertyValueSpecification","valueRequired":true,"valueName":"search_term_string"}}],"inLanguage":"de"}]}},"_links":{"self":[{"href":"https:\/\/alicedesign4you.de\/shop\/wp-json\/wp\/v2\/product\/1812","targetHints":{"allow":["GET"]}}],"collection":[{"href":"https:\/\/alicedesign4you.de\/shop\/wp-json\/wp\/v2\/product"}],"about":[{"href":"https:\/\/alicedesign4you.de\/shop\/wp-json\/wp\/v2\/types\/product"}],"version-history":[{"count":4,"href":"https:\/\/alicedesign4you.de\/shop\/wp-json\/wp\/v2\/product\/1812\/revisions"}],"predecessor-version":[{"id":23703,"href":"https:\/\/alicedesign4you.de\/shop\/wp-json\/wp\/v2\/product\/1812\/revisions\/23703"}],"wp:featuredmedia":[{"embeddable":true,"href":"https:\/\/alicedesign4you.de\/shop\/wp-json\/wp\/v2\/media\/1815"}],"wp:attachment":[{"href":"https:\/\/alicedesign4you.de\/shop\/wp-json\/wp\/v2\/media?parent=1812"}],"wp:term":[{"taxonomy":"product_brand","embeddable":true,"href":"https:\/\/alicedesign4you.de\/shop\/wp-json\/wp\/v2\/product_brand?post=1812"},{"taxonomy":"product_cat","embeddable":true,"href":"https:\/\/alicedesign4you.de\/shop\/wp-json\/wp\/v2\/product_cat?post=1812"},{"taxonomy":"product_tag","embeddable":true,"href":"https:\/\/alicedesign4you.de\/shop\/wp-json\/wp\/v2\/product_tag?post=1812"}],"curies":[{"name":"wp","href":"https:\/\/api.w.org\/{rel}","templated":true}]}}