{"id":1694,"date":"2021-04-24T12:58:48","date_gmt":"2021-04-24T11:58:48","guid":{"rendered":"https:\/\/alicedesign4you.de\/shop\/?post_type=product&#038;p=1694"},"modified":"2024-06-06T21:22:31","modified_gmt":"2024-06-06T20:22:31","slug":"kerzenstaender-3-er-set-gold","status":"publish","type":"product","link":"https:\/\/alicedesign4you.de\/shop\/product\/kerzenstaender-3-er-set-gold\/","title":{"rendered":"Kerzenst\u00e4nder 3-er Set gold"},"content":{"rendered":"<h2>Kerzenst\u00e4nder 3-er Set Gold &#8211; Modernes Design<\/h2>\n<p>Kerzenst\u00e4nder 3-er Set gold<\/p>\n<p>Material: Eisen<\/p>\n<p>Farbe: gold gl\u00e4nzend<\/p>\n<p>Ma\u00dfe: H\u00f6he 23cm, 28cm, 33cm<\/p>\n<ul>\n<li>Artikel muss im \u00fcbergebenen Zustand zur\u00fcck gegeben werden. Bei Besch\u00e4digung oder Verlust, ist ein Preis von 30 Euro zu erstatten.<\/li>\n<li>Blumenschmuck und weitere abgebildeten Dekoartikel sind nicht im Mietpreis enthalten.<\/li>\n<li>Die Mietdauer betr\u00e4gt 4 Tage.<\/li>\n<\/ul>\n<p>&nbsp;<\/p>\n<pre class=\"tw-data-text tw-text-large XcVN5d tw-ta\" dir=\"ltr\" data-placeholder=\"Translation\"><span class=\"Y2IQFc\" lang=\"de\">Um die Atmosph\u00e4re bei einer Hochzeit - drinnen oder drau\u00dfen - warm und romantisch zu halten, reicht es aus, Kerzen in der Dekoration zu verwenden.\r\n\r\nMit gew\u00f6hnlichen Stabkerzen ist es einfach, eine gem\u00fctliche Hochzeitsstimmung zu erzeugen, ohne viel Geld auszugeben. Besonders beeindruckend wirken wei\u00dfe Stabkerzen unterschiedlicher H\u00f6he oder mehrfarbige Kerzen \u2013 dunkelblau, rot, gr\u00fcn und orange. Und Kerzen in Glasleuchtern oder in Vintage-Kandelabern, die durch ihre Sch\u00f6nheit bestechen, verleihen dem Fest einen besonderen Zauber. Au\u00dferdem lassen sich Kerzen gut mit Blumenarrangements kombinieren.\r\n\r\n<\/span><\/pre>\n<pre id=\"tw-target-text\" class=\"tw-data-text tw-text-large XcVN5d tw-ta\" dir=\"ltr\" data-placeholder=\"Translation\"><span class=\"Y2IQFc\" lang=\"de\">In der Kategorie Kerzenst\u00e4nder bieten wir mehrere Optionen f\u00fcr Hochzeitskerzenhalter an: Holz, Glas oder Metall. Kerzenst\u00e4nder schm\u00fccken Ihre Hochzeitstafel exquisit und verhindern, dass Kerzenwachs auf die Tischdecke tropft. Um die Suche nach den Produkten zu vereinfachen, die Sie f\u00fcr die Hochzeit ben\u00f6tigen, \u00f6ffnen Sie die Filter unten und sortieren Sie die Produkte nach den von Ihnen ben\u00f6tigten Eigenschaften. Durch Anklicken der Schaltfl\u00e4che im unten angebotenen Kategoriepfad k\u00f6nnen Sie zum gew\u00fcnschten Bereich zur\u00fcckkehren.<\/span><\/pre>\n<pre id=\"tw-target-text\" class=\"tw-data-text tw-text-large XcVN5d tw-ta\" dir=\"ltr\" data-placeholder=\"Translation\"><span class=\"Y2IQFc\" lang=\"de\">\u00a0<\/span><\/pre>\n<p><span data-sheets-formula-bar-text-style=\"font-size:13px;color:#000000;font-weight:normal;text-decoration:none;font-family:'Arial';font-style:normal;text-decoration-skip-ink:none;\"><h2>R\u00fcckgabebedingungen<\/h2>\r\n<ul>\r\n \t<li>Der Artikel ist in dem Zustand wie zur Waren\u00fcbergabe nach der Mietdauer zur\u00fcck zu geben.<\/li>\r\n \t<li>Bitte \u00fcberpr\u00fcfen Sie unsere Ware umgehend. Alle Reklamationen, die sp\u00e4ter als 24 Stunden nach Erhalt\u00a0eintreffen, werden nicht akzeptiert.<\/li>\r\n \t<li>Bei Brandl\u00f6cher, Risse, Kerzenwachs und anderen Besch\u00e4digungen behalten wir uns das Recht vor dieses in Rechnung zu stellen bzw. den Widerbeschaffungspreis zu berechnen.<\/li>\r\n<\/ul>\r\n<h2>Versandinformationen<\/h2>\r\n<ul>\r\n \t<li>Abholung in M\u00fchldorf am Inn 84453<\/li>\r\n \t<li>Lieferung nach Absprache m\u00f6glich (Anfrage per WhatsApp 015120649803)<\/li>\r\n<\/ul><\/span><\/p>\n<p>Moderne Dekoratonen Raum M\u00fcnchen k\u00f6nnen Sie in unserem Shop mieten.<\/p>\n<p>&nbsp;<\/p>\n<h4>Gold im Trend!<\/h4>\n<p>Viele Dekorationen haben ihren eigenen Stil, die oft dank ihrer Farben einen einzigartigen Charakter bekommen.<\/p>\n<p>Da jede Farbe einzigartig ist kann man mit den verschiedensten M\u00f6glichkeiten fabelhafte Deko-Szenarios aufbauen und Gef\u00fchle entwickeln.<\/p>\n<p>So zu Beispiel kann man mit roter Deko Leidenschaft zeigen oder mit gr\u00fcn ein Gef\u00fchl von etwas Natur. Doch trotz all diesen wundervollen Farben ist vor allem Gold bei Hochzeiten sehr beliebt.<\/p>\n<p>Ratgeber &amp; <a href=\"https:\/\/alicedesign4you.de\/shop\/blog\/\">Blog<\/a><\/p>\n<p><a href=\"https:\/\/www.instagram.com\/hochzeitsdeko_bayern\/\">Hochzeit Deko M\u00fcnchen &amp; Bayern (@hochzeitsdeko_bayern) \u2022 Instagram-Fotos und -Videos<\/a><\/p>\n","protected":false},"excerpt":{"rendered":"<p>Kerzenst\u00e4nder 3-er Set gold<\/p>\n<p>Material: Eisen<\/p>\n<p>Farbe: gold gl\u00e4nzend<\/p>\n<p>Ma\u00dfe: H\u00f6he 23cm, 28cm, 33cm<\/p>\n<ul>\n<li>Artikel muss im \u00fcbergebenen Zustand zur\u00fcck gegeben werden. Bei Besch\u00e4digung oder Verlust, ist ein Preis von 30 Euro zu erstatten.<\/li>\n<li>Blumenschmuck und weitere abgebildeten Dekoartikel sind nicht im Mietpreis enthalten.<\/li>\n<li>Die Mietdauer betr\u00e4gt 4 Tage.<\/li>\n<\/ul>\n","protected":false},"featured_media":23461,"template":"","meta":{"inline_featured_image":false},"product_brand":[],"product_cat":[27],"product_tag":[],"class_list":{"0":"post-1694","1":"product","2":"type-product","3":"status-publish","4":"has-post-thumbnail","6":"product_cat-kerzenstander","8":"first","9":"instock","10":"shipping-taxable","11":"purchasable","12":"product-type-simple"},"yoast_head":"<!-- This site is optimized with the Yoast SEO plugin v25.3.1 - https:\/\/yoast.com\/wordpress\/plugins\/seo\/ -->\n<title>Kerzenst\u00e4nder gold mieten. Moderne Dekorationen Raum M\u00fcnchen<\/title>\n<meta name=\"description\" content=\"kerzenst\u00e4nder gold mieten alternative schlichtes elegantes Design. Dein Verleih-Shop im Raum M\u00fcnchen, finde perfekte Hochzeitsdekoration\" \/>\n<meta name=\"robots\" content=\"index, follow, max-snippet:-1, max-image-preview:large, max-video-preview:-1\" \/>\n<link rel=\"canonical\" href=\"https:\/\/alicedesign4you.de\/shop\/product\/kerzenstaender-3-er-set-gold\/\" \/>\n<meta property=\"og:locale\" content=\"de_DE\" \/>\n<meta property=\"og:type\" content=\"article\" \/>\n<meta property=\"og:title\" content=\"Kerzenst\u00e4nder gold mieten. Moderne Dekorationen Raum M\u00fcnchen\" \/>\n<meta property=\"og:description\" content=\"kerzenst\u00e4nder gold mieten alternative schlichtes elegantes Design. Dein Verleih-Shop im Raum M\u00fcnchen, finde perfekte Hochzeitsdekoration\" \/>\n<meta property=\"og:url\" content=\"https:\/\/alicedesign4you.de\/shop\/product\/kerzenstaender-3-er-set-gold\/\" \/>\n<meta property=\"og:site_name\" content=\"Hochzeitsdeko M\u00fcnchen &amp; Floristik | Alice Design\" \/>\n<meta property=\"article:modified_time\" content=\"2024-06-06T20:22:31+00:00\" \/>\n<meta property=\"og:image\" content=\"https:\/\/alicedesign4you.de\/shop\/wp-content\/uploads\/2021\/04\/Kerzenstaender-3-er-Set-gold.png\" \/>\n\t<meta property=\"og:image:width\" content=\"300\" \/>\n\t<meta property=\"og:image:height\" content=\"450\" \/>\n\t<meta property=\"og:image:type\" content=\"image\/png\" \/>\n<meta name=\"twitter:card\" content=\"summary_large_image\" \/>\n<meta name=\"twitter:label1\" content=\"Gesch\u00e4tzte Lesezeit\" \/>\n\t<meta name=\"twitter:data1\" content=\"2\u00a0Minuten\" \/>\n<script type=\"application\/ld+json\" class=\"yoast-schema-graph\">{\"@context\":\"https:\/\/schema.org\",\"@graph\":[{\"@type\":\"WebPage\",\"@id\":\"https:\/\/alicedesign4you.de\/shop\/product\/kerzenstaender-3-er-set-gold\/\",\"url\":\"https:\/\/alicedesign4you.de\/shop\/product\/kerzenstaender-3-er-set-gold\/\",\"name\":\"Kerzenst\u00e4nder gold mieten. Moderne Dekorationen Raum M\u00fcnchen\",\"isPartOf\":{\"@id\":\"https:\/\/alicedesign4you.de\/shop\/#website\"},\"primaryImageOfPage\":{\"@id\":\"https:\/\/alicedesign4you.de\/shop\/product\/kerzenstaender-3-er-set-gold\/#primaryimage\"},\"image\":{\"@id\":\"https:\/\/alicedesign4you.de\/shop\/product\/kerzenstaender-3-er-set-gold\/#primaryimage\"},\"thumbnailUrl\":\"https:\/\/alicedesign4you.de\/shop\/wp-content\/uploads\/2021\/04\/Kerzenstaender-3-er-Set-gold.png\",\"datePublished\":\"2021-04-24T11:58:48+00:00\",\"dateModified\":\"2024-06-06T20:22:31+00:00\",\"description\":\"kerzenst\u00e4nder gold mieten alternative schlichtes elegantes Design. Dein Verleih-Shop im Raum M\u00fcnchen, finde perfekte Hochzeitsdekoration\",\"breadcrumb\":{\"@id\":\"https:\/\/alicedesign4you.de\/shop\/product\/kerzenstaender-3-er-set-gold\/#breadcrumb\"},\"inLanguage\":\"de\",\"potentialAction\":[{\"@type\":\"ReadAction\",\"target\":[\"https:\/\/alicedesign4you.de\/shop\/product\/kerzenstaender-3-er-set-gold\/\"]}]},{\"@type\":\"ImageObject\",\"inLanguage\":\"de\",\"@id\":\"https:\/\/alicedesign4you.de\/shop\/product\/kerzenstaender-3-er-set-gold\/#primaryimage\",\"url\":\"https:\/\/alicedesign4you.de\/shop\/wp-content\/uploads\/2021\/04\/Kerzenstaender-3-er-Set-gold.png\",\"contentUrl\":\"https:\/\/alicedesign4you.de\/shop\/wp-content\/uploads\/2021\/04\/Kerzenstaender-3-er-Set-gold.png\",\"width\":300,\"height\":450},{\"@type\":\"BreadcrumbList\",\"@id\":\"https:\/\/alicedesign4you.de\/shop\/product\/kerzenstaender-3-er-set-gold\/#breadcrumb\",\"itemListElement\":[{\"@type\":\"ListItem\",\"position\":1,\"name\":\"Startseite\",\"item\":\"https:\/\/alicedesign4you.de\/shop\/\"},{\"@type\":\"ListItem\",\"position\":2,\"name\":\"Shop\",\"item\":\"https:\/\/alicedesign4you.de\/shop\/shop\/\"},{\"@type\":\"ListItem\",\"position\":3,\"name\":\"Kerzenst\u00e4nder 3-er Set gold\"}]},{\"@type\":\"WebSite\",\"@id\":\"https:\/\/alicedesign4you.de\/shop\/#website\",\"url\":\"https:\/\/alicedesign4you.de\/shop\/\",\"name\":\"Hochzeitsdeko M\u00fcnchen &amp; Floristik | Alice Design\",\"description\":\"Individuelle Hochzeitsdeko und traumhafte Floristik f\u00fcr eure Hochzeit &amp; Events in M\u00fcnchen und Umgebung. Kompetente Beratung und Planung mit viel Liebe zum Detail!\",\"potentialAction\":[{\"@type\":\"SearchAction\",\"target\":{\"@type\":\"EntryPoint\",\"urlTemplate\":\"https:\/\/alicedesign4you.de\/shop\/?s={search_term_string}\"},\"query-input\":{\"@type\":\"PropertyValueSpecification\",\"valueRequired\":true,\"valueName\":\"search_term_string\"}}],\"inLanguage\":\"de\"}]}<\/script>\n<!-- \/ Yoast SEO plugin. -->","yoast_head_json":{"title":"Kerzenst\u00e4nder gold mieten. Moderne Dekorationen Raum M\u00fcnchen","description":"kerzenst\u00e4nder gold mieten alternative schlichtes elegantes Design. Dein Verleih-Shop im Raum M\u00fcnchen, finde perfekte Hochzeitsdekoration","robots":{"index":"index","follow":"follow","max-snippet":"max-snippet:-1","max-image-preview":"max-image-preview:large","max-video-preview":"max-video-preview:-1"},"canonical":"https:\/\/alicedesign4you.de\/shop\/product\/kerzenstaender-3-er-set-gold\/","og_locale":"de_DE","og_type":"article","og_title":"Kerzenst\u00e4nder gold mieten. Moderne Dekorationen Raum M\u00fcnchen","og_description":"kerzenst\u00e4nder gold mieten alternative schlichtes elegantes Design. Dein Verleih-Shop im Raum M\u00fcnchen, finde perfekte Hochzeitsdekoration","og_url":"https:\/\/alicedesign4you.de\/shop\/product\/kerzenstaender-3-er-set-gold\/","og_site_name":"Hochzeitsdeko M\u00fcnchen &amp; Floristik | Alice Design","article_modified_time":"2024-06-06T20:22:31+00:00","og_image":[{"width":300,"height":450,"url":"https:\/\/alicedesign4you.de\/shop\/wp-content\/uploads\/2021\/04\/Kerzenstaender-3-er-Set-gold.png","type":"image\/png"}],"twitter_card":"summary_large_image","twitter_misc":{"Gesch\u00e4tzte Lesezeit":"2\u00a0Minuten"},"schema":{"@context":"https:\/\/schema.org","@graph":[{"@type":"WebPage","@id":"https:\/\/alicedesign4you.de\/shop\/product\/kerzenstaender-3-er-set-gold\/","url":"https:\/\/alicedesign4you.de\/shop\/product\/kerzenstaender-3-er-set-gold\/","name":"Kerzenst\u00e4nder gold mieten. Moderne Dekorationen Raum M\u00fcnchen","isPartOf":{"@id":"https:\/\/alicedesign4you.de\/shop\/#website"},"primaryImageOfPage":{"@id":"https:\/\/alicedesign4you.de\/shop\/product\/kerzenstaender-3-er-set-gold\/#primaryimage"},"image":{"@id":"https:\/\/alicedesign4you.de\/shop\/product\/kerzenstaender-3-er-set-gold\/#primaryimage"},"thumbnailUrl":"https:\/\/alicedesign4you.de\/shop\/wp-content\/uploads\/2021\/04\/Kerzenstaender-3-er-Set-gold.png","datePublished":"2021-04-24T11:58:48+00:00","dateModified":"2024-06-06T20:22:31+00:00","description":"kerzenst\u00e4nder gold mieten alternative schlichtes elegantes Design. Dein Verleih-Shop im Raum M\u00fcnchen, finde perfekte Hochzeitsdekoration","breadcrumb":{"@id":"https:\/\/alicedesign4you.de\/shop\/product\/kerzenstaender-3-er-set-gold\/#breadcrumb"},"inLanguage":"de","potentialAction":[{"@type":"ReadAction","target":["https:\/\/alicedesign4you.de\/shop\/product\/kerzenstaender-3-er-set-gold\/"]}]},{"@type":"ImageObject","inLanguage":"de","@id":"https:\/\/alicedesign4you.de\/shop\/product\/kerzenstaender-3-er-set-gold\/#primaryimage","url":"https:\/\/alicedesign4you.de\/shop\/wp-content\/uploads\/2021\/04\/Kerzenstaender-3-er-Set-gold.png","contentUrl":"https:\/\/alicedesign4you.de\/shop\/wp-content\/uploads\/2021\/04\/Kerzenstaender-3-er-Set-gold.png","width":300,"height":450},{"@type":"BreadcrumbList","@id":"https:\/\/alicedesign4you.de\/shop\/product\/kerzenstaender-3-er-set-gold\/#breadcrumb","itemListElement":[{"@type":"ListItem","position":1,"name":"Startseite","item":"https:\/\/alicedesign4you.de\/shop\/"},{"@type":"ListItem","position":2,"name":"Shop","item":"https:\/\/alicedesign4you.de\/shop\/shop\/"},{"@type":"ListItem","position":3,"name":"Kerzenst\u00e4nder 3-er Set gold"}]},{"@type":"WebSite","@id":"https:\/\/alicedesign4you.de\/shop\/#website","url":"https:\/\/alicedesign4you.de\/shop\/","name":"Hochzeitsdeko M\u00fcnchen &amp; Floristik | Alice Design","description":"Individuelle Hochzeitsdeko und traumhafte Floristik f\u00fcr eure Hochzeit &amp; Events in M\u00fcnchen und Umgebung. Kompetente Beratung und Planung mit viel Liebe zum Detail!","potentialAction":[{"@type":"SearchAction","target":{"@type":"EntryPoint","urlTemplate":"https:\/\/alicedesign4you.de\/shop\/?s={search_term_string}"},"query-input":{"@type":"PropertyValueSpecification","valueRequired":true,"valueName":"search_term_string"}}],"inLanguage":"de"}]}},"_links":{"self":[{"href":"https:\/\/alicedesign4you.de\/shop\/wp-json\/wp\/v2\/product\/1694","targetHints":{"allow":["GET"]}}],"collection":[{"href":"https:\/\/alicedesign4you.de\/shop\/wp-json\/wp\/v2\/product"}],"about":[{"href":"https:\/\/alicedesign4you.de\/shop\/wp-json\/wp\/v2\/types\/product"}],"version-history":[{"count":2,"href":"https:\/\/alicedesign4you.de\/shop\/wp-json\/wp\/v2\/product\/1694\/revisions"}],"predecessor-version":[{"id":23460,"href":"https:\/\/alicedesign4you.de\/shop\/wp-json\/wp\/v2\/product\/1694\/revisions\/23460"}],"wp:featuredmedia":[{"embeddable":true,"href":"https:\/\/alicedesign4you.de\/shop\/wp-json\/wp\/v2\/media\/23461"}],"wp:attachment":[{"href":"https:\/\/alicedesign4you.de\/shop\/wp-json\/wp\/v2\/media?parent=1694"}],"wp:term":[{"taxonomy":"product_brand","embeddable":true,"href":"https:\/\/alicedesign4you.de\/shop\/wp-json\/wp\/v2\/product_brand?post=1694"},{"taxonomy":"product_cat","embeddable":true,"href":"https:\/\/alicedesign4you.de\/shop\/wp-json\/wp\/v2\/product_cat?post=1694"},{"taxonomy":"product_tag","embeddable":true,"href":"https:\/\/alicedesign4you.de\/shop\/wp-json\/wp\/v2\/product_tag?post=1694"}],"curies":[{"name":"wp","href":"https:\/\/api.w.org\/{rel}","templated":true}]}}