{"id":413,"date":"2021-02-18T20:40:59","date_gmt":"2021-02-18T20:40:59","guid":{"rendered":"\/?page_id=413"},"modified":"2025-06-26T10:50:30","modified_gmt":"2025-06-26T09:50:30","slug":"portfolio","status":"publish","type":"page","link":"https:\/\/alicedesign4you.de\/shop\/portfolio\/","title":{"rendered":"Portfolio Alice Design"},"content":{"rendered":"\t\t<div data-elementor-type=\"wp-page\" data-elementor-id=\"413\" class=\"elementor elementor-413\">\n\t\t\t\t<div class=\"elementor-element elementor-element-6fef8642 e-flex e-con-boxed e-con e-parent\" data-id=\"6fef8642\" data-element_type=\"container\" data-e-type=\"container\">\n\t\t\t\t\t<div class=\"e-con-inner\">\n\t\t\t\t<div class=\"elementor-element elementor-element-63763cab color-scheme-inherit text-left elementor-widget elementor-widget-text-editor\" data-id=\"63763cab\" data-element_type=\"widget\" data-e-type=\"widget\" data-widget_type=\"text-editor.default\">\n\t\t\t\t<div class=\"elementor-widget-container\">\n\t\t\t\t\t\t\t\t\t\n<p>Eine professionelle Beratung hilft uns organisatorische, technische Korrekturen vorzunehmen, um den sch\u00f6nsten Tag Ihres Lebens am besten zu gestalten. Wir k\u00f6nnen zuh\u00f6ren, verstehen und realisieren. Wir garantieren eine Hilfe und Unterst\u00fctzung w\u00e4hrend der ganzen Zeit. Wir sch\u00e4tzen Ihre Zeit und Budget und werden Ihnen eine optimale L\u00f6sung anbieten! Sehen Sie unsere Portfolio Alice Design an!<\/p>\n\t\t\t\t\t\t\t\t<\/div>\n\t\t\t\t<\/div>\n\t\t\t\t\t<\/div>\n\t\t\t\t<\/div>\n\t\t<div class=\"elementor-element elementor-element-5e6ed82 e-flex e-con-boxed e-con e-parent\" data-id=\"5e6ed82\" data-element_type=\"container\" data-e-type=\"container\">\n\t\t\t\t\t<div class=\"e-con-inner\">\n\t\t\t\t<div class=\"elementor-element elementor-element-5316806 wd-width-100 elementor-widget elementor-widget-wd_images_gallery\" data-id=\"5316806\" data-element_type=\"widget\" data-e-type=\"widget\" data-widget_type=\"wd_images_gallery.default\">\n\t\t\t\t<div class=\"elementor-widget-container\">\n\t\t\t\t\t\t\t<div class=\"wd-images-gallery\" style=\"--wd-align-items:center; --wd-justify-content:center;\">\n\t\t\t\t\t\t<div class=\"wd-grid-g\" style=\"--wd-col-lg:3;--wd-col-md:3;--wd-col-sm:1;--wd-gap-lg:10px;\" >\n\t\t\t\t\t\t\t\t\t\t\t\t\t\t\t\t\t\t<div class=\"wd-gallery-item wd-col\">\n\t\t\t\t\t\t\t\t\t\t\t\t\t<a  href=\"https:\/\/alicedesign4you.de\/shop\/portfolio\/skizze\"data-width=\"350\" data-height=\"350\" data-index=\"0\" data-elementor-open-lightbox=\"no\">\n\t\t\t\t\t\t\n\t\t\t\t\t\t<img decoding=\"async\" src=\"https:\/\/alicedesign4you.de\/shop\/wp-content\/uploads\/2021\/02\/skizzen.11339c85e10bebe29f4cacdd71a6728f-350-300x300.jpg\"alt=\"Skizzen und Entw\u00fcrfe\">\n\t\t\t\t\t\t\t\t\t\t\t\t\t<\/a>\n\t\t\t\t\t\t\t\t\t\t\t<\/div>\n\t\t\t\t\t\t\t\t\t\t\t\t\t\t\t<div class=\"wd-gallery-item wd-col\">\n\t\t\t\t\t\t\t\t\t\t\t\t\t<a  href=\"https:\/\/alicedesign4you.de\/shop\/gallerie\"data-width=\"350\" data-height=\"350\" data-index=\"1\" data-elementor-open-lightbox=\"no\">\n\t\t\t\t\t\t\n\t\t\t\t\t\t<img decoding=\"async\" src=\"https:\/\/alicedesign4you.de\/shop\/wp-content\/uploads\/2021\/02\/freietrauung.d0fe6fe39802d60924ef52fe1d7b0f70-350-5-300x300.jpg\"alt=\"freie Trauung\">\n\t\t\t\t\t\t\t\t\t\t\t\t\t<\/a>\n\t\t\t\t\t\t\t\t\t\t\t<\/div>\n\t\t\t\t\t\t\t\t\t\t\t\t\t\t\t<div class=\"wd-gallery-item wd-col\">\n\t\t\t\t\t\t\t\t\t\t\t\t\t<a  href=\"https:\/\/alicedesign4you.de\/shop\/gallerie\"data-width=\"350\" data-height=\"350\" data-index=\"2\" data-elementor-open-lightbox=\"no\">\n\t\t\t\t\t\t\n\t\t\t\t\t\t<img decoding=\"async\" src=\"https:\/\/alicedesign4you.de\/shop\/wp-content\/uploads\/2021\/02\/brautpaartisch.c56ca31bebe416aa316ac9cd1a78590e-350-1-300x300.jpg\"alt=\"Tischdeko Hochzeit M\u00fcnchen\">\n\t\t\t\t\t\t\t\t\t\t\t\t\t<\/a>\n\t\t\t\t\t\t\t\t\t\t\t<\/div>\n\t\t\t\t\t\t\t\t\t\t\t\t\t\t\t<div class=\"wd-gallery-item wd-col\">\n\t\t\t\t\t\t\t\t\t\t\t\t\t<a  href=\"https:\/\/alicedesign4you.de\/shop\/gallerie\"data-width=\"350\" data-height=\"350\" data-index=\"3\" data-elementor-open-lightbox=\"no\">\n\t\t\t\t\t\t\n\t\t\t\t\t\t<img decoding=\"async\" src=\"https:\/\/alicedesign4you.de\/shop\/wp-content\/uploads\/2021\/02\/papeterie.886ef1965dc2f16698b7386fe3830054-350-300x300.jpg\"alt=\"Papeterie\">\n\t\t\t\t\t\t\t\t\t\t\t\t\t<\/a>\n\t\t\t\t\t\t\t\t\t\t\t<\/div>\n\t\t\t\t\t\t\t\t\t\t\t\t\t\t\t<div class=\"wd-gallery-item wd-col\">\n\t\t\t\t\t\t\t\t\t\t\t\t\t<a  href=\"https:\/\/alicedesign4you.de\/shop\/gallerie\"data-width=\"350\" data-height=\"350\" data-index=\"4\" data-elementor-open-lightbox=\"no\">\n\t\t\t\t\t\t\n\t\t\t\t\t\t<img decoding=\"async\" src=\"https:\/\/alicedesign4you.de\/shop\/wp-content\/uploads\/2021\/02\/floristik.f36e504b6e20c01c1cbe415847b268c4-350-300x300.jpg\"alt=\"Hochzeitsflorist Florist M\u00fcnchen\">\n\t\t\t\t\t\t\t\t\t\t\t\t\t<\/a>\n\t\t\t\t\t\t\t\t\t\t\t<\/div>\n\t\t\t\t\t\t\t\t\t\t\t\t\t<\/div>\n\t\t\t\t\t<\/div>\n\t\t\t\t\t\t<\/div>\n\t\t\t\t<\/div>\n\t\t\t\t\t<\/div>\n\t\t\t\t<\/div>\n\t\t\t\t<\/div>\n\t\t","protected":false},"excerpt":{"rendered":"<p>Eine professionelle Beratung hilft uns organisatorische, technische Korrekturen vorzunehmen, um den sch\u00f6nsten Tag Ihres Lebens am besten zu gestalten. Wir<\/p>\n","protected":false},"author":1,"featured_media":0,"parent":0,"menu_order":0,"comment_status":"closed","ping_status":"closed","template":"","meta":{"inline_featured_image":false,"footnotes":""},"class_list":["post-413","page","type-page","status-publish","hentry"],"yoast_head":"<!-- This site is optimized with the Yoast SEO plugin v25.3.1 - https:\/\/yoast.com\/wordpress\/plugins\/seo\/ -->\n<title>Portfolio Alice Design - Hochzeitsdeko M\u00fcnchen &amp; Floristik | Alice Design<\/title>\n<meta name=\"description\" content=\"Professionelle Beratung hilft organisatorische, technische Korrekturen vorzunehmen, um den sch\u00f6nsten Tag Ihres Lebens am besten zu gestalten\" \/>\n<meta name=\"robots\" content=\"index, follow, max-snippet:-1, max-image-preview:large, max-video-preview:-1\" \/>\n<link rel=\"canonical\" href=\"https:\/\/alicedesign4you.de\/shop\/portfolio\/\" \/>\n<meta property=\"og:locale\" content=\"de_DE\" \/>\n<meta property=\"og:type\" content=\"article\" \/>\n<meta property=\"og:title\" content=\"Portfolio Alice Design - Hochzeitsdeko M\u00fcnchen &amp; Floristik | Alice Design\" \/>\n<meta property=\"og:description\" content=\"Professionelle Beratung hilft organisatorische, technische Korrekturen vorzunehmen, um den sch\u00f6nsten Tag Ihres Lebens am besten zu gestalten\" \/>\n<meta property=\"og:url\" content=\"https:\/\/alicedesign4you.de\/shop\/portfolio\/\" \/>\n<meta property=\"og:site_name\" content=\"Hochzeitsdeko M\u00fcnchen &amp; Floristik | Alice Design\" \/>\n<meta property=\"article:modified_time\" content=\"2025-06-26T09:50:30+00:00\" \/>\n<meta property=\"og:image\" content=\"https:\/\/alicedesign4you.de\/shop\/wp-content\/uploads\/2021\/02\/skizzen.11339c85e10bebe29f4cacdd71a6728f-350-300x300.jpg\" \/>\n<meta name=\"twitter:card\" content=\"summary_large_image\" \/>\n<meta name=\"twitter:label1\" content=\"Gesch\u00e4tzte Lesezeit\" \/>\n\t<meta name=\"twitter:data1\" content=\"2\u00a0Minuten\" \/>\n<script type=\"application\/ld+json\" class=\"yoast-schema-graph\">{\"@context\":\"https:\/\/schema.org\",\"@graph\":[{\"@type\":\"WebPage\",\"@id\":\"https:\/\/alicedesign4you.de\/shop\/portfolio\/\",\"url\":\"https:\/\/alicedesign4you.de\/shop\/portfolio\/\",\"name\":\"Portfolio Alice Design - Hochzeitsdeko M\u00fcnchen &amp; Floristik | Alice Design\",\"isPartOf\":{\"@id\":\"https:\/\/alicedesign4you.de\/shop\/#website\"},\"primaryImageOfPage\":{\"@id\":\"https:\/\/alicedesign4you.de\/shop\/portfolio\/#primaryimage\"},\"image\":{\"@id\":\"https:\/\/alicedesign4you.de\/shop\/portfolio\/#primaryimage\"},\"thumbnailUrl\":\"https:\/\/alicedesign4you.de\/shop\/wp-content\/uploads\/2021\/02\/skizzen.11339c85e10bebe29f4cacdd71a6728f-350-300x300.jpg\",\"datePublished\":\"2021-02-18T20:40:59+00:00\",\"dateModified\":\"2025-06-26T09:50:30+00:00\",\"description\":\"Professionelle Beratung hilft organisatorische, technische Korrekturen vorzunehmen, um den sch\u00f6nsten Tag Ihres Lebens am besten zu gestalten\",\"breadcrumb\":{\"@id\":\"https:\/\/alicedesign4you.de\/shop\/portfolio\/#breadcrumb\"},\"inLanguage\":\"de\",\"potentialAction\":[{\"@type\":\"ReadAction\",\"target\":[\"https:\/\/alicedesign4you.de\/shop\/portfolio\/\"]}]},{\"@type\":\"ImageObject\",\"inLanguage\":\"de\",\"@id\":\"https:\/\/alicedesign4you.de\/shop\/portfolio\/#primaryimage\",\"url\":\"https:\/\/alicedesign4you.de\/shop\/wp-content\/uploads\/2021\/02\/skizzen.11339c85e10bebe29f4cacdd71a6728f-350.jpg\",\"contentUrl\":\"https:\/\/alicedesign4you.de\/shop\/wp-content\/uploads\/2021\/02\/skizzen.11339c85e10bebe29f4cacdd71a6728f-350.jpg\",\"width\":350,\"height\":350,\"caption\":\"Skizzen und Entw\u00fcrfe\"},{\"@type\":\"BreadcrumbList\",\"@id\":\"https:\/\/alicedesign4you.de\/shop\/portfolio\/#breadcrumb\",\"itemListElement\":[{\"@type\":\"ListItem\",\"position\":1,\"name\":\"Startseite\",\"item\":\"https:\/\/alicedesign4you.de\/shop\/\"},{\"@type\":\"ListItem\",\"position\":2,\"name\":\"Portfolio Alice Design\"}]},{\"@type\":\"WebSite\",\"@id\":\"https:\/\/alicedesign4you.de\/shop\/#website\",\"url\":\"https:\/\/alicedesign4you.de\/shop\/\",\"name\":\"Hochzeitsdeko M\u00fcnchen &amp; Floristik | Alice Design\",\"description\":\"Individuelle Hochzeitsdeko und traumhafte Floristik f\u00fcr eure Hochzeit &amp; Events in M\u00fcnchen und Umgebung. Kompetente Beratung und Planung mit viel Liebe zum Detail!\",\"potentialAction\":[{\"@type\":\"SearchAction\",\"target\":{\"@type\":\"EntryPoint\",\"urlTemplate\":\"https:\/\/alicedesign4you.de\/shop\/?s={search_term_string}\"},\"query-input\":{\"@type\":\"PropertyValueSpecification\",\"valueRequired\":true,\"valueName\":\"search_term_string\"}}],\"inLanguage\":\"de\"}]}<\/script>\n<!-- \/ Yoast SEO plugin. -->","yoast_head_json":{"title":"Portfolio Alice Design - Hochzeitsdeko M\u00fcnchen &amp; Floristik | Alice Design","description":"Professionelle Beratung hilft organisatorische, technische Korrekturen vorzunehmen, um den sch\u00f6nsten Tag Ihres Lebens am besten zu gestalten","robots":{"index":"index","follow":"follow","max-snippet":"max-snippet:-1","max-image-preview":"max-image-preview:large","max-video-preview":"max-video-preview:-1"},"canonical":"https:\/\/alicedesign4you.de\/shop\/portfolio\/","og_locale":"de_DE","og_type":"article","og_title":"Portfolio Alice Design - Hochzeitsdeko M\u00fcnchen &amp; Floristik | Alice Design","og_description":"Professionelle Beratung hilft organisatorische, technische Korrekturen vorzunehmen, um den sch\u00f6nsten Tag Ihres Lebens am besten zu gestalten","og_url":"https:\/\/alicedesign4you.de\/shop\/portfolio\/","og_site_name":"Hochzeitsdeko M\u00fcnchen &amp; Floristik | Alice Design","article_modified_time":"2025-06-26T09:50:30+00:00","og_image":[{"url":"https:\/\/alicedesign4you.de\/shop\/wp-content\/uploads\/2021\/02\/skizzen.11339c85e10bebe29f4cacdd71a6728f-350-300x300.jpg","type":"","width":"","height":""}],"twitter_card":"summary_large_image","twitter_misc":{"Gesch\u00e4tzte Lesezeit":"2\u00a0Minuten"},"schema":{"@context":"https:\/\/schema.org","@graph":[{"@type":"WebPage","@id":"https:\/\/alicedesign4you.de\/shop\/portfolio\/","url":"https:\/\/alicedesign4you.de\/shop\/portfolio\/","name":"Portfolio Alice Design - Hochzeitsdeko M\u00fcnchen &amp; Floristik | Alice Design","isPartOf":{"@id":"https:\/\/alicedesign4you.de\/shop\/#website"},"primaryImageOfPage":{"@id":"https:\/\/alicedesign4you.de\/shop\/portfolio\/#primaryimage"},"image":{"@id":"https:\/\/alicedesign4you.de\/shop\/portfolio\/#primaryimage"},"thumbnailUrl":"https:\/\/alicedesign4you.de\/shop\/wp-content\/uploads\/2021\/02\/skizzen.11339c85e10bebe29f4cacdd71a6728f-350-300x300.jpg","datePublished":"2021-02-18T20:40:59+00:00","dateModified":"2025-06-26T09:50:30+00:00","description":"Professionelle Beratung hilft organisatorische, technische Korrekturen vorzunehmen, um den sch\u00f6nsten Tag Ihres Lebens am besten zu gestalten","breadcrumb":{"@id":"https:\/\/alicedesign4you.de\/shop\/portfolio\/#breadcrumb"},"inLanguage":"de","potentialAction":[{"@type":"ReadAction","target":["https:\/\/alicedesign4you.de\/shop\/portfolio\/"]}]},{"@type":"ImageObject","inLanguage":"de","@id":"https:\/\/alicedesign4you.de\/shop\/portfolio\/#primaryimage","url":"https:\/\/alicedesign4you.de\/shop\/wp-content\/uploads\/2021\/02\/skizzen.11339c85e10bebe29f4cacdd71a6728f-350.jpg","contentUrl":"https:\/\/alicedesign4you.de\/shop\/wp-content\/uploads\/2021\/02\/skizzen.11339c85e10bebe29f4cacdd71a6728f-350.jpg","width":350,"height":350,"caption":"Skizzen und Entw\u00fcrfe"},{"@type":"BreadcrumbList","@id":"https:\/\/alicedesign4you.de\/shop\/portfolio\/#breadcrumb","itemListElement":[{"@type":"ListItem","position":1,"name":"Startseite","item":"https:\/\/alicedesign4you.de\/shop\/"},{"@type":"ListItem","position":2,"name":"Portfolio Alice Design"}]},{"@type":"WebSite","@id":"https:\/\/alicedesign4you.de\/shop\/#website","url":"https:\/\/alicedesign4you.de\/shop\/","name":"Hochzeitsdeko M\u00fcnchen &amp; Floristik | Alice Design","description":"Individuelle Hochzeitsdeko und traumhafte Floristik f\u00fcr eure Hochzeit &amp; Events in M\u00fcnchen und Umgebung. Kompetente Beratung und Planung mit viel Liebe zum Detail!","potentialAction":[{"@type":"SearchAction","target":{"@type":"EntryPoint","urlTemplate":"https:\/\/alicedesign4you.de\/shop\/?s={search_term_string}"},"query-input":{"@type":"PropertyValueSpecification","valueRequired":true,"valueName":"search_term_string"}}],"inLanguage":"de"}]}},"_links":{"self":[{"href":"https:\/\/alicedesign4you.de\/shop\/wp-json\/wp\/v2\/pages\/413","targetHints":{"allow":["GET"]}}],"collection":[{"href":"https:\/\/alicedesign4you.de\/shop\/wp-json\/wp\/v2\/pages"}],"about":[{"href":"https:\/\/alicedesign4you.de\/shop\/wp-json\/wp\/v2\/types\/page"}],"author":[{"embeddable":true,"href":"https:\/\/alicedesign4you.de\/shop\/wp-json\/wp\/v2\/users\/1"}],"replies":[{"embeddable":true,"href":"https:\/\/alicedesign4you.de\/shop\/wp-json\/wp\/v2\/comments?post=413"}],"version-history":[{"count":26,"href":"https:\/\/alicedesign4you.de\/shop\/wp-json\/wp\/v2\/pages\/413\/revisions"}],"predecessor-version":[{"id":23629,"href":"https:\/\/alicedesign4you.de\/shop\/wp-json\/wp\/v2\/pages\/413\/revisions\/23629"}],"wp:attachment":[{"href":"https:\/\/alicedesign4you.de\/shop\/wp-json\/wp\/v2\/media?parent=413"}],"curies":[{"name":"wp","href":"https:\/\/api.w.org\/{rel}","templated":true}]}}