{"id":182,"date":"2021-02-18T13:27:00","date_gmt":"2021-02-18T13:27:00","guid":{"rendered":"\/my-account\/"},"modified":"2021-02-18T13:51:37","modified_gmt":"2021-02-18T13:51:37","slug":"my-account","status":"publish","type":"page","link":"https:\/\/alicedesign4you.de\/shop\/my-account\/","title":{"rendered":"Mein Konto"},"content":{"rendered":"<div class=\"woocommerce\"><\/div>\n","protected":false},"excerpt":{"rendered":"","protected":false},"author":1,"featured_media":0,"parent":0,"menu_order":0,"comment_status":"closed","ping_status":"closed","template":"","meta":{"inline_featured_image":false,"footnotes":""},"class_list":["post-182","page","type-page","status-publish","hentry"],"yoast_head":"<!-- This site is optimized with the Yoast SEO plugin v25.3.1 - https:\/\/yoast.com\/wordpress\/plugins\/seo\/ -->\n<title>Mein Konto - Hochzeitsdeko M\u00fcnchen &amp; Floristik | Alice Design<\/title>\n<meta name=\"robots\" content=\"index, follow, max-snippet:-1, max-image-preview:large, max-video-preview:-1\" \/>\n<link rel=\"canonical\" href=\"https:\/\/alicedesign4you.de\/shop\/my-account\/\" \/>\n<meta property=\"og:locale\" content=\"de_DE\" \/>\n<meta property=\"og:type\" content=\"article\" \/>\n<meta property=\"og:title\" content=\"Mein Konto - Hochzeitsdeko M\u00fcnchen &amp; Floristik | Alice Design\" \/>\n<meta property=\"og:url\" content=\"https:\/\/alicedesign4you.de\/shop\/my-account\/\" \/>\n<meta property=\"og:site_name\" content=\"Hochzeitsdeko M\u00fcnchen &amp; Floristik | Alice Design\" \/>\n<meta property=\"article:modified_time\" content=\"2021-02-18T13:51:37+00:00\" \/>\n<meta name=\"twitter:card\" content=\"summary_large_image\" \/>\n<meta name=\"twitter:label1\" content=\"Gesch\u00e4tzte Lesezeit\" \/>\n\t<meta name=\"twitter:data1\" content=\"1\u00a0Minute\" \/>\n<script type=\"application\/ld+json\" class=\"yoast-schema-graph\">{\"@context\":\"https:\/\/schema.org\",\"@graph\":[{\"@type\":\"WebPage\",\"@id\":\"https:\/\/alicedesign4you.de\/shop\/my-account\/\",\"url\":\"https:\/\/alicedesign4you.de\/shop\/my-account\/\",\"name\":\"Mein Konto - Hochzeitsdeko M\u00fcnchen &amp; Floristik | Alice Design\",\"isPartOf\":{\"@id\":\"https:\/\/alicedesign4you.de\/shop\/#website\"},\"datePublished\":\"2021-02-18T13:27:00+00:00\",\"dateModified\":\"2021-02-18T13:51:37+00:00\",\"breadcrumb\":{\"@id\":\"https:\/\/alicedesign4you.de\/shop\/my-account\/#breadcrumb\"},\"inLanguage\":\"de\",\"potentialAction\":[{\"@type\":\"ReadAction\",\"target\":[\"https:\/\/alicedesign4you.de\/shop\/my-account\/\"]}]},{\"@type\":\"BreadcrumbList\",\"@id\":\"https:\/\/alicedesign4you.de\/shop\/my-account\/#breadcrumb\",\"itemListElement\":[{\"@type\":\"ListItem\",\"position\":1,\"name\":\"Startseite\",\"item\":\"https:\/\/alicedesign4you.de\/shop\/\"},{\"@type\":\"ListItem\",\"position\":2,\"name\":\"Mein Konto\"}]},{\"@type\":\"WebSite\",\"@id\":\"https:\/\/alicedesign4you.de\/shop\/#website\",\"url\":\"https:\/\/alicedesign4you.de\/shop\/\",\"name\":\"Hochzeitsdeko M\u00fcnchen &amp; Floristik | Alice Design\",\"description\":\"Individuelle Hochzeitsdeko und traumhafte Floristik f\u00fcr eure Hochzeit &amp; Events in M\u00fcnchen und Umgebung. Kompetente Beratung und Planung mit viel Liebe zum Detail!\",\"potentialAction\":[{\"@type\":\"SearchAction\",\"target\":{\"@type\":\"EntryPoint\",\"urlTemplate\":\"https:\/\/alicedesign4you.de\/shop\/?s={search_term_string}\"},\"query-input\":{\"@type\":\"PropertyValueSpecification\",\"valueRequired\":true,\"valueName\":\"search_term_string\"}}],\"inLanguage\":\"de\"}]}<\/script>\n<!-- \/ Yoast SEO plugin. -->","yoast_head_json":{"title":"Mein Konto - Hochzeitsdeko M\u00fcnchen &amp; Floristik | Alice Design","robots":{"index":"index","follow":"follow","max-snippet":"max-snippet:-1","max-image-preview":"max-image-preview:large","max-video-preview":"max-video-preview:-1"},"canonical":"https:\/\/alicedesign4you.de\/shop\/my-account\/","og_locale":"de_DE","og_type":"article","og_title":"Mein Konto - Hochzeitsdeko M\u00fcnchen &amp; Floristik | Alice Design","og_url":"https:\/\/alicedesign4you.de\/shop\/my-account\/","og_site_name":"Hochzeitsdeko M\u00fcnchen &amp; Floristik | Alice Design","article_modified_time":"2021-02-18T13:51:37+00:00","twitter_card":"summary_large_image","twitter_misc":{"Gesch\u00e4tzte Lesezeit":"1\u00a0Minute"},"schema":{"@context":"https:\/\/schema.org","@graph":[{"@type":"WebPage","@id":"https:\/\/alicedesign4you.de\/shop\/my-account\/","url":"https:\/\/alicedesign4you.de\/shop\/my-account\/","name":"Mein Konto - Hochzeitsdeko M\u00fcnchen &amp; Floristik | Alice Design","isPartOf":{"@id":"https:\/\/alicedesign4you.de\/shop\/#website"},"datePublished":"2021-02-18T13:27:00+00:00","dateModified":"2021-02-18T13:51:37+00:00","breadcrumb":{"@id":"https:\/\/alicedesign4you.de\/shop\/my-account\/#breadcrumb"},"inLanguage":"de","potentialAction":[{"@type":"ReadAction","target":["https:\/\/alicedesign4you.de\/shop\/my-account\/"]}]},{"@type":"BreadcrumbList","@id":"https:\/\/alicedesign4you.de\/shop\/my-account\/#breadcrumb","itemListElement":[{"@type":"ListItem","position":1,"name":"Startseite","item":"https:\/\/alicedesign4you.de\/shop\/"},{"@type":"ListItem","position":2,"name":"Mein Konto"}]},{"@type":"WebSite","@id":"https:\/\/alicedesign4you.de\/shop\/#website","url":"https:\/\/alicedesign4you.de\/shop\/","name":"Hochzeitsdeko M\u00fcnchen &amp; Floristik | Alice Design","description":"Individuelle Hochzeitsdeko und traumhafte Floristik f\u00fcr eure Hochzeit &amp; Events in M\u00fcnchen und Umgebung. Kompetente Beratung und Planung mit viel Liebe zum Detail!","potentialAction":[{"@type":"SearchAction","target":{"@type":"EntryPoint","urlTemplate":"https:\/\/alicedesign4you.de\/shop\/?s={search_term_string}"},"query-input":{"@type":"PropertyValueSpecification","valueRequired":true,"valueName":"search_term_string"}}],"inLanguage":"de"}]}},"_links":{"self":[{"href":"https:\/\/alicedesign4you.de\/shop\/wp-json\/wp\/v2\/pages\/182","targetHints":{"allow":["GET"]}}],"collection":[{"href":"https:\/\/alicedesign4you.de\/shop\/wp-json\/wp\/v2\/pages"}],"about":[{"href":"https:\/\/alicedesign4you.de\/shop\/wp-json\/wp\/v2\/types\/page"}],"author":[{"embeddable":true,"href":"https:\/\/alicedesign4you.de\/shop\/wp-json\/wp\/v2\/users\/1"}],"replies":[{"embeddable":true,"href":"https:\/\/alicedesign4you.de\/shop\/wp-json\/wp\/v2\/comments?post=182"}],"version-history":[{"count":0,"href":"https:\/\/alicedesign4you.de\/shop\/wp-json\/wp\/v2\/pages\/182\/revisions"}],"wp:attachment":[{"href":"https:\/\/alicedesign4you.de\/shop\/wp-json\/wp\/v2\/media?parent=182"}],"curies":[{"name":"wp","href":"https:\/\/api.w.org\/{rel}","templated":true}]}}